{"id":12714,"date":"2025-09-04T15:17:54","date_gmt":"2025-09-04T13:17:54","guid":{"rendered":"https:\/\/netsystem.fr\/operations\/"},"modified":"2025-09-16T15:09:57","modified_gmt":"2025-09-16T13:09:57","slug":"operations","status":"publish","type":"page","link":"https:\/\/netsystem.fr\/en\/operations\/","title":{"rendered":"Operations"},"content":{"rendered":"\t\t<div data-elementor-type=\"wp-page\" data-elementor-id=\"12714\" class=\"elementor elementor-12714 elementor-11576\" data-elementor-post-type=\"page\">\n\t\t\t\t<div data-dce-background-color=\"#000000\" data-dce-background-overlay-color=\"#000000\" data-dce-background-image-url=\"https:\/\/netsystem.fr\/wp-content\/uploads\/2023\/12\/030-conformite-rgpd-de-limportance-de-former-et-sensibiliser-vos-collaborateurs.jpg\" class=\"elementor-element elementor-element-0465375 e-flex e-con-boxed e-con e-parent\" data-id=\"0465375\" data-element_type=\"container\" data-e-type=\"container\" data-settings=\"{&quot;background_background&quot;:&quot;classic&quot;}\">\n\t\t\t\t\t<div class=\"e-con-inner\">\n\t\t<div class=\"elementor-element elementor-element-33828ee e-con-full e-flex e-con e-child\" data-id=\"33828ee\" data-element_type=\"container\" data-e-type=\"container\">\n\t\t\t\t<div class=\"elementor-element elementor-element-4b007ea elementor-widget__width-initial elementor-widget elementor-widget-heading\" data-id=\"4b007ea\" data-element_type=\"widget\" data-e-type=\"widget\" data-widget_type=\"heading.default\">\n\t\t\t\t<div class=\"elementor-widget-container\">\n\t\t\t\t\t<h1 class=\"elementor-heading-title elementor-size-default\">OPERATIONS<\/h1>\t\t\t\t<\/div>\n\t\t\t\t<\/div>\n\t\t\t\t<div class=\"elementor-element elementor-element-0e35466 elementor-widget__width-initial elementor-widget elementor-widget-heading\" data-id=\"0e35466\" data-element_type=\"widget\" data-e-type=\"widget\" data-widget_type=\"heading.default\">\n\t\t\t\t<div class=\"elementor-widget-container\">\n\t\t\t\t\t<h2 class=\"elementor-heading-title elementor-size-default\">Manage your transformations by combining proximity, expertise, and continuity.<\/h2>\t\t\t\t<\/div>\n\t\t\t\t<\/div>\n\t\t\t\t<div class=\"elementor-element elementor-element-27ddd84 elementor-widget elementor-widget-text-editor\" data-id=\"27ddd84\" data-element_type=\"widget\" data-e-type=\"widget\" data-widget_type=\"text-editor.default\">\n\t\t\t\t<div class=\"elementor-widget-container\">\n\t\t\t\t\t\t\t\t\t<p>Through our \u201cas a service\u201d offerings (CISO, DPO, and Operating Partner), we provide you with long-term strategic and operational support that is tailored to your needs and paced to match your challenges.<\/p>\n\t\t\t\t\t\t\t\t<\/div>\n\t\t\t\t<\/div>\n\t\t\t\t<\/div>\n\t\t\t\t\t<\/div>\n\t\t\t\t<\/div>\n\t\t<div data-dce-background-color=\"#1B1D27\" class=\"elementor-element elementor-element-ffe8318 e-flex e-con-boxed e-con e-parent\" data-id=\"ffe8318\" data-element_type=\"container\" data-e-type=\"container\" data-settings=\"{&quot;background_background&quot;:&quot;gradient&quot;}\">\n\t\t\t\t\t<div class=\"e-con-inner\">\n\t\t<div class=\"elementor-element elementor-element-948c787 e-con-full e-flex e-con e-child\" data-id=\"948c787\" data-element_type=\"container\" data-e-type=\"container\">\n\t\t\t\t<div class=\"elementor-element elementor-element-551023a elementor-widget elementor-widget-heading\" data-id=\"551023a\" data-element_type=\"widget\" data-e-type=\"widget\" data-widget_type=\"heading.default\">\n\t\t\t\t<div class=\"elementor-widget-container\">\n\t\t\t\t\t<h2 class=\"elementor-heading-title elementor-size-default\">Our<br>Offers<\/h2>\t\t\t\t<\/div>\n\t\t\t\t<\/div>\n\t\t\t\t<\/div>\n\t\t<div class=\"elementor-element elementor-element-8de64f8 e-con-full e-flex e-con e-child\" data-id=\"8de64f8\" data-element_type=\"container\" data-e-type=\"container\">\n\t\t<div class=\"elementor-element elementor-element-eee62a7 e-con-full e-flex e-con e-child\" data-id=\"eee62a7\" data-element_type=\"container\" data-e-type=\"container\" data-settings=\"{&quot;background_background&quot;:&quot;classic&quot;}\">\n\t\t\t\t<div class=\"elementor-element elementor-element-0f6595e elementor-widget elementor-widget-heading\" data-id=\"0f6595e\" data-element_type=\"widget\" data-e-type=\"widget\" data-widget_type=\"heading.default\">\n\t\t\t\t<div class=\"elementor-widget-container\">\n\t\t\t\t\t<h3 class=\"elementor-heading-title elementor-size-default\">CISO as a service<\/h3>\t\t\t\t<\/div>\n\t\t\t\t<\/div>\n\t\t\t\t<div class=\"elementor-element elementor-element-e5fb6d3 elementor-widget elementor-widget-heading\" data-id=\"e5fb6d3\" data-element_type=\"widget\" data-e-type=\"widget\" data-widget_type=\"heading.default\">\n\t\t\t\t<div class=\"elementor-widget-container\">\n\t\t\t\t\t<h4 class=\"elementor-heading-title elementor-size-default\">Our cyber experts steer your strategy, ensure compliance and manage incidents on a daily basis.<\/h4>\t\t\t\t<\/div>\n\t\t\t\t<\/div>\n\t\t\t\t<div class=\"elementor-element elementor-element-c098e9c elementor-widget elementor-widget-text-editor\" data-id=\"c098e9c\" data-element_type=\"widget\" data-e-type=\"widget\" data-widget_type=\"text-editor.default\">\n\t\t\t\t<div class=\"elementor-widget-container\">\n\t\t\t\t\t\t\t\t\t<p>Adopt robust cybersecurity governance with an experienced, flexible, and immediately operational external CISO.<\/p>\n\t\t\t\t\t\t\t\t<\/div>\n\t\t\t\t<\/div>\n\t\t<div class=\"elementor-element elementor-element-dec8832 e-con-full e-flex e-con e-child\" data-id=\"dec8832\" data-element_type=\"container\" data-e-type=\"container\">\n\t\t\t\t<div class=\"elementor-element elementor-element-588946a elementor-align-center elementor-widget elementor-widget-button\" data-id=\"588946a\" data-element_type=\"widget\" data-e-type=\"widget\" data-widget_type=\"button.default\">\n\t\t\t\t<div class=\"elementor-widget-container\">\n\t\t\t\t\t\t\t\t\t<div class=\"elementor-button-wrapper\">\n\t\t\t\t\t<a class=\"elementor-button elementor-button-link elementor-size-sm\" href=\"https:\/\/netsystem.fr\/en\/outsourced-ciso\/\">\n\t\t\t\t\t\t<span class=\"elementor-button-content-wrapper\">\n\t\t\t\t\t\t\t\t\t<span class=\"elementor-button-text\">LEARN MORE<\/span>\n\t\t\t\t\t<\/span>\n\t\t\t\t\t<\/a>\n\t\t\t\t<\/div>\n\t\t\t\t\t\t\t\t<\/div>\n\t\t\t\t<\/div>\n\t\t\t\t<\/div>\n\t\t\t\t<\/div>\n\t\t<div class=\"elementor-element elementor-element-4cf3ab1 e-con-full e-flex e-con e-child\" data-id=\"4cf3ab1\" data-element_type=\"container\" data-e-type=\"container\" data-settings=\"{&quot;background_background&quot;:&quot;classic&quot;}\">\n\t\t\t\t<div class=\"elementor-element elementor-element-a23f034 elementor-widget elementor-widget-heading\" data-id=\"a23f034\" data-element_type=\"widget\" data-e-type=\"widget\" data-widget_type=\"heading.default\">\n\t\t\t\t<div class=\"elementor-widget-container\">\n\t\t\t\t\t<h3 class=\"elementor-heading-title elementor-size-default\">DPO as a service<\/h3>\t\t\t\t<\/div>\n\t\t\t\t<\/div>\n\t\t\t\t<div class=\"elementor-element elementor-element-8fb1a6c elementor-widget elementor-widget-heading\" data-id=\"8fb1a6c\" data-element_type=\"widget\" data-e-type=\"widget\" data-widget_type=\"heading.default\">\n\t\t\t\t<div class=\"elementor-widget-container\">\n\t\t\t\t\t<h4 class=\"elementor-heading-title elementor-size-default\">Simplify your GDPR compliance with expert support<\/h4>\t\t\t\t<\/div>\n\t\t\t\t<\/div>\n\t\t\t\t<div class=\"elementor-element elementor-element-39b9f82 elementor-widget elementor-widget-text-editor\" data-id=\"39b9f82\" data-element_type=\"widget\" data-e-type=\"widget\" data-widget_type=\"text-editor.default\">\n\t\t\t\t<div class=\"elementor-widget-container\">\n\t\t\t\t\t\t\t\t\t<p>Comprehensive management of the DPO role and step-by-step compliance.<\/p>\n\t\t\t\t\t\t\t\t<\/div>\n\t\t\t\t<\/div>\n\t\t<div class=\"elementor-element elementor-element-91f4704 e-con-full e-flex e-con e-child\" data-id=\"91f4704\" data-element_type=\"container\" data-e-type=\"container\">\n\t\t\t\t<div class=\"elementor-element elementor-element-74cbcd5 elementor-align-center elementor-widget elementor-widget-button\" data-id=\"74cbcd5\" data-element_type=\"widget\" data-e-type=\"widget\" data-widget_type=\"button.default\">\n\t\t\t\t<div class=\"elementor-widget-container\">\n\t\t\t\t\t\t\t\t\t<div class=\"elementor-button-wrapper\">\n\t\t\t\t\t<a class=\"elementor-button elementor-button-link elementor-size-sm\" href=\"https:\/\/netsystem.fr\/en\/outsourced-dpo\/\">\n\t\t\t\t\t\t<span class=\"elementor-button-content-wrapper\">\n\t\t\t\t\t\t\t\t\t<span class=\"elementor-button-text\">LEARN MORE<\/span>\n\t\t\t\t\t<\/span>\n\t\t\t\t\t<\/a>\n\t\t\t\t<\/div>\n\t\t\t\t\t\t\t\t<\/div>\n\t\t\t\t<\/div>\n\t\t\t\t<\/div>\n\t\t\t\t<\/div>\n\t\t\t\t<\/div>\n\t\t<div class=\"elementor-element elementor-element-142b4d1 e-con-full e-flex e-con e-child\" data-id=\"142b4d1\" data-element_type=\"container\" data-e-type=\"container\">\n\t\t<div class=\"elementor-element elementor-element-d53bca7 e-con-full e-flex e-con e-child\" data-id=\"d53bca7\" data-element_type=\"container\" data-e-type=\"container\" data-settings=\"{&quot;background_background&quot;:&quot;classic&quot;}\">\n\t\t\t\t<div class=\"elementor-element elementor-element-d4047a2 elementor-widget elementor-widget-heading\" data-id=\"d4047a2\" data-element_type=\"widget\" data-e-type=\"widget\" data-widget_type=\"heading.default\">\n\t\t\t\t<div class=\"elementor-widget-container\">\n\t\t\t\t\t<h3 class=\"elementor-heading-title elementor-size-default\">Operating Partner as a service<\/h3>\t\t\t\t<\/div>\n\t\t\t\t<\/div>\n\t\t\t\t<div class=\"elementor-element elementor-element-772fb8e elementor-widget elementor-widget-heading\" data-id=\"772fb8e\" data-element_type=\"widget\" data-e-type=\"widget\" data-widget_type=\"heading.default\">\n\t\t\t\t<div class=\"elementor-widget-container\">\n\t\t\t\t\t<h4 class=\"elementor-heading-title elementor-size-default\">IT as a strategic lever for your investments<\/h4>\t\t\t\t<\/div>\n\t\t\t\t<\/div>\n\t\t\t\t<div class=\"elementor-element elementor-element-b8a5a23 elementor-widget elementor-widget-text-editor\" data-id=\"b8a5a23\" data-element_type=\"widget\" data-e-type=\"widget\" data-widget_type=\"text-editor.default\">\n\t\t\t\t<div class=\"elementor-widget-container\">\n\t\t\t\t\t\t\t\t\t<p>As an outsourced Operating Partner, we support you in creating value by aligning, securing, and optimizing the information systems of your subsidiaries.<\/p>\n\t\t\t\t\t\t\t\t<\/div>\n\t\t\t\t<\/div>\n\t\t<div class=\"elementor-element elementor-element-c2bafc1 e-con-full e-flex e-con e-child\" data-id=\"c2bafc1\" data-element_type=\"container\" data-e-type=\"container\">\n\t\t\t\t<div class=\"elementor-element elementor-element-576c485 elementor-align-center elementor-widget elementor-widget-button\" data-id=\"576c485\" data-element_type=\"widget\" data-e-type=\"widget\" data-widget_type=\"button.default\">\n\t\t\t\t<div class=\"elementor-widget-container\">\n\t\t\t\t\t\t\t\t\t<div class=\"elementor-button-wrapper\">\n\t\t\t\t\t<a class=\"elementor-button elementor-button-link elementor-size-sm\" href=\"https:\/\/netsystem.fr\/en\/outsourced-ciso-2\/\">\n\t\t\t\t\t\t<span class=\"elementor-button-content-wrapper\">\n\t\t\t\t\t\t\t\t\t<span class=\"elementor-button-text\">LEARN MORE<\/span>\n\t\t\t\t\t<\/span>\n\t\t\t\t\t<\/a>\n\t\t\t\t<\/div>\n\t\t\t\t\t\t\t\t<\/div>\n\t\t\t\t<\/div>\n\t\t\t\t<\/div>\n\t\t\t\t<\/div>\n\t\t<div class=\"elementor-element elementor-element-ba6d725 e-con-full e-flex e-con e-child\" data-id=\"ba6d725\" data-element_type=\"container\" data-e-type=\"container\" data-settings=\"{&quot;background_background&quot;:&quot;classic&quot;}\">\n\t\t\t\t<\/div>\n\t\t\t\t<\/div>\n\t\t\t\t\t<\/div>\n\t\t\t\t<\/div>\n\t\t\t\t<\/div>\n\t\t","protected":false},"excerpt":{"rendered":"<p>OPERATIONS Manage your transformations by combining proximity, expertise, and continuity. Through our \u201cas a service\u201d offerings (CISO, DPO, and Operating Partner), we provide you with long-term strategic and operational support that is tailored to your needs and paced to match your challenges. OurOffers CISO as a service Our cyber experts steer your strategy, ensure compliance [&hellip;]<\/p>\n","protected":false},"author":3,"featured_media":50,"parent":0,"menu_order":0,"comment_status":"closed","ping_status":"closed","template":"","meta":{"_acf_changed":false,"_monsterinsights_skip_tracking":false,"_monsterinsights_sitenote_active":false,"_monsterinsights_sitenote_note":"","_monsterinsights_sitenote_category":0,"footnotes":""},"class_list":["post-12714","page","type-page","status-publish","has-post-thumbnail","hentry"],"acf":[],"yoast_head":"<!-- This site is optimized with the Yoast SEO plugin v27.3 - https:\/\/yoast.com\/product\/yoast-seo-wordpress\/ -->\n<title>\u201cAs a service\u201d offerings (CISO, DPO, and Operating Partner) | Firm<\/title>\n<meta name=\"description\" content=\"With our \u201cas a service\u201d offerings (CISO, DPO, and Operating Partner), we provide long-term strategic and operational support.\" \/>\n<meta name=\"robots\" content=\"index, follow, max-snippet:-1, max-image-preview:large, max-video-preview:-1\" \/>\n<link rel=\"canonical\" href=\"https:\/\/netsystem.fr\/en\/operations\/\" \/>\n<meta property=\"og:locale\" content=\"en_US\" \/>\n<meta property=\"og:type\" content=\"article\" \/>\n<meta property=\"og:title\" content=\"\u201cAs a service\u201d offerings (CISO, DPO, and Operating Partner) | Firm\" \/>\n<meta property=\"og:description\" content=\"With our \u201cas a service\u201d offerings (CISO, DPO, and Operating Partner), we provide long-term strategic and operational support.\" \/>\n<meta property=\"og:url\" content=\"https:\/\/netsystem.fr\/en\/operations\/\" \/>\n<meta property=\"og:site_name\" content=\"Netsystem\" \/>\n<meta property=\"article:modified_time\" content=\"2025-09-16T13:09:57+00:00\" \/>\n<meta property=\"og:image\" content=\"https:\/\/netsystem.fr\/wp-content\/uploads\/2023\/12\/home.jpg\" \/>\n\t<meta property=\"og:image:width\" content=\"690\" \/>\n\t<meta property=\"og:image:height\" content=\"653\" \/>\n\t<meta property=\"og:image:type\" content=\"image\/jpeg\" \/>\n<meta name=\"twitter:card\" content=\"summary_large_image\" \/>\n<meta name=\"twitter:label1\" content=\"Est. reading time\" \/>\n\t<meta name=\"twitter:data1\" content=\"1 minute\" \/>\n<script type=\"application\/ld+json\" class=\"yoast-schema-graph\">{\"@context\":\"https:\\\/\\\/schema.org\",\"@graph\":[{\"@type\":\"WebPage\",\"@id\":\"https:\\\/\\\/netsystem.fr\\\/en\\\/operations\\\/\",\"url\":\"https:\\\/\\\/netsystem.fr\\\/en\\\/operations\\\/\",\"name\":\"\u201cAs a service\u201d offerings (CISO, DPO, and Operating Partner) | Firm\",\"isPartOf\":{\"@id\":\"https:\\\/\\\/netsystem.fr\\\/en\\\/#website\"},\"primaryImageOfPage\":{\"@id\":\"https:\\\/\\\/netsystem.fr\\\/en\\\/operations\\\/#primaryimage\"},\"image\":{\"@id\":\"https:\\\/\\\/netsystem.fr\\\/en\\\/operations\\\/#primaryimage\"},\"thumbnailUrl\":\"https:\\\/\\\/netsystem.fr\\\/wp-content\\\/uploads\\\/2023\\\/12\\\/home.jpg\",\"datePublished\":\"2025-09-04T13:17:54+00:00\",\"dateModified\":\"2025-09-16T13:09:57+00:00\",\"description\":\"With our \u201cas a service\u201d offerings (CISO, DPO, and Operating Partner), we provide long-term strategic and operational support.\",\"breadcrumb\":{\"@id\":\"https:\\\/\\\/netsystem.fr\\\/en\\\/operations\\\/#breadcrumb\"},\"inLanguage\":\"en-US\",\"potentialAction\":[{\"@type\":\"ReadAction\",\"target\":[\"https:\\\/\\\/netsystem.fr\\\/en\\\/operations\\\/\"]}]},{\"@type\":\"ImageObject\",\"inLanguage\":\"en-US\",\"@id\":\"https:\\\/\\\/netsystem.fr\\\/en\\\/operations\\\/#primaryimage\",\"url\":\"https:\\\/\\\/netsystem.fr\\\/wp-content\\\/uploads\\\/2023\\\/12\\\/home.jpg\",\"contentUrl\":\"https:\\\/\\\/netsystem.fr\\\/wp-content\\\/uploads\\\/2023\\\/12\\\/home.jpg\",\"width\":690,\"height\":653},{\"@type\":\"BreadcrumbList\",\"@id\":\"https:\\\/\\\/netsystem.fr\\\/en\\\/operations\\\/#breadcrumb\",\"itemListElement\":[{\"@type\":\"ListItem\",\"position\":1,\"name\":\"Home\",\"item\":\"https:\\\/\\\/netsystem.fr\\\/en\\\/\"},{\"@type\":\"ListItem\",\"position\":2,\"name\":\"Operations\"}]},{\"@type\":\"WebSite\",\"@id\":\"https:\\\/\\\/netsystem.fr\\\/en\\\/#website\",\"url\":\"https:\\\/\\\/netsystem.fr\\\/en\\\/\",\"name\":\"Netsystem\",\"description\":\"Soci\u00e9t\u00e9 de conseil en Syst\u00e8mes d\u2019Informations et en transformation digitale.\",\"publisher\":{\"@id\":\"https:\\\/\\\/netsystem.fr\\\/en\\\/#organization\"},\"potentialAction\":[{\"@type\":\"SearchAction\",\"target\":{\"@type\":\"EntryPoint\",\"urlTemplate\":\"https:\\\/\\\/netsystem.fr\\\/en\\\/?s={search_term_string}\"},\"query-input\":{\"@type\":\"PropertyValueSpecification\",\"valueRequired\":true,\"valueName\":\"search_term_string\"}}],\"inLanguage\":\"en-US\"},{\"@type\":\"Organization\",\"@id\":\"https:\\\/\\\/netsystem.fr\\\/en\\\/#organization\",\"name\":\"Netsystem\",\"url\":\"https:\\\/\\\/netsystem.fr\\\/en\\\/\",\"logo\":{\"@type\":\"ImageObject\",\"inLanguage\":\"en-US\",\"@id\":\"https:\\\/\\\/netsystem.fr\\\/en\\\/#\\\/schema\\\/logo\\\/image\\\/\",\"url\":\"https:\\\/\\\/netsystem.fr\\\/wp-content\\\/uploads\\\/2023\\\/11\\\/netsystem-logo-v3.png\",\"contentUrl\":\"https:\\\/\\\/netsystem.fr\\\/wp-content\\\/uploads\\\/2023\\\/11\\\/netsystem-logo-v3.png\",\"width\":600,\"height\":186,\"caption\":\"Netsystem\"},\"image\":{\"@id\":\"https:\\\/\\\/netsystem.fr\\\/en\\\/#\\\/schema\\\/logo\\\/image\\\/\"}}]}<\/script>\n<!-- \/ Yoast SEO plugin. -->","yoast_head_json":{"title":"\u201cAs a service\u201d offerings (CISO, DPO, and Operating Partner) | Firm","description":"With our \u201cas a service\u201d offerings (CISO, DPO, and Operating Partner), we provide long-term strategic and operational support.","robots":{"index":"index","follow":"follow","max-snippet":"max-snippet:-1","max-image-preview":"max-image-preview:large","max-video-preview":"max-video-preview:-1"},"canonical":"https:\/\/netsystem.fr\/en\/operations\/","og_locale":"en_US","og_type":"article","og_title":"\u201cAs a service\u201d offerings (CISO, DPO, and Operating Partner) | Firm","og_description":"With our \u201cas a service\u201d offerings (CISO, DPO, and Operating Partner), we provide long-term strategic and operational support.","og_url":"https:\/\/netsystem.fr\/en\/operations\/","og_site_name":"Netsystem","article_modified_time":"2025-09-16T13:09:57+00:00","og_image":[{"width":690,"height":653,"url":"https:\/\/netsystem.fr\/wp-content\/uploads\/2023\/12\/home.jpg","type":"image\/jpeg"}],"twitter_card":"summary_large_image","twitter_misc":{"Est. reading time":"1 minute"},"schema":{"@context":"https:\/\/schema.org","@graph":[{"@type":"WebPage","@id":"https:\/\/netsystem.fr\/en\/operations\/","url":"https:\/\/netsystem.fr\/en\/operations\/","name":"\u201cAs a service\u201d offerings (CISO, DPO, and Operating Partner) | Firm","isPartOf":{"@id":"https:\/\/netsystem.fr\/en\/#website"},"primaryImageOfPage":{"@id":"https:\/\/netsystem.fr\/en\/operations\/#primaryimage"},"image":{"@id":"https:\/\/netsystem.fr\/en\/operations\/#primaryimage"},"thumbnailUrl":"https:\/\/netsystem.fr\/wp-content\/uploads\/2023\/12\/home.jpg","datePublished":"2025-09-04T13:17:54+00:00","dateModified":"2025-09-16T13:09:57+00:00","description":"With our \u201cas a service\u201d offerings (CISO, DPO, and Operating Partner), we provide long-term strategic and operational support.","breadcrumb":{"@id":"https:\/\/netsystem.fr\/en\/operations\/#breadcrumb"},"inLanguage":"en-US","potentialAction":[{"@type":"ReadAction","target":["https:\/\/netsystem.fr\/en\/operations\/"]}]},{"@type":"ImageObject","inLanguage":"en-US","@id":"https:\/\/netsystem.fr\/en\/operations\/#primaryimage","url":"https:\/\/netsystem.fr\/wp-content\/uploads\/2023\/12\/home.jpg","contentUrl":"https:\/\/netsystem.fr\/wp-content\/uploads\/2023\/12\/home.jpg","width":690,"height":653},{"@type":"BreadcrumbList","@id":"https:\/\/netsystem.fr\/en\/operations\/#breadcrumb","itemListElement":[{"@type":"ListItem","position":1,"name":"Home","item":"https:\/\/netsystem.fr\/en\/"},{"@type":"ListItem","position":2,"name":"Operations"}]},{"@type":"WebSite","@id":"https:\/\/netsystem.fr\/en\/#website","url":"https:\/\/netsystem.fr\/en\/","name":"Netsystem","description":"Soci\u00e9t\u00e9 de conseil en Syst\u00e8mes d\u2019Informations et en transformation digitale.","publisher":{"@id":"https:\/\/netsystem.fr\/en\/#organization"},"potentialAction":[{"@type":"SearchAction","target":{"@type":"EntryPoint","urlTemplate":"https:\/\/netsystem.fr\/en\/?s={search_term_string}"},"query-input":{"@type":"PropertyValueSpecification","valueRequired":true,"valueName":"search_term_string"}}],"inLanguage":"en-US"},{"@type":"Organization","@id":"https:\/\/netsystem.fr\/en\/#organization","name":"Netsystem","url":"https:\/\/netsystem.fr\/en\/","logo":{"@type":"ImageObject","inLanguage":"en-US","@id":"https:\/\/netsystem.fr\/en\/#\/schema\/logo\/image\/","url":"https:\/\/netsystem.fr\/wp-content\/uploads\/2023\/11\/netsystem-logo-v3.png","contentUrl":"https:\/\/netsystem.fr\/wp-content\/uploads\/2023\/11\/netsystem-logo-v3.png","width":600,"height":186,"caption":"Netsystem"},"image":{"@id":"https:\/\/netsystem.fr\/en\/#\/schema\/logo\/image\/"}}]}},"_links":{"self":[{"href":"https:\/\/netsystem.fr\/en\/wp-json\/wp\/v2\/pages\/12714","targetHints":{"allow":["GET"]}}],"collection":[{"href":"https:\/\/netsystem.fr\/en\/wp-json\/wp\/v2\/pages"}],"about":[{"href":"https:\/\/netsystem.fr\/en\/wp-json\/wp\/v2\/types\/page"}],"author":[{"embeddable":true,"href":"https:\/\/netsystem.fr\/en\/wp-json\/wp\/v2\/users\/3"}],"replies":[{"embeddable":true,"href":"https:\/\/netsystem.fr\/en\/wp-json\/wp\/v2\/comments?post=12714"}],"version-history":[{"count":2,"href":"https:\/\/netsystem.fr\/en\/wp-json\/wp\/v2\/pages\/12714\/revisions"}],"predecessor-version":[{"id":12721,"href":"https:\/\/netsystem.fr\/en\/wp-json\/wp\/v2\/pages\/12714\/revisions\/12721"}],"wp:featuredmedia":[{"embeddable":true,"href":"https:\/\/netsystem.fr\/en\/wp-json\/wp\/v2\/media\/50"}],"wp:attachment":[{"href":"https:\/\/netsystem.fr\/en\/wp-json\/wp\/v2\/media?parent=12714"}],"curies":[{"name":"wp","href":"https:\/\/api.w.org\/{rel}","templated":true}]}}