{"id":547,"date":"2019-09-10T08:30:35","date_gmt":"2019-09-10T06:30:35","guid":{"rendered":"https:\/\/netsystem.fr\/our-history\/"},"modified":"2024-08-28T10:54:57","modified_gmt":"2024-08-28T08:54:57","slug":"our-history","status":"publish","type":"page","link":"https:\/\/netsystem.fr\/en\/our-history\/","title":{"rendered":"Our history"},"content":{"rendered":"\t\t<div data-elementor-type=\"wp-page\" data-elementor-id=\"547\" class=\"elementor elementor-547 elementor-139\" data-elementor-post-type=\"page\">\n\t\t\t\t<div data-dce-background-color=\"#000000\" data-dce-background-overlay-color=\"#16293699\" data-dce-background-overlay-image-url=\"https:\/\/netsystem.fr\/wp-content\/uploads\/2023\/12\/bg-notre-histoire.jpg\" class=\"elementor-element elementor-element-5400b27 e-flex e-con-boxed e-con e-parent\" data-id=\"5400b27\" data-element_type=\"container\" data-e-type=\"container\" data-settings=\"{&quot;background_background&quot;:&quot;classic&quot;}\">\n\t\t\t\t\t<div class=\"e-con-inner\">\n\t\t\t\t<div class=\"elementor-element elementor-element-566a40f3 elementor-widget__width-initial elementor-widget elementor-widget-heading\" data-id=\"566a40f3\" data-element_type=\"widget\" data-e-type=\"widget\" data-widget_type=\"heading.default\">\n\t\t\t\t<div class=\"elementor-widget-container\">\n\t\t\t\t\t<h1 class=\"elementor-heading-title elementor-size-default\">Our history<br><\/h1>\t\t\t\t<\/div>\n\t\t\t\t<\/div>\n\t\t\t\t\t<\/div>\n\t\t\t\t<\/div>\n\t\t<div class=\"elementor-element elementor-element-c6b12fc e-flex e-con-boxed e-con e-parent\" data-id=\"c6b12fc\" data-element_type=\"container\" data-e-type=\"container\">\n\t\t\t\t\t<div class=\"e-con-inner\">\n\t\t\t\t<div class=\"elementor-element elementor-element-51b23ed6 elementor-widget elementor-widget-breadcrumbs\" data-id=\"51b23ed6\" data-element_type=\"widget\" data-e-type=\"widget\" data-widget_type=\"breadcrumbs.default\">\n\t\t\t\t<div class=\"elementor-widget-container\">\n\t\t\t\t\t<p id=\"breadcrumbs\"><span><span><a href=\"https:\/\/netsystem.fr\/en\/\">Home<\/a><\/span><\/span><\/p>\t\t\t\t<\/div>\n\t\t\t\t<\/div>\n\t\t\t\t\t<\/div>\n\t\t\t\t<\/div>\n\t\t<div class=\"elementor-element elementor-element-4be4344 e-flex e-con-boxed e-con e-parent\" data-id=\"4be4344\" data-element_type=\"container\" data-e-type=\"container\">\n\t\t\t\t\t<div class=\"e-con-inner\">\n\t\t\t\t<div class=\"elementor-element elementor-element-2ba705f elementor-widget elementor-widget-text-editor\" data-id=\"2ba705f\" data-element_type=\"widget\" data-e-type=\"widget\" data-widget_type=\"text-editor.default\">\n\t\t\t\t<div class=\"elementor-widget-container\">\n\t\t\t\t\t\t\t\t\t<p>Netsystem is an IT and digital transformation consulting firm serving private and public sector organisations, notably specialising in M&#038;A transactions.<\/p>\n\t\t\t\t\t\t\t\t<\/div>\n\t\t\t\t<\/div>\n\t\t\t\t<div class=\"elementor-element elementor-element-8fc6ab6 elementor-widget elementor-widget-text-editor\" data-id=\"8fc6ab6\" data-element_type=\"widget\" data-e-type=\"widget\" data-widget_type=\"text-editor.default\">\n\t\t\t\t<div class=\"elementor-widget-container\">\n\t\t\t\t\t\t\t\t\t<p>Netsystem is based in Paris, Aix-en-Provence, Toulouse and Tours. The firm is regularly called on to operate in EMEA (Europe, Middle-East et Africa) et NORAM (North America) thanks to its benchmark offering in the field of ICT M&#038;A transactions.<br \/>\nHighly pragmatic, the Netsystem approach stands out from the rest of the market through its determination to optimise its clients\u2019 exploitation of technology during implementation of their strategy.<br \/>\nTo this end, we clarify our clients\u2019 strategic vision and turn it into operational projects.<\/p>\n<p><strong>From vision to implementation, what is our role? We make \u201cIT\u201d clear!<\/strong><\/p>\n\t\t\t\t\t\t\t\t<\/div>\n\t\t\t\t<\/div>\n\t\t\t\t<div class=\"elementor-element elementor-element-551b7ff elementor-widget elementor-widget-heading\" data-id=\"551b7ff\" data-element_type=\"widget\" data-e-type=\"widget\" data-widget_type=\"heading.default\">\n\t\t\t\t<div class=\"elementor-widget-container\">\n\t\t\t\t\t<h2 class=\"elementor-heading-title elementor-size-default\">Key <span style=\"color:#666666\">dates<\/span><\/h2>\t\t\t\t<\/div>\n\t\t\t\t<\/div>\n\t\t\t\t<div class=\"elementor-element elementor-element-37af433 elementor-widget elementor-widget-text-editor\" data-id=\"37af433\" data-element_type=\"widget\" data-e-type=\"widget\" data-widget_type=\"text-editor.default\">\n\t\t\t\t<div class=\"elementor-widget-container\">\n\t\t\t\t\t\t\t\t\t<p><strong>2011 :<\/strong><br \/>\nOlivier Cazzulo founds Netsystem and quickly develops expertise in merger &amp; acquisition transactions (M&amp;A IT), serving investment funds when IT represents a strategic issue.<\/p>\n<p><strong>2013 :<\/strong><br \/>\nIn order to supplement its value proposition in the fields of infrastructure and networks, Netsystem joins forces with the STEDIA group and its subsidiary Synergie Conseil Technologie (SCT), founded in 2003.<\/p>\n<p><strong>2016 :<\/strong><br \/>\nNetsystem acquires a controlling stake in SCT in order to consolidate the arrangement and the strategic partnership.<\/p>\n<p><strong>2017 :<\/strong><br \/>\nNetsystem acquires 100% of the capital of SCT and accelerates its organic growth through the recruitment of Philippe Jeandroz, Sales &amp; Marketing Director.<\/p>\n<p><strong>2018 :<\/strong><br \/>\nFounding of Netsystem Paris, dedicated to development of the M&amp;A offering; Laurent Grimaldi, former director of venture capital at ARDIAN, joins the firm as partner.<\/p>\n<p><strong>2019 :<\/strong><br \/>\nFounding of DPO System, a special purpose entity dedicated to GDPR compliance and the outsourcing of the DPO function.<\/p>\n<p><strong>2021 :<\/strong><br \/>\nLaunch of the dposystem franchise networ<\/p>\n\t\t\t\t\t\t\t\t<\/div>\n\t\t\t\t<\/div>\n\t\t\t\t<div class=\"elementor-element elementor-element-17f70c3 elementor-widget elementor-widget-heading\" data-id=\"17f70c3\" data-element_type=\"widget\" data-e-type=\"widget\" data-widget_type=\"heading.default\">\n\t\t\t\t<div class=\"elementor-widget-container\">\n\t\t\t\t\t<h2 class=\"elementor-heading-title elementor-size-default\">Key <span style=\"color:#666666\">figures<\/span><\/h2>\t\t\t\t<\/div>\n\t\t\t\t<\/div>\n\t\t\t\t<div class=\"elementor-element elementor-element-50bfba1 elementor-widget elementor-widget-text-editor\" data-id=\"50bfba1\" data-element_type=\"widget\" data-e-type=\"widget\" data-widget_type=\"text-editor.default\">\n\t\t\t\t<div class=\"elementor-widget-container\">\n\t\t\t\t\t\t\t\t\t<p><strong>250<\/strong> active client accounts including 40 new customers<\/p>\n<p><strong>20<\/strong> years\u2019 experience in digital transformation consulting<\/p>\n<p><strong>30<\/strong> consultants and experts<\/p>\n<p><strong>3.5<\/strong> million euros in turnover in 2021<\/p>\n\t\t\t\t\t\t\t\t<\/div>\n\t\t\t\t<\/div>\n\t\t\t\t\t<\/div>\n\t\t\t\t<\/div>\n\t\t\t\t<\/div>\n\t\t","protected":false},"excerpt":{"rendered":"<p>Our history Netsystem is an IT and digital transformation consulting firm serving private and public sector organisations, notably specialising in M&#038;A transactions. Netsystem is based in Paris, Aix-en-Provence, Toulouse and Tours. The firm is regularly called on to operate in EMEA (Europe, Middle-East et Africa) et NORAM (North America) thanks to its benchmark offering in [&hellip;]<\/p>\n","protected":false},"author":1,"featured_media":548,"parent":0,"menu_order":0,"comment_status":"closed","ping_status":"open","template":"","meta":{"_acf_changed":false,"_monsterinsights_skip_tracking":false,"_monsterinsights_sitenote_active":false,"_monsterinsights_sitenote_note":"","_monsterinsights_sitenote_category":0,"footnotes":""},"class_list":["post-547","page","type-page","status-publish","has-post-thumbnail","hentry"],"acf":[],"yoast_head":"<!-- This site is optimized with the Yoast SEO plugin v27.3 - https:\/\/yoast.com\/product\/yoast-seo-wordpress\/ -->\n<title>Netsystem&#039;s Journey: Pioneering Digital Transformation<\/title>\n<meta name=\"description\" content=\"Explore Netsystem&#039;s evolution as a leader in digital transformation. Our history of innovation and excellence in IT consulting and solutions.\" \/>\n<meta name=\"robots\" content=\"index, follow, max-snippet:-1, max-image-preview:large, max-video-preview:-1\" \/>\n<link rel=\"canonical\" href=\"https:\/\/netsystem.fr\/en\/our-history\/\" \/>\n<meta property=\"og:locale\" content=\"en_US\" \/>\n<meta property=\"og:type\" content=\"article\" \/>\n<meta property=\"og:title\" content=\"Netsystem&#039;s Journey: Pioneering Digital Transformation\" \/>\n<meta property=\"og:description\" content=\"Explore Netsystem&#039;s evolution as a leader in digital transformation. Our history of innovation and excellence in IT consulting and solutions.\" \/>\n<meta property=\"og:url\" content=\"https:\/\/netsystem.fr\/en\/our-history\/\" \/>\n<meta property=\"og:site_name\" content=\"Netsystem\" \/>\n<meta property=\"article:modified_time\" content=\"2024-08-28T08:54:57+00:00\" \/>\n<meta property=\"og:image\" content=\"https:\/\/netsystem.fr\/wp-content\/uploads\/2023\/12\/bg-notre-histoire-1.jpg\" \/>\n\t<meta property=\"og:image:width\" content=\"1894\" \/>\n\t<meta property=\"og:image:height\" content=\"1016\" \/>\n\t<meta property=\"og:image:type\" content=\"image\/jpeg\" \/>\n<meta name=\"twitter:card\" content=\"summary_large_image\" \/>\n<meta name=\"twitter:label1\" content=\"Est. reading time\" \/>\n\t<meta name=\"twitter:data1\" content=\"2 minutes\" \/>\n<script type=\"application\/ld+json\" class=\"yoast-schema-graph\">{\"@context\":\"https:\\\/\\\/schema.org\",\"@graph\":[{\"@type\":\"WebPage\",\"@id\":\"https:\\\/\\\/netsystem.fr\\\/en\\\/our-history\\\/\",\"url\":\"https:\\\/\\\/netsystem.fr\\\/en\\\/our-history\\\/\",\"name\":\"Netsystem's Journey: Pioneering Digital Transformation\",\"isPartOf\":{\"@id\":\"https:\\\/\\\/netsystem.fr\\\/en\\\/#website\"},\"primaryImageOfPage\":{\"@id\":\"https:\\\/\\\/netsystem.fr\\\/en\\\/our-history\\\/#primaryimage\"},\"image\":{\"@id\":\"https:\\\/\\\/netsystem.fr\\\/en\\\/our-history\\\/#primaryimage\"},\"thumbnailUrl\":\"https:\\\/\\\/netsystem.fr\\\/wp-content\\\/uploads\\\/2023\\\/12\\\/bg-notre-histoire-1.jpg\",\"datePublished\":\"2019-09-10T06:30:35+00:00\",\"dateModified\":\"2024-08-28T08:54:57+00:00\",\"description\":\"Explore Netsystem's evolution as a leader in digital transformation. Our history of innovation and excellence in IT consulting and solutions.\",\"breadcrumb\":{\"@id\":\"https:\\\/\\\/netsystem.fr\\\/en\\\/our-history\\\/#breadcrumb\"},\"inLanguage\":\"en-US\",\"potentialAction\":[{\"@type\":\"ReadAction\",\"target\":[\"https:\\\/\\\/netsystem.fr\\\/en\\\/our-history\\\/\"]}]},{\"@type\":\"ImageObject\",\"inLanguage\":\"en-US\",\"@id\":\"https:\\\/\\\/netsystem.fr\\\/en\\\/our-history\\\/#primaryimage\",\"url\":\"https:\\\/\\\/netsystem.fr\\\/wp-content\\\/uploads\\\/2023\\\/12\\\/bg-notre-histoire-1.jpg\",\"contentUrl\":\"https:\\\/\\\/netsystem.fr\\\/wp-content\\\/uploads\\\/2023\\\/12\\\/bg-notre-histoire-1.jpg\",\"width\":1894,\"height\":1016},{\"@type\":\"BreadcrumbList\",\"@id\":\"https:\\\/\\\/netsystem.fr\\\/en\\\/our-history\\\/#breadcrumb\",\"itemListElement\":[{\"@type\":\"ListItem\",\"position\":1,\"name\":\"Home\",\"item\":\"https:\\\/\\\/netsystem.fr\\\/en\\\/\"},{\"@type\":\"ListItem\",\"position\":2,\"name\":\"Our history\"}]},{\"@type\":\"WebSite\",\"@id\":\"https:\\\/\\\/netsystem.fr\\\/en\\\/#website\",\"url\":\"https:\\\/\\\/netsystem.fr\\\/en\\\/\",\"name\":\"Netsystem\",\"description\":\"Soci\u00e9t\u00e9 de conseil en Syst\u00e8mes d\u2019Informations et en transformation digitale.\",\"publisher\":{\"@id\":\"https:\\\/\\\/netsystem.fr\\\/en\\\/#organization\"},\"potentialAction\":[{\"@type\":\"SearchAction\",\"target\":{\"@type\":\"EntryPoint\",\"urlTemplate\":\"https:\\\/\\\/netsystem.fr\\\/en\\\/?s={search_term_string}\"},\"query-input\":{\"@type\":\"PropertyValueSpecification\",\"valueRequired\":true,\"valueName\":\"search_term_string\"}}],\"inLanguage\":\"en-US\"},{\"@type\":\"Organization\",\"@id\":\"https:\\\/\\\/netsystem.fr\\\/en\\\/#organization\",\"name\":\"Netsystem\",\"url\":\"https:\\\/\\\/netsystem.fr\\\/en\\\/\",\"logo\":{\"@type\":\"ImageObject\",\"inLanguage\":\"en-US\",\"@id\":\"https:\\\/\\\/netsystem.fr\\\/en\\\/#\\\/schema\\\/logo\\\/image\\\/\",\"url\":\"https:\\\/\\\/netsystem.fr\\\/wp-content\\\/uploads\\\/2023\\\/11\\\/netsystem-logo-v3.png\",\"contentUrl\":\"https:\\\/\\\/netsystem.fr\\\/wp-content\\\/uploads\\\/2023\\\/11\\\/netsystem-logo-v3.png\",\"width\":600,\"height\":186,\"caption\":\"Netsystem\"},\"image\":{\"@id\":\"https:\\\/\\\/netsystem.fr\\\/en\\\/#\\\/schema\\\/logo\\\/image\\\/\"}}]}<\/script>\n<!-- \/ Yoast SEO plugin. -->","yoast_head_json":{"title":"Netsystem's Journey: Pioneering Digital Transformation","description":"Explore Netsystem's evolution as a leader in digital transformation. Our history of innovation and excellence in IT consulting and solutions.","robots":{"index":"index","follow":"follow","max-snippet":"max-snippet:-1","max-image-preview":"max-image-preview:large","max-video-preview":"max-video-preview:-1"},"canonical":"https:\/\/netsystem.fr\/en\/our-history\/","og_locale":"en_US","og_type":"article","og_title":"Netsystem's Journey: Pioneering Digital Transformation","og_description":"Explore Netsystem's evolution as a leader in digital transformation. Our history of innovation and excellence in IT consulting and solutions.","og_url":"https:\/\/netsystem.fr\/en\/our-history\/","og_site_name":"Netsystem","article_modified_time":"2024-08-28T08:54:57+00:00","og_image":[{"width":1894,"height":1016,"url":"https:\/\/netsystem.fr\/wp-content\/uploads\/2023\/12\/bg-notre-histoire-1.jpg","type":"image\/jpeg"}],"twitter_card":"summary_large_image","twitter_misc":{"Est. reading time":"2 minutes"},"schema":{"@context":"https:\/\/schema.org","@graph":[{"@type":"WebPage","@id":"https:\/\/netsystem.fr\/en\/our-history\/","url":"https:\/\/netsystem.fr\/en\/our-history\/","name":"Netsystem's Journey: Pioneering Digital Transformation","isPartOf":{"@id":"https:\/\/netsystem.fr\/en\/#website"},"primaryImageOfPage":{"@id":"https:\/\/netsystem.fr\/en\/our-history\/#primaryimage"},"image":{"@id":"https:\/\/netsystem.fr\/en\/our-history\/#primaryimage"},"thumbnailUrl":"https:\/\/netsystem.fr\/wp-content\/uploads\/2023\/12\/bg-notre-histoire-1.jpg","datePublished":"2019-09-10T06:30:35+00:00","dateModified":"2024-08-28T08:54:57+00:00","description":"Explore Netsystem's evolution as a leader in digital transformation. Our history of innovation and excellence in IT consulting and solutions.","breadcrumb":{"@id":"https:\/\/netsystem.fr\/en\/our-history\/#breadcrumb"},"inLanguage":"en-US","potentialAction":[{"@type":"ReadAction","target":["https:\/\/netsystem.fr\/en\/our-history\/"]}]},{"@type":"ImageObject","inLanguage":"en-US","@id":"https:\/\/netsystem.fr\/en\/our-history\/#primaryimage","url":"https:\/\/netsystem.fr\/wp-content\/uploads\/2023\/12\/bg-notre-histoire-1.jpg","contentUrl":"https:\/\/netsystem.fr\/wp-content\/uploads\/2023\/12\/bg-notre-histoire-1.jpg","width":1894,"height":1016},{"@type":"BreadcrumbList","@id":"https:\/\/netsystem.fr\/en\/our-history\/#breadcrumb","itemListElement":[{"@type":"ListItem","position":1,"name":"Home","item":"https:\/\/netsystem.fr\/en\/"},{"@type":"ListItem","position":2,"name":"Our history"}]},{"@type":"WebSite","@id":"https:\/\/netsystem.fr\/en\/#website","url":"https:\/\/netsystem.fr\/en\/","name":"Netsystem","description":"Soci\u00e9t\u00e9 de conseil en Syst\u00e8mes d\u2019Informations et en transformation digitale.","publisher":{"@id":"https:\/\/netsystem.fr\/en\/#organization"},"potentialAction":[{"@type":"SearchAction","target":{"@type":"EntryPoint","urlTemplate":"https:\/\/netsystem.fr\/en\/?s={search_term_string}"},"query-input":{"@type":"PropertyValueSpecification","valueRequired":true,"valueName":"search_term_string"}}],"inLanguage":"en-US"},{"@type":"Organization","@id":"https:\/\/netsystem.fr\/en\/#organization","name":"Netsystem","url":"https:\/\/netsystem.fr\/en\/","logo":{"@type":"ImageObject","inLanguage":"en-US","@id":"https:\/\/netsystem.fr\/en\/#\/schema\/logo\/image\/","url":"https:\/\/netsystem.fr\/wp-content\/uploads\/2023\/11\/netsystem-logo-v3.png","contentUrl":"https:\/\/netsystem.fr\/wp-content\/uploads\/2023\/11\/netsystem-logo-v3.png","width":600,"height":186,"caption":"Netsystem"},"image":{"@id":"https:\/\/netsystem.fr\/en\/#\/schema\/logo\/image\/"}}]}},"_links":{"self":[{"href":"https:\/\/netsystem.fr\/en\/wp-json\/wp\/v2\/pages\/547","targetHints":{"allow":["GET"]}}],"collection":[{"href":"https:\/\/netsystem.fr\/en\/wp-json\/wp\/v2\/pages"}],"about":[{"href":"https:\/\/netsystem.fr\/en\/wp-json\/wp\/v2\/types\/page"}],"author":[{"embeddable":true,"href":"https:\/\/netsystem.fr\/en\/wp-json\/wp\/v2\/users\/1"}],"replies":[{"embeddable":true,"href":"https:\/\/netsystem.fr\/en\/wp-json\/wp\/v2\/comments?post=547"}],"version-history":[{"count":3,"href":"https:\/\/netsystem.fr\/en\/wp-json\/wp\/v2\/pages\/547\/revisions"}],"predecessor-version":[{"id":6695,"href":"https:\/\/netsystem.fr\/en\/wp-json\/wp\/v2\/pages\/547\/revisions\/6695"}],"wp:featuredmedia":[{"embeddable":true,"href":"https:\/\/netsystem.fr\/en\/wp-json\/wp\/v2\/media\/548"}],"wp:attachment":[{"href":"https:\/\/netsystem.fr\/en\/wp-json\/wp\/v2\/media?parent=547"}],"curies":[{"name":"wp","href":"https:\/\/api.w.org\/{rel}","templated":true}]}}