{"id":550,"date":"2019-09-12T08:08:33","date_gmt":"2019-09-12T06:08:33","guid":{"rendered":"https:\/\/netsystem.fr\/our-team\/"},"modified":"2025-06-03T14:25:16","modified_gmt":"2025-06-03T12:25:16","slug":"our-team","status":"publish","type":"page","link":"https:\/\/netsystem.fr\/en\/our-team\/","title":{"rendered":"Our team"},"content":{"rendered":"\t\t<div data-elementor-type=\"wp-page\" data-elementor-id=\"550\" class=\"elementor elementor-550 elementor-149\" data-elementor-post-type=\"page\">\n\t\t\t\t<div data-dce-background-color=\"#000000\" data-dce-background-overlay-color=\"#16293699\" data-dce-background-overlay-image-url=\"https:\/\/netsystem.fr\/wp-content\/uploads\/2023\/12\/equipe-bg.jpg\" class=\"elementor-element elementor-element-79b3d155 e-flex e-con-boxed e-con e-parent\" data-id=\"79b3d155\" data-element_type=\"container\" data-e-type=\"container\" data-settings=\"{&quot;background_background&quot;:&quot;classic&quot;}\">\n\t\t\t\t\t<div class=\"e-con-inner\">\n\t\t\t\t<div class=\"elementor-element elementor-element-5243f175 elementor-widget__width-initial elementor-widget elementor-widget-heading\" data-id=\"5243f175\" data-element_type=\"widget\" data-e-type=\"widget\" data-widget_type=\"heading.default\">\n\t\t\t\t<div class=\"elementor-widget-container\">\n\t\t\t\t\t<h1 class=\"elementor-heading-title elementor-size-default\">Our <span style=\"color:#a0a0a0\">team<\/span><\/h1>\t\t\t\t<\/div>\n\t\t\t\t<\/div>\n\t\t\t\t\t<\/div>\n\t\t\t\t<\/div>\n\t\t<div class=\"elementor-element elementor-element-3effa2f2 e-flex e-con-boxed e-con e-parent\" data-id=\"3effa2f2\" data-element_type=\"container\" data-e-type=\"container\">\n\t\t\t\t\t<div class=\"e-con-inner\">\n\t\t\t\t<div class=\"elementor-element elementor-element-466a59cb elementor-widget elementor-widget-breadcrumbs\" data-id=\"466a59cb\" data-element_type=\"widget\" data-e-type=\"widget\" data-widget_type=\"breadcrumbs.default\">\n\t\t\t\t<div class=\"elementor-widget-container\">\n\t\t\t\t\t<p id=\"breadcrumbs\"><span><span><a href=\"https:\/\/netsystem.fr\/en\/\">Home<\/a><\/span><\/span><\/p>\t\t\t\t<\/div>\n\t\t\t\t<\/div>\n\t\t\t\t\t<\/div>\n\t\t\t\t<\/div>\n\t\t<div class=\"elementor-element elementor-element-6a2775d e-flex e-con-boxed e-con e-parent\" data-id=\"6a2775d\" data-element_type=\"container\" data-e-type=\"container\">\n\t\t\t\t\t<div class=\"e-con-inner\">\n\t\t<div class=\"elementor-element elementor-element-aea2943 e-con-full e-flex e-con e-child\" data-id=\"aea2943\" data-element_type=\"container\" data-e-type=\"container\">\n\t\t\t\t<div class=\"elementor-element elementor-element-365eea6 elementor-widget elementor-widget-image\" data-id=\"365eea6\" data-element_type=\"widget\" data-e-type=\"widget\" data-widget_type=\"image.default\">\n\t\t\t\t<div class=\"elementor-widget-container\">\n\t\t\t\t\t\t\t\t\t\t\t\t\t\t\t<img decoding=\"async\" src=\"https:\/\/netsystem.fr\/wp-content\/uploads\/elementor\/thumbs\/olivier-cazzulo-3-qggm7czuq2e9a4g0e7gep95png56agmdyhdsjajya0.jpg\" title=\"olivier-cazzulo-3\" alt=\"olivier-cazzulo-3\" loading=\"lazy\" \/>\t\t\t\t\t\t\t\t\t\t\t\t\t\t\t<\/div>\n\t\t\t\t<\/div>\n\t\t\t\t<\/div>\n\t\t<div class=\"elementor-element elementor-element-ca0b308 e-con-full e-flex e-con e-child\" data-id=\"ca0b308\" data-element_type=\"container\" data-e-type=\"container\">\n\t\t\t\t<div class=\"elementor-element elementor-element-f031b6a elementor-widget elementor-widget-heading\" data-id=\"f031b6a\" data-element_type=\"widget\" data-e-type=\"widget\" data-widget_type=\"heading.default\">\n\t\t\t\t<div class=\"elementor-widget-container\">\n\t\t\t\t\t<h2 class=\"elementor-heading-title elementor-size-default\">Olivier Cazzulo \u2013 Chairman and Founder<\/h2>\t\t\t\t<\/div>\n\t\t\t\t<\/div>\n\t\t\t\t<div class=\"elementor-element elementor-element-4c5f300 elementor-widget elementor-widget-text-editor\" data-id=\"4c5f300\" data-element_type=\"widget\" data-e-type=\"widget\" data-widget_type=\"text-editor.default\">\n\t\t\t\t<div class=\"elementor-widget-container\">\n\t\t\t\t\t\t\t\t\t<p>#M&amp;A #manleader #technonolyaddict #drum #cook<\/p>\n<p>Follow him : <a href=\"https:\/\/www.linkedin.com\/in\/ocazzulo\/\" target=\"_blank\" rel=\"noopener\">Linkedin<\/a><\/p>\n<p><strong>Biography :<\/strong>\u00a0A graduate of Ecole des Mines in Saint-Etienne, Olivier CAZZULO began his career in consultancy at DEVOTEAM before participating in the founding of the internet service provider Net-Up, a subsidiary of the AVENIR TELECOM group.<\/p>\n<p>From this adventure in Web 1.0, at the dawn of the 21st century, Olivier would retain an entrepreneurial spirit and the conviction that the internet and digital were on the verge of revolutionising organisations and their business models.<\/p>\n<p>In 2003 he joined DIGITECH, a publisher of document management software and market leader in France and in French-speaking Africa, where he occupied the post of Operations Director before becoming CEO.<\/p>\n<p>It was in commemoration of Net-Up that he named his consulting firm Netsystem, in 2011.<\/p>\n<p><strong>External interests<\/strong>\u00a0:\u00a0In 2012, Olivier joined Syntec Num\u00e9rique (professional association of the digital industry), becoming Southern Regional Delegate, which has now become numeum. Through this involvement he promoted the activities of operators throughout the digital value chain in the south and the opportunities offered in the sector (employment, training, attractiveness, parity, etc.).<\/p>\n<p>It was within this context that he was offered a directorship with responsibility for digital at Medef Sud in 2015.<\/p>\n<p>He participates in flagship projects such as the industry of the future (Alliance Industrie Du Future), smart cities (the committee of the same name at the Medinsoft business cluster) and digital transformation (for the SBA).<\/p>\n<p>Olivier is currently a director of Syntec Num\u00e9rique, IT consulting division.<\/p>\n\t\t\t\t\t\t\t\t<\/div>\n\t\t\t\t<\/div>\n\t\t\t\t<\/div>\n\t\t\t\t\t<\/div>\n\t\t\t\t<\/div>\n\t\t<div class=\"elementor-element elementor-element-bb231b4 e-flex e-con-boxed e-con e-parent\" data-id=\"bb231b4\" data-element_type=\"container\" data-e-type=\"container\">\n\t\t\t\t\t<div class=\"e-con-inner\">\n\t\t<div class=\"elementor-element elementor-element-12e6e53 e-con-full e-flex e-con e-child\" data-id=\"12e6e53\" data-element_type=\"container\" data-e-type=\"container\">\n\t\t\t\t<div class=\"elementor-element elementor-element-a35a801 elementor-widget elementor-widget-image\" data-id=\"a35a801\" data-element_type=\"widget\" data-e-type=\"widget\" data-widget_type=\"image.default\">\n\t\t\t\t<div class=\"elementor-widget-container\">\n\t\t\t\t\t\t\t\t\t\t\t\t\t\t\t<img decoding=\"async\" src=\"https:\/\/netsystem.fr\/wp-content\/uploads\/elementor\/thumbs\/LGR-NB-r6rgwtitzj5vzq24y7iubffebynyp3r4tsf3zpc214.jpg\" title=\"LGR-NB\" alt=\"LGR-NB\" loading=\"lazy\" \/>\t\t\t\t\t\t\t\t\t\t\t\t\t\t\t<\/div>\n\t\t\t\t<\/div>\n\t\t\t\t<\/div>\n\t\t<div class=\"elementor-element elementor-element-5a8001d e-con-full e-flex e-con e-child\" data-id=\"5a8001d\" data-element_type=\"container\" data-e-type=\"container\">\n\t\t\t\t<div class=\"elementor-element elementor-element-29cea5a elementor-widget elementor-widget-heading\" data-id=\"29cea5a\" data-element_type=\"widget\" data-e-type=\"widget\" data-widget_type=\"heading.default\">\n\t\t\t\t<div class=\"elementor-widget-container\">\n\t\t\t\t\t<h2 class=\"elementor-heading-title elementor-size-default\">Lionel Gros \u2013 Head of IT M&amp;A advisory<\/h2>\t\t\t\t<\/div>\n\t\t\t\t<\/div>\n\t\t\t\t<div class=\"elementor-element elementor-element-3c731ab elementor-widget elementor-widget-text-editor\" data-id=\"3c731ab\" data-element_type=\"widget\" data-e-type=\"widget\" data-widget_type=\"text-editor.default\">\n\t\t\t\t<div class=\"elementor-widget-container\">\n\t\t\t\t\t\t\t\t\t<p>#M&amp;A #challenge #trail<\/p>\n<p>Follow him : <a href=\"https:\/\/www.linkedin.com\/in\/lionel-gros-21458a100\/\" target=\"_blank\" rel=\"noopener\">Linkedin<\/a><\/p>\n<p><strong>Biography:<\/strong>\u00a0A graduate engineer from Mines T\u00e9l\u00e9com Lille, Lionel joined Netsystem in 2015 after 11 years of experience in the fields of telecommunications, networks, and infrastructure, including 6 years as Head of Networks and Telecommunications for a large company.<\/p>\n<p>Lionel works on cross-functional issues as a senior consultant, both across France and internationally.<\/p>\n<p>Within the firm&#8217;s M&amp;A practice, Lionel is involved in acquisition and divestment transactions (from due diligence to post-merger integration), and was notably involved in Ecritel&#8217;s due diligence during the transaction with LBO France. He led the carve-out projects for Everzinc, VM Building Solutions, Fiven, and SMAC.<\/p>\n<p><strong>External interests:<\/strong>\u00a0A passionate long-distance trail runner, he is an active member of the Cabri\u00e8s Trail Club.<\/p>\n\t\t\t\t\t\t\t\t<\/div>\n\t\t\t\t<\/div>\n\t\t\t\t<\/div>\n\t\t\t\t\t<\/div>\n\t\t\t\t<\/div>\n\t\t<div class=\"elementor-element elementor-element-a9c343e e-flex e-con-boxed e-con e-parent\" data-id=\"a9c343e\" data-element_type=\"container\" data-e-type=\"container\">\n\t\t\t\t\t<div class=\"e-con-inner\">\n\t\t<div class=\"elementor-element elementor-element-e905e1c e-con-full e-flex e-con e-child\" data-id=\"e905e1c\" data-element_type=\"container\" data-e-type=\"container\">\n\t\t\t\t<div class=\"elementor-element elementor-element-f99a6d7 elementor-widget elementor-widget-image\" data-id=\"f99a6d7\" data-element_type=\"widget\" data-e-type=\"widget\" data-widget_type=\"image.default\">\n\t\t\t\t<div class=\"elementor-widget-container\">\n\t\t\t\t\t\t\t\t\t\t\t\t\t\t\t<img decoding=\"async\" src=\"https:\/\/netsystem.fr\/wp-content\/uploads\/elementor\/thumbs\/VFE_ConfianceNumerique-r6rh3bkn9a2aamm5zioy2ad68wmcxqkapyv0hlp0zs.jpg\" title=\"VFE_ConfianceNumerique\" alt=\"VFE_ConfianceNumerique\" loading=\"lazy\" \/>\t\t\t\t\t\t\t\t\t\t\t\t\t\t\t<\/div>\n\t\t\t\t<\/div>\n\t\t\t\t<\/div>\n\t\t<div class=\"elementor-element elementor-element-a8b8017 e-con-full e-flex e-con e-child\" data-id=\"a8b8017\" data-element_type=\"container\" data-e-type=\"container\">\n\t\t\t\t<div class=\"elementor-element elementor-element-7a85005 elementor-widget elementor-widget-heading\" data-id=\"7a85005\" data-element_type=\"widget\" data-e-type=\"widget\" data-widget_type=\"heading.default\">\n\t\t\t\t<div class=\"elementor-widget-container\">\n\t\t\t\t\t<h2 class=\"elementor-heading-title elementor-size-default\">Vincent Ferrara \u2013 Head of Digital Trust practice<\/h2>\t\t\t\t<\/div>\n\t\t\t\t<\/div>\n\t\t\t\t<div class=\"elementor-element elementor-element-392fdf5 elementor-widget elementor-widget-text-editor\" data-id=\"392fdf5\" data-element_type=\"widget\" data-e-type=\"widget\" data-widget_type=\"text-editor.default\">\n\t\t\t\t<div class=\"elementor-widget-container\">\n\t\t\t\t\t\t\t\t\t<p>#cybersecurity #digitalsovereign #digitalrisk #innovation #digitaltransformation<\/p>\n<p>Follow him : <a href=\"https:\/\/www.linkedin.com\/in\/vincentferrara\/\" target=\"_blank\" rel=\"noopener\">Linkedin<\/a><\/p>\n<p><strong>Biography:<\/strong>\u00a0Vincent Ferrara heads up Netsystem&#8217;s Digital Confidence business. A PASSI-qualified expert from ANSSI, he has been helping organizations to control and protect their strategic digital assets for over 20 years, with solid experience in all areas of information systems. His expertise covers Governance, Risk and Compliance (GRC), as well as auditing and securing information systems.<\/p>\n<p>Co-creator of DpoSystem and Vice-Chairman of Clusir Sud, Vincent is developing an offering within Netsystem focused on digital sovereignty, advising investment funds and their holdings, as well as SMEs, particularly in sensitive sectors such as healthcare, industry, financial services and transport. Passionate about digital issues and their impact on society, he is also involved in strategic thinking on data protection and European regulatory compliance.<\/p>\n<p>Vincent is recognized for his commitment to enhancing individual and collective skills within organizations, as well as for his in-depth understanding of specific business challenges and market dynamics. Creative and enthusiastic, he brings an innovative and pragmatic vision to the challenges facing companies today.<\/p>\n<p>A graduate of Aix-Marseille University and CNAM, Vincent completed his career with a specialization in auditing at IAE Paris-Sorbonne and AFAI. Before joining Netsystem, he successfully led complex IS and cyber process implementation projects in line with business challenges, and was recognized for his expertise in cyber crisis management and auditing.<\/p>\n<p><strong>External interests:<\/strong>\u00a0Deeply involved in the cyber ecosystem, Vincent is committed to promoting awareness of digital risks and cybersecurity best practices among business leaders. Driven by a pragmatic and pedagogical approach, he regularly takes part in professional events to raise awareness and support companies in their secure digital transformation.<\/p>\n\t\t\t\t\t\t\t\t<\/div>\n\t\t\t\t<\/div>\n\t\t\t\t<\/div>\n\t\t\t\t\t<\/div>\n\t\t\t\t<\/div>\n\t\t<div class=\"elementor-element elementor-element-55ef898 e-flex e-con-boxed e-con e-parent\" data-id=\"55ef898\" data-element_type=\"container\" data-e-type=\"container\">\n\t\t\t\t\t<div class=\"e-con-inner\">\n\t\t\t\t<div class=\"elementor-element elementor-element-32bd0f4 elementor-align-center elementor-widget elementor-widget-button\" data-id=\"32bd0f4\" data-element_type=\"widget\" data-e-type=\"widget\" data-widget_type=\"button.default\">\n\t\t\t\t<div class=\"elementor-widget-container\">\n\t\t\t\t\t\t\t\t\t<div class=\"elementor-button-wrapper\">\n\t\t\t\t\t<a class=\"elementor-button elementor-button-link elementor-size-sm\" href=\"https:\/\/netsystem.fr\/en\/join-us\/\">\n\t\t\t\t\t\t<span class=\"elementor-button-content-wrapper\">\n\t\t\t\t\t\t\t\t\t<span class=\"elementor-button-text\">JOIN US !<\/span>\n\t\t\t\t\t<\/span>\n\t\t\t\t\t<\/a>\n\t\t\t\t<\/div>\n\t\t\t\t\t\t\t\t<\/div>\n\t\t\t\t<\/div>\n\t\t\t\t\t<\/div>\n\t\t\t\t<\/div>\n\t\t\t\t<\/div>\n\t\t","protected":false},"excerpt":{"rendered":"<p>Our team Olivier Cazzulo \u2013 Chairman and Founder #M&amp;A #manleader #technonolyaddict #drum #cook Follow him : Linkedin Biography :\u00a0A graduate of Ecole des Mines in Saint-Etienne, Olivier CAZZULO began his career in consultancy at DEVOTEAM before participating in the founding of the internet service provider Net-Up, a subsidiary of the AVENIR TELECOM group. From this [&hellip;]<\/p>\n","protected":false},"author":1,"featured_media":551,"parent":0,"menu_order":0,"comment_status":"closed","ping_status":"open","template":"","meta":{"_acf_changed":false,"_monsterinsights_skip_tracking":false,"_monsterinsights_sitenote_active":false,"_monsterinsights_sitenote_note":"","_monsterinsights_sitenote_category":0,"footnotes":""},"class_list":["post-550","page","type-page","status-publish","has-post-thumbnail","hentry"],"acf":[],"yoast_head":"<!-- This site is optimized with the Yoast SEO plugin v27.3 - https:\/\/yoast.com\/product\/yoast-seo-wordpress\/ -->\n<title>Meet Netsystem&#039;s Experts: Driving Digital Innovation<\/title>\n<meta name=\"description\" content=\"Get to know the brilliant minds behind Netsystem&#039;s success. Our team of experts leading the way in digital transformation and IT consulting.\" \/>\n<meta name=\"robots\" content=\"index, follow, max-snippet:-1, max-image-preview:large, max-video-preview:-1\" \/>\n<link rel=\"canonical\" href=\"https:\/\/netsystem.fr\/en\/our-team\/\" \/>\n<meta property=\"og:locale\" content=\"en_US\" \/>\n<meta property=\"og:type\" content=\"article\" \/>\n<meta property=\"og:title\" content=\"Meet Netsystem&#039;s Experts: Driving Digital Innovation\" \/>\n<meta property=\"og:description\" content=\"Get to know the brilliant minds behind Netsystem&#039;s success. Our team of experts leading the way in digital transformation and IT consulting.\" \/>\n<meta property=\"og:url\" content=\"https:\/\/netsystem.fr\/en\/our-team\/\" \/>\n<meta property=\"og:site_name\" content=\"Netsystem\" \/>\n<meta property=\"article:modified_time\" content=\"2025-06-03T12:25:16+00:00\" \/>\n<meta property=\"og:image\" content=\"https:\/\/netsystem.fr\/wp-content\/uploads\/2023\/12\/olivier-cazzulo-4.jpg\" \/>\n\t<meta property=\"og:image:width\" content=\"1459\" \/>\n\t<meta property=\"og:image:height\" content=\"1006\" \/>\n\t<meta property=\"og:image:type\" content=\"image\/jpeg\" \/>\n<meta name=\"twitter:card\" content=\"summary_large_image\" \/>\n<meta name=\"twitter:label1\" content=\"Est. reading time\" \/>\n\t<meta name=\"twitter:data1\" content=\"4 minutes\" \/>\n<script type=\"application\/ld+json\" class=\"yoast-schema-graph\">{\"@context\":\"https:\\\/\\\/schema.org\",\"@graph\":[{\"@type\":\"WebPage\",\"@id\":\"https:\\\/\\\/netsystem.fr\\\/en\\\/our-team\\\/\",\"url\":\"https:\\\/\\\/netsystem.fr\\\/en\\\/our-team\\\/\",\"name\":\"Meet Netsystem's Experts: Driving Digital Innovation\",\"isPartOf\":{\"@id\":\"https:\\\/\\\/netsystem.fr\\\/en\\\/#website\"},\"primaryImageOfPage\":{\"@id\":\"https:\\\/\\\/netsystem.fr\\\/en\\\/our-team\\\/#primaryimage\"},\"image\":{\"@id\":\"https:\\\/\\\/netsystem.fr\\\/en\\\/our-team\\\/#primaryimage\"},\"thumbnailUrl\":\"https:\\\/\\\/netsystem.fr\\\/wp-content\\\/uploads\\\/2023\\\/12\\\/olivier-cazzulo-4.jpg\",\"datePublished\":\"2019-09-12T06:08:33+00:00\",\"dateModified\":\"2025-06-03T12:25:16+00:00\",\"description\":\"Get to know the brilliant minds behind Netsystem's success. Our team of experts leading the way in digital transformation and IT consulting.\",\"breadcrumb\":{\"@id\":\"https:\\\/\\\/netsystem.fr\\\/en\\\/our-team\\\/#breadcrumb\"},\"inLanguage\":\"en-US\",\"potentialAction\":[{\"@type\":\"ReadAction\",\"target\":[\"https:\\\/\\\/netsystem.fr\\\/en\\\/our-team\\\/\"]}]},{\"@type\":\"ImageObject\",\"inLanguage\":\"en-US\",\"@id\":\"https:\\\/\\\/netsystem.fr\\\/en\\\/our-team\\\/#primaryimage\",\"url\":\"https:\\\/\\\/netsystem.fr\\\/wp-content\\\/uploads\\\/2023\\\/12\\\/olivier-cazzulo-4.jpg\",\"contentUrl\":\"https:\\\/\\\/netsystem.fr\\\/wp-content\\\/uploads\\\/2023\\\/12\\\/olivier-cazzulo-4.jpg\",\"width\":1459,\"height\":1006},{\"@type\":\"BreadcrumbList\",\"@id\":\"https:\\\/\\\/netsystem.fr\\\/en\\\/our-team\\\/#breadcrumb\",\"itemListElement\":[{\"@type\":\"ListItem\",\"position\":1,\"name\":\"Home\",\"item\":\"https:\\\/\\\/netsystem.fr\\\/en\\\/\"},{\"@type\":\"ListItem\",\"position\":2,\"name\":\"Our team\"}]},{\"@type\":\"WebSite\",\"@id\":\"https:\\\/\\\/netsystem.fr\\\/en\\\/#website\",\"url\":\"https:\\\/\\\/netsystem.fr\\\/en\\\/\",\"name\":\"Netsystem\",\"description\":\"Soci\u00e9t\u00e9 de conseil en Syst\u00e8mes d\u2019Informations et en transformation digitale.\",\"publisher\":{\"@id\":\"https:\\\/\\\/netsystem.fr\\\/en\\\/#organization\"},\"potentialAction\":[{\"@type\":\"SearchAction\",\"target\":{\"@type\":\"EntryPoint\",\"urlTemplate\":\"https:\\\/\\\/netsystem.fr\\\/en\\\/?s={search_term_string}\"},\"query-input\":{\"@type\":\"PropertyValueSpecification\",\"valueRequired\":true,\"valueName\":\"search_term_string\"}}],\"inLanguage\":\"en-US\"},{\"@type\":\"Organization\",\"@id\":\"https:\\\/\\\/netsystem.fr\\\/en\\\/#organization\",\"name\":\"Netsystem\",\"url\":\"https:\\\/\\\/netsystem.fr\\\/en\\\/\",\"logo\":{\"@type\":\"ImageObject\",\"inLanguage\":\"en-US\",\"@id\":\"https:\\\/\\\/netsystem.fr\\\/en\\\/#\\\/schema\\\/logo\\\/image\\\/\",\"url\":\"https:\\\/\\\/netsystem.fr\\\/wp-content\\\/uploads\\\/2023\\\/11\\\/netsystem-logo-v3.png\",\"contentUrl\":\"https:\\\/\\\/netsystem.fr\\\/wp-content\\\/uploads\\\/2023\\\/11\\\/netsystem-logo-v3.png\",\"width\":600,\"height\":186,\"caption\":\"Netsystem\"},\"image\":{\"@id\":\"https:\\\/\\\/netsystem.fr\\\/en\\\/#\\\/schema\\\/logo\\\/image\\\/\"}}]}<\/script>\n<!-- \/ Yoast SEO plugin. -->","yoast_head_json":{"title":"Meet Netsystem's Experts: Driving Digital Innovation","description":"Get to know the brilliant minds behind Netsystem's success. Our team of experts leading the way in digital transformation and IT consulting.","robots":{"index":"index","follow":"follow","max-snippet":"max-snippet:-1","max-image-preview":"max-image-preview:large","max-video-preview":"max-video-preview:-1"},"canonical":"https:\/\/netsystem.fr\/en\/our-team\/","og_locale":"en_US","og_type":"article","og_title":"Meet Netsystem's Experts: Driving Digital Innovation","og_description":"Get to know the brilliant minds behind Netsystem's success. Our team of experts leading the way in digital transformation and IT consulting.","og_url":"https:\/\/netsystem.fr\/en\/our-team\/","og_site_name":"Netsystem","article_modified_time":"2025-06-03T12:25:16+00:00","og_image":[{"width":1459,"height":1006,"url":"https:\/\/netsystem.fr\/wp-content\/uploads\/2023\/12\/olivier-cazzulo-4.jpg","type":"image\/jpeg"}],"twitter_card":"summary_large_image","twitter_misc":{"Est. reading time":"4 minutes"},"schema":{"@context":"https:\/\/schema.org","@graph":[{"@type":"WebPage","@id":"https:\/\/netsystem.fr\/en\/our-team\/","url":"https:\/\/netsystem.fr\/en\/our-team\/","name":"Meet Netsystem's Experts: Driving Digital Innovation","isPartOf":{"@id":"https:\/\/netsystem.fr\/en\/#website"},"primaryImageOfPage":{"@id":"https:\/\/netsystem.fr\/en\/our-team\/#primaryimage"},"image":{"@id":"https:\/\/netsystem.fr\/en\/our-team\/#primaryimage"},"thumbnailUrl":"https:\/\/netsystem.fr\/wp-content\/uploads\/2023\/12\/olivier-cazzulo-4.jpg","datePublished":"2019-09-12T06:08:33+00:00","dateModified":"2025-06-03T12:25:16+00:00","description":"Get to know the brilliant minds behind Netsystem's success. Our team of experts leading the way in digital transformation and IT consulting.","breadcrumb":{"@id":"https:\/\/netsystem.fr\/en\/our-team\/#breadcrumb"},"inLanguage":"en-US","potentialAction":[{"@type":"ReadAction","target":["https:\/\/netsystem.fr\/en\/our-team\/"]}]},{"@type":"ImageObject","inLanguage":"en-US","@id":"https:\/\/netsystem.fr\/en\/our-team\/#primaryimage","url":"https:\/\/netsystem.fr\/wp-content\/uploads\/2023\/12\/olivier-cazzulo-4.jpg","contentUrl":"https:\/\/netsystem.fr\/wp-content\/uploads\/2023\/12\/olivier-cazzulo-4.jpg","width":1459,"height":1006},{"@type":"BreadcrumbList","@id":"https:\/\/netsystem.fr\/en\/our-team\/#breadcrumb","itemListElement":[{"@type":"ListItem","position":1,"name":"Home","item":"https:\/\/netsystem.fr\/en\/"},{"@type":"ListItem","position":2,"name":"Our team"}]},{"@type":"WebSite","@id":"https:\/\/netsystem.fr\/en\/#website","url":"https:\/\/netsystem.fr\/en\/","name":"Netsystem","description":"Soci\u00e9t\u00e9 de conseil en Syst\u00e8mes d\u2019Informations et en transformation digitale.","publisher":{"@id":"https:\/\/netsystem.fr\/en\/#organization"},"potentialAction":[{"@type":"SearchAction","target":{"@type":"EntryPoint","urlTemplate":"https:\/\/netsystem.fr\/en\/?s={search_term_string}"},"query-input":{"@type":"PropertyValueSpecification","valueRequired":true,"valueName":"search_term_string"}}],"inLanguage":"en-US"},{"@type":"Organization","@id":"https:\/\/netsystem.fr\/en\/#organization","name":"Netsystem","url":"https:\/\/netsystem.fr\/en\/","logo":{"@type":"ImageObject","inLanguage":"en-US","@id":"https:\/\/netsystem.fr\/en\/#\/schema\/logo\/image\/","url":"https:\/\/netsystem.fr\/wp-content\/uploads\/2023\/11\/netsystem-logo-v3.png","contentUrl":"https:\/\/netsystem.fr\/wp-content\/uploads\/2023\/11\/netsystem-logo-v3.png","width":600,"height":186,"caption":"Netsystem"},"image":{"@id":"https:\/\/netsystem.fr\/en\/#\/schema\/logo\/image\/"}}]}},"_links":{"self":[{"href":"https:\/\/netsystem.fr\/en\/wp-json\/wp\/v2\/pages\/550","targetHints":{"allow":["GET"]}}],"collection":[{"href":"https:\/\/netsystem.fr\/en\/wp-json\/wp\/v2\/pages"}],"about":[{"href":"https:\/\/netsystem.fr\/en\/wp-json\/wp\/v2\/types\/page"}],"author":[{"embeddable":true,"href":"https:\/\/netsystem.fr\/en\/wp-json\/wp\/v2\/users\/1"}],"replies":[{"embeddable":true,"href":"https:\/\/netsystem.fr\/en\/wp-json\/wp\/v2\/comments?post=550"}],"version-history":[{"count":6,"href":"https:\/\/netsystem.fr\/en\/wp-json\/wp\/v2\/pages\/550\/revisions"}],"predecessor-version":[{"id":10744,"href":"https:\/\/netsystem.fr\/en\/wp-json\/wp\/v2\/pages\/550\/revisions\/10744"}],"wp:featuredmedia":[{"embeddable":true,"href":"https:\/\/netsystem.fr\/en\/wp-json\/wp\/v2\/media\/551"}],"wp:attachment":[{"href":"https:\/\/netsystem.fr\/en\/wp-json\/wp\/v2\/media?parent=550"}],"curies":[{"name":"wp","href":"https:\/\/api.w.org\/{rel}","templated":true}]}}