{"id":634,"date":"2019-09-18T11:55:05","date_gmt":"2019-09-18T09:55:05","guid":{"rendered":"https:\/\/netsystem.fr\/our-vision\/"},"modified":"2024-08-28T10:55:28","modified_gmt":"2024-08-28T08:55:28","slug":"our-vision","status":"publish","type":"page","link":"https:\/\/netsystem.fr\/en\/our-vision\/","title":{"rendered":"Our vision"},"content":{"rendered":"\t\t<div data-elementor-type=\"wp-page\" data-elementor-id=\"634\" class=\"elementor elementor-634 elementor-203\" data-elementor-post-type=\"page\">\n\t\t\t\t<div data-dce-background-color=\"#000000\" data-dce-background-overlay-color=\"#16293699\" data-dce-background-overlay-image-url=\"https:\/\/netsystem.fr\/wp-content\/uploads\/2023\/12\/vision.jpg\" class=\"elementor-element elementor-element-b1bcf60 e-flex e-con-boxed e-con e-parent\" data-id=\"b1bcf60\" data-element_type=\"container\" data-e-type=\"container\" data-settings=\"{&quot;background_background&quot;:&quot;classic&quot;}\">\n\t\t\t\t\t<div class=\"e-con-inner\">\n\t\t\t\t<div class=\"elementor-element elementor-element-fa4b48f elementor-widget__width-initial elementor-widget elementor-widget-heading\" data-id=\"fa4b48f\" data-element_type=\"widget\" data-e-type=\"widget\" data-widget_type=\"heading.default\">\n\t\t\t\t<div class=\"elementor-widget-container\">\n\t\t\t\t\t<h1 class=\"elementor-heading-title elementor-size-default\">Our <span style=\"color:#a0a0a0\">vision<\/span><\/h1>\t\t\t\t<\/div>\n\t\t\t\t<\/div>\n\t\t\t\t\t<\/div>\n\t\t\t\t<\/div>\n\t\t<div class=\"elementor-element elementor-element-593ef29d e-flex e-con-boxed e-con e-parent\" data-id=\"593ef29d\" data-element_type=\"container\" data-e-type=\"container\">\n\t\t\t\t\t<div class=\"e-con-inner\">\n\t\t\t\t<div class=\"elementor-element elementor-element-851add8 elementor-widget elementor-widget-breadcrumbs\" data-id=\"851add8\" data-element_type=\"widget\" data-e-type=\"widget\" data-widget_type=\"breadcrumbs.default\">\n\t\t\t\t<div class=\"elementor-widget-container\">\n\t\t\t\t\t<p id=\"breadcrumbs\"><span><span><a href=\"https:\/\/netsystem.fr\/en\/\">Home<\/a><\/span><\/span><\/p>\t\t\t\t<\/div>\n\t\t\t\t<\/div>\n\t\t\t\t\t<\/div>\n\t\t\t\t<\/div>\n\t\t<div class=\"elementor-element elementor-element-30625e6 e-flex e-con-boxed e-con e-parent\" data-id=\"30625e6\" data-element_type=\"container\" data-e-type=\"container\">\n\t\t\t\t\t<div class=\"e-con-inner\">\n\t\t\t\t<div class=\"elementor-element elementor-element-fa7f0c8 elementor-widget elementor-widget-text-editor\" data-id=\"fa7f0c8\" data-element_type=\"widget\" data-e-type=\"widget\" data-widget_type=\"text-editor.default\">\n\t\t\t\t<div class=\"elementor-widget-container\">\n\t\t\t\t\t\t\t\t\t<p>Digital transformation is above all a revolution in uses and practices.<\/p>\n\t\t\t\t\t\t\t\t<\/div>\n\t\t\t\t<\/div>\n\t\t\t\t\t<\/div>\n\t\t\t\t<\/div>\n\t\t<div class=\"elementor-element elementor-element-9981f7d e-flex e-con-boxed e-con e-parent\" data-id=\"9981f7d\" data-element_type=\"container\" data-e-type=\"container\">\n\t\t\t\t\t<div class=\"e-con-inner\">\n\t\t<div class=\"elementor-element elementor-element-3cc0cfd e-con-full e-flex e-con e-child\" data-id=\"3cc0cfd\" data-element_type=\"container\" data-e-type=\"container\">\n\t\t\t\t<div class=\"elementor-element elementor-element-d4c2537 elementor-widget elementor-widget-text-editor\" data-id=\"d4c2537\" data-element_type=\"widget\" data-e-type=\"widget\" data-widget_type=\"text-editor.default\">\n\t\t\t\t<div class=\"elementor-widget-container\">\n\t\t\t\t\t\t\t\t\tSmart Industry, Smart Cities, Smart Buildings and even Smart Services: digital technology is all around us nowadays and has never been easier to access!\r\n<ul>\r\n \t<li>But although technology is becoming ever more widespread, it remains difficult to understand and integrate.<\/li>\r\n \t<li>Companies are evolving in an age where visibility has never been as low and implementation never as rapid. Such narrowing of space-time calls for operational agility and efficiency.<\/li>\r\n<\/ul>\r\nAnticipating these two phenomena, Olivier Cazzulo founded Netsystem in 2011 with a strong conviction:\r\n\r\nThe strategic challenges of the organisations he supports are too frequently only appreciated \u201cabove ground level\u201d, i.e. far removed from:\r\n<ul>\r\n \t<li>The fundamentals affecting organisations: their business processes, human resources and capacity for change.<\/li>\r\n \t<li>Structural changes in their immediate environment: their business model, competitive landscape, developments in their customers\u2019 activities and employee training.<\/li>\r\n<\/ul>\r\nOnly those organisations able to develop an IT system designed to tackle these requirements will be capable of meeting the challenges of tomorrow.\r\n\r\n\u201c<em>We believe that the prospect of an all-digital world will only become a reality if men and women are placed at the heart of major changes, whether social, ecological, political or technological.<\/em>\u201d\u00a0 Olivier Cazzulo, CEO of Netsystem\t\t\t\t\t\t\t\t<\/div>\n\t\t\t\t<\/div>\n\t\t\t\t<\/div>\n\t\t<div class=\"elementor-element elementor-element-0df0fd5 e-con-full e-flex e-con e-child\" data-id=\"0df0fd5\" data-element_type=\"container\" data-e-type=\"container\">\n\t\t\t\t<div class=\"elementor-element elementor-element-7c85275 elementor-widget elementor-widget-image\" data-id=\"7c85275\" data-element_type=\"widget\" data-e-type=\"widget\" data-widget_type=\"image.default\">\n\t\t\t\t<div class=\"elementor-widget-container\">\n\t\t\t\t\t\t\t\t\t\t\t\t\t\t\t<img decoding=\"async\" src=\"https:\/\/netsystem.fr\/wp-content\/uploads\/2023\/12\/olivier-cazzulo.jpg\" title=\"olivier-cazzulo\" alt=\"olivier-cazzulo\" loading=\"lazy\" \/>\t\t\t\t\t\t\t\t\t\t\t\t\t\t\t<\/div>\n\t\t\t\t<\/div>\n\t\t\t\t<\/div>\n\t\t\t\t\t<\/div>\n\t\t\t\t<\/div>\n\t\t<div class=\"elementor-element elementor-element-6f52eda e-flex e-con-boxed e-con e-parent\" data-id=\"6f52eda\" data-element_type=\"container\" data-e-type=\"container\">\n\t\t\t\t\t<div class=\"e-con-inner\">\n\t\t\t\t<div class=\"elementor-element elementor-element-046788d elementor-widget elementor-widget-heading\" data-id=\"046788d\" data-element_type=\"widget\" data-e-type=\"widget\" data-widget_type=\"heading.default\">\n\t\t\t\t<div class=\"elementor-widget-container\">\n\t\t\t\t\t<h2 class=\"elementor-heading-title elementor-size-default\">Our <span style=\"color:#666666\">values<\/span><\/h2>\t\t\t\t<\/div>\n\t\t\t\t<\/div>\n\t\t\t\t\t<\/div>\n\t\t\t\t<\/div>\n\t\t<div class=\"elementor-element elementor-element-9753bad e-flex e-con-boxed e-con e-parent\" data-id=\"9753bad\" data-element_type=\"container\" data-e-type=\"container\">\n\t\t\t\t\t<div class=\"e-con-inner\">\n\t\t<div class=\"elementor-element elementor-element-906310f e-con-full e-flex e-con e-child\" data-id=\"906310f\" data-element_type=\"container\" data-e-type=\"container\">\n\t\t\t\t<div class=\"elementor-element elementor-element-ccc6cea elementor-widget elementor-widget-image\" data-id=\"ccc6cea\" data-element_type=\"widget\" data-e-type=\"widget\" data-widget_type=\"image.default\">\n\t\t\t\t<div class=\"elementor-widget-container\">\n\t\t\t\t\t\t\t\t\t\t\t\t\t\t\t<img fetchpriority=\"high\" decoding=\"async\" width=\"590\" height=\"428\" src=\"https:\/\/netsystem.fr\/wp-content\/uploads\/2023\/12\/10fichier-5.png\" class=\"attachment-full size-full wp-image-239\" alt=\"\" srcset=\"https:\/\/netsystem.fr\/wp-content\/uploads\/2023\/12\/10fichier-5.png 590w, https:\/\/netsystem.fr\/wp-content\/uploads\/2023\/12\/10fichier-5-300x218.png 300w\" sizes=\"(max-width: 590px) 100vw, 590px\" \/>\t\t\t\t\t\t\t\t\t\t\t\t\t\t\t<\/div>\n\t\t\t\t<\/div>\n\t\t\t\t<\/div>\n\t\t<div class=\"elementor-element elementor-element-7cf202f e-con-full e-flex e-con e-child\" data-id=\"7cf202f\" data-element_type=\"container\" data-e-type=\"container\">\n\t\t\t\t<div class=\"elementor-element elementor-element-a8493b0 elementor-widget elementor-widget-heading\" data-id=\"a8493b0\" data-element_type=\"widget\" data-e-type=\"widget\" data-widget_type=\"heading.default\">\n\t\t\t\t<div class=\"elementor-widget-container\">\n\t\t\t\t\t<h3 class=\"elementor-heading-title elementor-size-default\">Independence<\/h3>\t\t\t\t<\/div>\n\t\t\t\t<\/div>\n\t\t\t\t<div class=\"elementor-element elementor-element-1d8a4c8 elementor-widget elementor-widget-text-editor\" data-id=\"1d8a4c8\" data-element_type=\"widget\" data-e-type=\"widget\" data-widget_type=\"text-editor.default\">\n\t\t\t\t<div class=\"elementor-widget-container\">\n\t\t\t\t\t\t\t\t\t<p>We are committed alongside our clients to help them select the best partners to successfully implement their transformation projects. We guarantee absolute impartiality towards the partners who are audited and selected. Partners will only be selected if they are best able to serve our client\u2019s interests \u2013 always with client approval.<\/p>\n\t\t\t\t\t\t\t\t<\/div>\n\t\t\t\t<\/div>\n\t\t\t\t<\/div>\n\t\t\t\t\t<\/div>\n\t\t\t\t<\/div>\n\t\t<div class=\"elementor-element elementor-element-98564b7 e-flex e-con-boxed e-con e-parent\" data-id=\"98564b7\" data-element_type=\"container\" data-e-type=\"container\">\n\t\t\t\t\t<div class=\"e-con-inner\">\n\t\t<div class=\"elementor-element elementor-element-1c383d6 e-con-full e-flex e-con e-child\" data-id=\"1c383d6\" data-element_type=\"container\" data-e-type=\"container\">\n\t\t\t\t<div class=\"elementor-element elementor-element-66433af elementor-widget elementor-widget-heading\" data-id=\"66433af\" data-element_type=\"widget\" data-e-type=\"widget\" data-widget_type=\"heading.default\">\n\t\t\t\t<div class=\"elementor-widget-container\">\n\t\t\t\t\t<h3 class=\"elementor-heading-title elementor-size-default\">Commitment<\/h3>\t\t\t\t<\/div>\n\t\t\t\t<\/div>\n\t\t\t\t<div class=\"elementor-element elementor-element-7779e41 elementor-widget elementor-widget-text-editor\" data-id=\"7779e41\" data-element_type=\"widget\" data-e-type=\"widget\" data-widget_type=\"text-editor.default\">\n\t\t\t\t<div class=\"elementor-widget-container\">\n\t\t\t\t\t\t\t\t\t<p>Our clients\u2019 projects become our own, conducted with passion. We support our clients from definition of need right up to project completion. Our teams work hand-in-hand with our clients and with the unwavering objective of transparency, efficiency and a job well done.<\/p>\n\t\t\t\t\t\t\t\t<\/div>\n\t\t\t\t<\/div>\n\t\t\t\t<\/div>\n\t\t<div class=\"elementor-element elementor-element-a886373 e-con-full e-flex e-con e-child\" data-id=\"a886373\" data-element_type=\"container\" data-e-type=\"container\">\n\t\t\t\t<div class=\"elementor-element elementor-element-05d50a6 elementor-widget elementor-widget-image\" data-id=\"05d50a6\" data-element_type=\"widget\" data-e-type=\"widget\" data-widget_type=\"image.default\">\n\t\t\t\t<div class=\"elementor-widget-container\">\n\t\t\t\t\t\t\t\t\t\t\t\t\t\t\t<img decoding=\"async\" width=\"591\" height=\"427\" src=\"https:\/\/netsystem.fr\/wp-content\/uploads\/2023\/12\/main.png\" class=\"attachment-full size-full wp-image-231\" alt=\"\" srcset=\"https:\/\/netsystem.fr\/wp-content\/uploads\/2023\/12\/main.png 591w, https:\/\/netsystem.fr\/wp-content\/uploads\/2023\/12\/main-300x217.png 300w\" sizes=\"(max-width: 591px) 100vw, 591px\" \/>\t\t\t\t\t\t\t\t\t\t\t\t\t\t\t<\/div>\n\t\t\t\t<\/div>\n\t\t\t\t<\/div>\n\t\t\t\t\t<\/div>\n\t\t\t\t<\/div>\n\t\t<div class=\"elementor-element elementor-element-05369df e-flex e-con-boxed e-con e-parent\" data-id=\"05369df\" data-element_type=\"container\" data-e-type=\"container\">\n\t\t\t\t\t<div class=\"e-con-inner\">\n\t\t<div class=\"elementor-element elementor-element-ad6b5c5 e-con-full e-flex e-con e-child\" data-id=\"ad6b5c5\" data-element_type=\"container\" data-e-type=\"container\">\n\t\t\t\t<div class=\"elementor-element elementor-element-925e287 elementor-widget elementor-widget-image\" data-id=\"925e287\" data-element_type=\"widget\" data-e-type=\"widget\" data-widget_type=\"image.default\">\n\t\t\t\t<div class=\"elementor-widget-container\">\n\t\t\t\t\t\t\t\t\t\t\t\t\t\t\t<img decoding=\"async\" width=\"591\" height=\"427\" src=\"https:\/\/netsystem.fr\/wp-content\/uploads\/2023\/12\/etoile.png\" class=\"attachment-full size-full wp-image-233\" alt=\"\" srcset=\"https:\/\/netsystem.fr\/wp-content\/uploads\/2023\/12\/etoile.png 591w, https:\/\/netsystem.fr\/wp-content\/uploads\/2023\/12\/etoile-300x217.png 300w\" sizes=\"(max-width: 591px) 100vw, 591px\" \/>\t\t\t\t\t\t\t\t\t\t\t\t\t\t\t<\/div>\n\t\t\t\t<\/div>\n\t\t\t\t<\/div>\n\t\t<div class=\"elementor-element elementor-element-38ceea0 e-con-full e-flex e-con e-child\" data-id=\"38ceea0\" data-element_type=\"container\" data-e-type=\"container\">\n\t\t\t\t<div class=\"elementor-element elementor-element-00dfb95 elementor-widget elementor-widget-heading\" data-id=\"00dfb95\" data-element_type=\"widget\" data-e-type=\"widget\" data-widget_type=\"heading.default\">\n\t\t\t\t<div class=\"elementor-widget-container\">\n\t\t\t\t\t<h3 class=\"elementor-heading-title elementor-size-default\">Transmission<\/h3>\t\t\t\t<\/div>\n\t\t\t\t<\/div>\n\t\t\t\t<div class=\"elementor-element elementor-element-8798c37 elementor-widget elementor-widget-text-editor\" data-id=\"8798c37\" data-element_type=\"widget\" data-e-type=\"widget\" data-widget_type=\"text-editor.default\">\n\t\t\t\t<div class=\"elementor-widget-container\">\n\t\t\t\t\t\t\t\t\t<p>Our personnel and expertise are our key assets that mark us out from the competition. We place transmission at the very heart of our HR strategy. Information exchange, mutual support and permanent skills transfer takes place with the same commitment as offered to our clients.<\/p>\n\t\t\t\t\t\t\t\t<\/div>\n\t\t\t\t<\/div>\n\t\t\t\t<\/div>\n\t\t\t\t\t<\/div>\n\t\t\t\t<\/div>\n\t\t\t\t<\/div>\n\t\t","protected":false},"excerpt":{"rendered":"<p>Our vision Digital transformation is above all a revolution in uses and practices. Smart Industry, Smart Cities, Smart Buildings and even Smart Services: digital technology is all around us nowadays and has never been easier to access! But although technology is becoming ever more widespread, it remains difficult to understand and integrate. Companies are evolving [&hellip;]<\/p>\n","protected":false},"author":1,"featured_media":635,"parent":0,"menu_order":0,"comment_status":"closed","ping_status":"open","template":"","meta":{"_acf_changed":false,"_monsterinsights_skip_tracking":false,"_monsterinsights_sitenote_active":false,"_monsterinsights_sitenote_note":"","_monsterinsights_sitenote_category":0,"footnotes":""},"class_list":["post-634","page","type-page","status-publish","has-post-thumbnail","hentry"],"acf":[],"yoast_head":"<!-- This site is optimized with the Yoast SEO plugin v27.3 - https:\/\/yoast.com\/product\/yoast-seo-wordpress\/ -->\n<title>Netsystem&#039;s Vision: Shaping the Digital Future<\/title>\n<meta name=\"description\" content=\"Discover Netsystem&#039;s forward-thinking approach to digital transformation. Our vision for innovative IT solutions &amp; cybersecurity excellence.\" \/>\n<meta name=\"robots\" content=\"index, follow, max-snippet:-1, max-image-preview:large, max-video-preview:-1\" \/>\n<link rel=\"canonical\" href=\"https:\/\/netsystem.fr\/en\/our-vision\/\" \/>\n<meta property=\"og:locale\" content=\"en_US\" \/>\n<meta property=\"og:type\" content=\"article\" \/>\n<meta property=\"og:title\" content=\"Netsystem&#039;s Vision: Shaping the Digital Future\" \/>\n<meta property=\"og:description\" content=\"Discover Netsystem&#039;s forward-thinking approach to digital transformation. Our vision for innovative IT solutions &amp; cybersecurity excellence.\" \/>\n<meta property=\"og:url\" content=\"https:\/\/netsystem.fr\/en\/our-vision\/\" \/>\n<meta property=\"og:site_name\" content=\"Netsystem\" \/>\n<meta property=\"article:modified_time\" content=\"2024-08-28T08:55:28+00:00\" \/>\n<meta property=\"og:image\" content=\"https:\/\/netsystem.fr\/wp-content\/uploads\/2023\/12\/vision-1.jpg\" \/>\n\t<meta property=\"og:image:width\" content=\"1894\" \/>\n\t<meta property=\"og:image:height\" content=\"816\" \/>\n\t<meta property=\"og:image:type\" content=\"image\/jpeg\" \/>\n<meta name=\"twitter:card\" content=\"summary_large_image\" \/>\n<meta name=\"twitter:label1\" content=\"Est. reading time\" \/>\n\t<meta name=\"twitter:data1\" content=\"3 minutes\" \/>\n<script type=\"application\/ld+json\" class=\"yoast-schema-graph\">{\"@context\":\"https:\\\/\\\/schema.org\",\"@graph\":[{\"@type\":\"WebPage\",\"@id\":\"https:\\\/\\\/netsystem.fr\\\/en\\\/our-vision\\\/\",\"url\":\"https:\\\/\\\/netsystem.fr\\\/en\\\/our-vision\\\/\",\"name\":\"Netsystem's Vision: Shaping the Digital Future\",\"isPartOf\":{\"@id\":\"https:\\\/\\\/netsystem.fr\\\/en\\\/#website\"},\"primaryImageOfPage\":{\"@id\":\"https:\\\/\\\/netsystem.fr\\\/en\\\/our-vision\\\/#primaryimage\"},\"image\":{\"@id\":\"https:\\\/\\\/netsystem.fr\\\/en\\\/our-vision\\\/#primaryimage\"},\"thumbnailUrl\":\"https:\\\/\\\/netsystem.fr\\\/wp-content\\\/uploads\\\/2023\\\/12\\\/vision-1.jpg\",\"datePublished\":\"2019-09-18T09:55:05+00:00\",\"dateModified\":\"2024-08-28T08:55:28+00:00\",\"description\":\"Discover Netsystem's forward-thinking approach to digital transformation. Our vision for innovative IT solutions & cybersecurity excellence.\",\"breadcrumb\":{\"@id\":\"https:\\\/\\\/netsystem.fr\\\/en\\\/our-vision\\\/#breadcrumb\"},\"inLanguage\":\"en-US\",\"potentialAction\":[{\"@type\":\"ReadAction\",\"target\":[\"https:\\\/\\\/netsystem.fr\\\/en\\\/our-vision\\\/\"]}]},{\"@type\":\"ImageObject\",\"inLanguage\":\"en-US\",\"@id\":\"https:\\\/\\\/netsystem.fr\\\/en\\\/our-vision\\\/#primaryimage\",\"url\":\"https:\\\/\\\/netsystem.fr\\\/wp-content\\\/uploads\\\/2023\\\/12\\\/vision-1.jpg\",\"contentUrl\":\"https:\\\/\\\/netsystem.fr\\\/wp-content\\\/uploads\\\/2023\\\/12\\\/vision-1.jpg\",\"width\":1894,\"height\":816},{\"@type\":\"BreadcrumbList\",\"@id\":\"https:\\\/\\\/netsystem.fr\\\/en\\\/our-vision\\\/#breadcrumb\",\"itemListElement\":[{\"@type\":\"ListItem\",\"position\":1,\"name\":\"Home\",\"item\":\"https:\\\/\\\/netsystem.fr\\\/en\\\/\"},{\"@type\":\"ListItem\",\"position\":2,\"name\":\"Our vision\"}]},{\"@type\":\"WebSite\",\"@id\":\"https:\\\/\\\/netsystem.fr\\\/en\\\/#website\",\"url\":\"https:\\\/\\\/netsystem.fr\\\/en\\\/\",\"name\":\"Netsystem\",\"description\":\"Soci\u00e9t\u00e9 de conseil en Syst\u00e8mes d\u2019Informations et en transformation digitale.\",\"publisher\":{\"@id\":\"https:\\\/\\\/netsystem.fr\\\/en\\\/#organization\"},\"potentialAction\":[{\"@type\":\"SearchAction\",\"target\":{\"@type\":\"EntryPoint\",\"urlTemplate\":\"https:\\\/\\\/netsystem.fr\\\/en\\\/?s={search_term_string}\"},\"query-input\":{\"@type\":\"PropertyValueSpecification\",\"valueRequired\":true,\"valueName\":\"search_term_string\"}}],\"inLanguage\":\"en-US\"},{\"@type\":\"Organization\",\"@id\":\"https:\\\/\\\/netsystem.fr\\\/en\\\/#organization\",\"name\":\"Netsystem\",\"url\":\"https:\\\/\\\/netsystem.fr\\\/en\\\/\",\"logo\":{\"@type\":\"ImageObject\",\"inLanguage\":\"en-US\",\"@id\":\"https:\\\/\\\/netsystem.fr\\\/en\\\/#\\\/schema\\\/logo\\\/image\\\/\",\"url\":\"https:\\\/\\\/netsystem.fr\\\/wp-content\\\/uploads\\\/2023\\\/11\\\/netsystem-logo-v3.png\",\"contentUrl\":\"https:\\\/\\\/netsystem.fr\\\/wp-content\\\/uploads\\\/2023\\\/11\\\/netsystem-logo-v3.png\",\"width\":600,\"height\":186,\"caption\":\"Netsystem\"},\"image\":{\"@id\":\"https:\\\/\\\/netsystem.fr\\\/en\\\/#\\\/schema\\\/logo\\\/image\\\/\"}}]}<\/script>\n<!-- \/ Yoast SEO plugin. -->","yoast_head_json":{"title":"Netsystem's Vision: Shaping the Digital Future","description":"Discover Netsystem's forward-thinking approach to digital transformation. Our vision for innovative IT solutions & cybersecurity excellence.","robots":{"index":"index","follow":"follow","max-snippet":"max-snippet:-1","max-image-preview":"max-image-preview:large","max-video-preview":"max-video-preview:-1"},"canonical":"https:\/\/netsystem.fr\/en\/our-vision\/","og_locale":"en_US","og_type":"article","og_title":"Netsystem's Vision: Shaping the Digital Future","og_description":"Discover Netsystem's forward-thinking approach to digital transformation. Our vision for innovative IT solutions & cybersecurity excellence.","og_url":"https:\/\/netsystem.fr\/en\/our-vision\/","og_site_name":"Netsystem","article_modified_time":"2024-08-28T08:55:28+00:00","og_image":[{"width":1894,"height":816,"url":"https:\/\/netsystem.fr\/wp-content\/uploads\/2023\/12\/vision-1.jpg","type":"image\/jpeg"}],"twitter_card":"summary_large_image","twitter_misc":{"Est. reading time":"3 minutes"},"schema":{"@context":"https:\/\/schema.org","@graph":[{"@type":"WebPage","@id":"https:\/\/netsystem.fr\/en\/our-vision\/","url":"https:\/\/netsystem.fr\/en\/our-vision\/","name":"Netsystem's Vision: Shaping the Digital Future","isPartOf":{"@id":"https:\/\/netsystem.fr\/en\/#website"},"primaryImageOfPage":{"@id":"https:\/\/netsystem.fr\/en\/our-vision\/#primaryimage"},"image":{"@id":"https:\/\/netsystem.fr\/en\/our-vision\/#primaryimage"},"thumbnailUrl":"https:\/\/netsystem.fr\/wp-content\/uploads\/2023\/12\/vision-1.jpg","datePublished":"2019-09-18T09:55:05+00:00","dateModified":"2024-08-28T08:55:28+00:00","description":"Discover Netsystem's forward-thinking approach to digital transformation. Our vision for innovative IT solutions & cybersecurity excellence.","breadcrumb":{"@id":"https:\/\/netsystem.fr\/en\/our-vision\/#breadcrumb"},"inLanguage":"en-US","potentialAction":[{"@type":"ReadAction","target":["https:\/\/netsystem.fr\/en\/our-vision\/"]}]},{"@type":"ImageObject","inLanguage":"en-US","@id":"https:\/\/netsystem.fr\/en\/our-vision\/#primaryimage","url":"https:\/\/netsystem.fr\/wp-content\/uploads\/2023\/12\/vision-1.jpg","contentUrl":"https:\/\/netsystem.fr\/wp-content\/uploads\/2023\/12\/vision-1.jpg","width":1894,"height":816},{"@type":"BreadcrumbList","@id":"https:\/\/netsystem.fr\/en\/our-vision\/#breadcrumb","itemListElement":[{"@type":"ListItem","position":1,"name":"Home","item":"https:\/\/netsystem.fr\/en\/"},{"@type":"ListItem","position":2,"name":"Our vision"}]},{"@type":"WebSite","@id":"https:\/\/netsystem.fr\/en\/#website","url":"https:\/\/netsystem.fr\/en\/","name":"Netsystem","description":"Soci\u00e9t\u00e9 de conseil en Syst\u00e8mes d\u2019Informations et en transformation digitale.","publisher":{"@id":"https:\/\/netsystem.fr\/en\/#organization"},"potentialAction":[{"@type":"SearchAction","target":{"@type":"EntryPoint","urlTemplate":"https:\/\/netsystem.fr\/en\/?s={search_term_string}"},"query-input":{"@type":"PropertyValueSpecification","valueRequired":true,"valueName":"search_term_string"}}],"inLanguage":"en-US"},{"@type":"Organization","@id":"https:\/\/netsystem.fr\/en\/#organization","name":"Netsystem","url":"https:\/\/netsystem.fr\/en\/","logo":{"@type":"ImageObject","inLanguage":"en-US","@id":"https:\/\/netsystem.fr\/en\/#\/schema\/logo\/image\/","url":"https:\/\/netsystem.fr\/wp-content\/uploads\/2023\/11\/netsystem-logo-v3.png","contentUrl":"https:\/\/netsystem.fr\/wp-content\/uploads\/2023\/11\/netsystem-logo-v3.png","width":600,"height":186,"caption":"Netsystem"},"image":{"@id":"https:\/\/netsystem.fr\/en\/#\/schema\/logo\/image\/"}}]}},"_links":{"self":[{"href":"https:\/\/netsystem.fr\/en\/wp-json\/wp\/v2\/pages\/634","targetHints":{"allow":["GET"]}}],"collection":[{"href":"https:\/\/netsystem.fr\/en\/wp-json\/wp\/v2\/pages"}],"about":[{"href":"https:\/\/netsystem.fr\/en\/wp-json\/wp\/v2\/types\/page"}],"author":[{"embeddable":true,"href":"https:\/\/netsystem.fr\/en\/wp-json\/wp\/v2\/users\/1"}],"replies":[{"embeddable":true,"href":"https:\/\/netsystem.fr\/en\/wp-json\/wp\/v2\/comments?post=634"}],"version-history":[{"count":3,"href":"https:\/\/netsystem.fr\/en\/wp-json\/wp\/v2\/pages\/634\/revisions"}],"predecessor-version":[{"id":6697,"href":"https:\/\/netsystem.fr\/en\/wp-json\/wp\/v2\/pages\/634\/revisions\/6697"}],"wp:featuredmedia":[{"embeddable":true,"href":"https:\/\/netsystem.fr\/en\/wp-json\/wp\/v2\/media\/635"}],"wp:attachment":[{"href":"https:\/\/netsystem.fr\/en\/wp-json\/wp\/v2\/media?parent=634"}],"curies":[{"name":"wp","href":"https:\/\/api.w.org\/{rel}","templated":true}]}}