{"id":6655,"date":"2024-03-22T10:08:12","date_gmt":"2024-03-22T09:08:12","guid":{"rendered":"https:\/\/netsystem.fr\/press\/"},"modified":"2025-11-04T13:42:19","modified_gmt":"2025-11-04T12:42:19","slug":"press","status":"publish","type":"page","link":"https:\/\/netsystem.fr\/en\/press\/","title":{"rendered":"Press"},"content":{"rendered":"\t\t<div data-elementor-type=\"wp-page\" data-elementor-id=\"6655\" class=\"elementor elementor-6655 elementor-5177\" data-elementor-post-type=\"page\">\n\t\t\t\t<div data-dce-background-color=\"#000000\" data-dce-background-overlay-color=\"#16293699\" data-dce-background-overlay-image-url=\"https:\/\/netsystem.fr\/wp-content\/uploads\/2023\/12\/default-header-bg.jpg\" class=\"elementor-element elementor-element-bcf8a67 e-flex e-con-boxed e-con e-parent\" data-id=\"bcf8a67\" data-element_type=\"container\" data-e-type=\"container\" data-settings=\"{&quot;background_background&quot;:&quot;classic&quot;}\">\n\t\t\t\t\t<div class=\"e-con-inner\">\n\t\t\t\t<div class=\"elementor-element elementor-element-e2a5b7e elementor-widget__width-initial elementor-widget elementor-widget-heading\" data-id=\"e2a5b7e\" data-element_type=\"widget\" data-e-type=\"widget\" data-widget_type=\"heading.default\">\n\t\t\t\t<div class=\"elementor-widget-container\">\n\t\t\t\t\t<h1 class=\"elementor-heading-title elementor-size-default\">Press<br><span style=\"color:#a0a0a0\">Essential information<\/span><\/h1>\t\t\t\t<\/div>\n\t\t\t\t<\/div>\n\t\t\t\t\t<\/div>\n\t\t\t\t<\/div>\n\t\t<div class=\"elementor-element elementor-element-995f483 e-flex e-con-boxed e-con e-parent\" data-id=\"995f483\" data-element_type=\"container\" data-e-type=\"container\" data-settings=\"{&quot;background_background&quot;:&quot;classic&quot;}\">\n\t\t\t\t\t<div class=\"e-con-inner\">\n\t\t<div class=\"elementor-element elementor-element-02e624b e-con-full e-flex e-con e-child\" data-id=\"02e624b\" data-element_type=\"container\" data-e-type=\"container\">\n\t\t\t\t<div class=\"elementor-element elementor-element-6981459 elementor-widget elementor-widget-heading\" data-id=\"6981459\" data-element_type=\"widget\" data-e-type=\"widget\" data-widget_type=\"heading.default\">\n\t\t\t\t<div class=\"elementor-widget-container\">\n\t\t\t\t\t<h2 class=\"elementor-heading-title elementor-size-default\">Cybersecurity<\/h2>\t\t\t\t<\/div>\n\t\t\t\t<\/div>\n\t\t\t\t<\/div>\n\t\t<div class=\"elementor-element elementor-element-d07a0cf e-con-full e-flex e-con e-child\" data-id=\"d07a0cf\" data-element_type=\"container\" data-e-type=\"container\">\n\t\t\t\t<div class=\"elementor-element elementor-element-4fcef55 elementor-widget elementor-widget-heading\" data-id=\"4fcef55\" data-element_type=\"widget\" data-e-type=\"widget\" data-widget_type=\"heading.default\">\n\t\t\t\t<div class=\"elementor-widget-container\">\n\t\t\t\t\t<h2 class=\"elementor-heading-title elementor-size-default\">Compliance<\/h2>\t\t\t\t<\/div>\n\t\t\t\t<\/div>\n\t\t\t\t<\/div>\n\t\t<div class=\"elementor-element elementor-element-f271d47 e-con-full e-flex e-con e-child\" data-id=\"f271d47\" data-element_type=\"container\" data-e-type=\"container\">\n\t\t\t\t<div class=\"elementor-element elementor-element-cceb50c elementor-widget elementor-widget-heading\" data-id=\"cceb50c\" data-element_type=\"widget\" data-e-type=\"widget\" data-widget_type=\"heading.default\">\n\t\t\t\t<div class=\"elementor-widget-container\">\n\t\t\t\t\t<h2 class=\"elementor-heading-title elementor-size-default\">Transformation<\/h2>\t\t\t\t<\/div>\n\t\t\t\t<\/div>\n\t\t\t\t<\/div>\n\t\t<div class=\"elementor-element elementor-element-0fccdd1 e-con-full e-flex e-con e-child\" data-id=\"0fccdd1\" data-element_type=\"container\" data-e-type=\"container\">\n\t\t\t\t<div class=\"elementor-element elementor-element-f59cf15 elementor-widget elementor-widget-heading\" data-id=\"f59cf15\" data-element_type=\"widget\" data-e-type=\"widget\" data-widget_type=\"heading.default\">\n\t\t\t\t<div class=\"elementor-widget-container\">\n\t\t\t\t\t<h2 class=\"elementor-heading-title elementor-size-default\">IT M&amp;A<\/h2>\t\t\t\t<\/div>\n\t\t\t\t<\/div>\n\t\t\t\t<\/div>\n\t\t\t\t\t<\/div>\n\t\t\t\t<\/div>\n\t\t<div class=\"elementor-element elementor-element-0b24e8a e-flex e-con-boxed e-con e-parent\" data-id=\"0b24e8a\" data-element_type=\"container\" data-e-type=\"container\">\n\t\t\t\t\t<div class=\"e-con-inner\">\n\t\t<div class=\"elementor-element elementor-element-d5117b7 e-flex e-con-boxed e-con e-child\" data-id=\"d5117b7\" data-element_type=\"container\" data-e-type=\"container\">\n\t\t\t\t\t<div class=\"e-con-inner\">\n\t\t\t\t<div class=\"elementor-element elementor-element-387ea3c elementor-widget elementor-widget-heading\" data-id=\"387ea3c\" data-element_type=\"widget\" data-e-type=\"widget\" data-widget_type=\"heading.default\">\n\t\t\t\t<div class=\"elementor-widget-container\">\n\t\t\t\t\t<h2 class=\"elementor-heading-title elementor-size-default\">Pitch and key figures<\/h2>\t\t\t\t<\/div>\n\t\t\t\t<\/div>\n\t\t\t\t<div class=\"elementor-element elementor-element-821a08d elementor-widget elementor-widget-text-editor\" data-id=\"821a08d\" data-element_type=\"widget\" data-e-type=\"widget\" data-widget_type=\"text-editor.default\">\n\t\t\t\t<div class=\"elementor-widget-container\">\n\t\t\t\t\t\t\t\t\t<p>Netsystem is an <strong>information systems strategy and project management consultancy<\/strong>. We support organisations in the areas of digital confidence (<a href=\"https:\/\/netsystem.fr\/en\/cybersecurity-make-it-safe\/\">cybersecurity<\/a>\/<a href=\"https:\/\/netsystem.fr\/en\/gdpr-data-compliance\/\">compliance<\/a>) and transformation (<a href=\"https:\/\/netsystem.fr\/en\/make-it-match\/\">IT M&amp;A<\/a>, <a href=\"https:\/\/netsystem.fr\/en\/make-it-easy\/\">IS &amp; Applications<\/a>).<br \/>13 years in business. 30 experts. More than 1,000 assignments completed, 15% of them international. 350 clients. 3.5M TURNOVER.<\/p>\n<p><a href=\"https:\/\/netsystem.fr\/en\/contact-us\/\">Press contact<\/a><\/p>\n\t\t\t\t\t\t\t\t<\/div>\n\t\t\t\t<\/div>\n\t\t\t\t\t<\/div>\n\t\t\t\t<\/div>\n\t\t<div class=\"elementor-element elementor-element-d6cf8ed e-flex e-con-boxed e-con e-child\" data-id=\"d6cf8ed\" data-element_type=\"container\" data-e-type=\"container\">\n\t\t\t\t\t<div class=\"e-con-inner\">\n\t\t\t\t<div class=\"elementor-element elementor-element-881a15b elementor-widget elementor-widget-video\" data-id=\"881a15b\" data-element_type=\"widget\" data-e-type=\"widget\" data-settings=\"{&quot;youtube_url&quot;:&quot;https:\\\/\\\/youtu.be\\\/Hq7OISuhols?si=oY_zFCpyHHIlIGqG&quot;,&quot;show_image_overlay&quot;:&quot;yes&quot;,&quot;image_overlay&quot;:{&quot;url&quot;:&quot;https:\\\/\\\/netsystem.fr\\\/wp-content\\\/uploads\\\/2024\\\/02\\\/CFNews.png&quot;,&quot;id&quot;:4781,&quot;size&quot;:&quot;&quot;,&quot;alt&quot;:&quot;&quot;,&quot;source&quot;:&quot;library&quot;},&quot;video_type&quot;:&quot;youtube&quot;,&quot;controls&quot;:&quot;yes&quot;}\" data-widget_type=\"video.default\">\n\t\t\t\t<div class=\"elementor-widget-container\">\n\t\t\t\t\t\t\t<div class=\"elementor-wrapper elementor-open-inline\">\n\t\t\t<div class=\"elementor-video\"><\/div>\t\t\t\t<div class=\"elementor-custom-embed-image-overlay\" style=\"background-image: url(https:\/\/netsystem.fr\/wp-content\/uploads\/2024\/02\/CFNews.png);\">\n\t\t\t\t\t\t\t\t\t\t\t\t\t\t<\/div>\n\t\t\t\t\t<\/div>\n\t\t\t\t\t\t<\/div>\n\t\t\t\t<\/div>\n\t\t\t\t\t<\/div>\n\t\t\t\t<\/div>\n\t\t\t\t\t<\/div>\n\t\t\t\t<\/div>\n\t\t<div class=\"elementor-element elementor-element-92abf50 e-flex e-con-boxed e-con e-parent\" data-id=\"92abf50\" data-element_type=\"container\" data-e-type=\"container\">\n\t\t\t\t\t<div class=\"e-con-inner\">\n\t\t\t\t<div class=\"elementor-element elementor-element-b186d5e elementor-widget-divider--view-line elementor-widget elementor-widget-divider\" data-id=\"b186d5e\" data-element_type=\"widget\" data-e-type=\"widget\" data-widget_type=\"divider.default\">\n\t\t\t\t<div class=\"elementor-widget-container\">\n\t\t\t\t\t\t\t<div class=\"elementor-divider\">\n\t\t\t<span class=\"elementor-divider-separator\">\n\t\t\t\t\t\t<\/span>\n\t\t<\/div>\n\t\t\t\t\t\t<\/div>\n\t\t\t\t<\/div>\n\t\t\t\t\t<\/div>\n\t\t\t\t<\/div>\n\t\t<div class=\"elementor-element elementor-element-cb5227d e-flex e-con-boxed e-con e-parent\" data-id=\"cb5227d\" data-element_type=\"container\" data-e-type=\"container\">\n\t\t\t\t\t<div class=\"e-con-inner\">\n\t\t<div class=\"elementor-element elementor-element-2023bdc e-flex e-con-boxed e-con e-child\" data-id=\"2023bdc\" data-element_type=\"container\" data-e-type=\"container\">\n\t\t\t\t\t<div class=\"e-con-inner\">\n\t\t\t\t<div class=\"elementor-element elementor-element-e540ac1 elementor-widget elementor-widget-heading\" data-id=\"e540ac1\" data-element_type=\"widget\" data-e-type=\"widget\" data-widget_type=\"heading.default\">\n\t\t\t\t<div class=\"elementor-widget-container\">\n\t\t\t\t\t<h2 class=\"elementor-heading-title elementor-size-default\">M\u00e9dias kit<\/h2>\t\t\t\t<\/div>\n\t\t\t\t<\/div>\n\t\t\t\t<div class=\"elementor-element elementor-element-cfa10bc elementor-widget elementor-widget-text-editor\" data-id=\"cfa10bc\" data-element_type=\"widget\" data-e-type=\"widget\" data-widget_type=\"text-editor.default\">\n\t\t\t\t<div class=\"elementor-widget-container\">\n\t\t\t\t\t\t\t\t\t<ul>\n<li>Download <a href=\"\/wp-content\/uploads\/2025\/11\/LogosNetsystem2025.zip\"> Netsystem logo (png + vectorised)<\/a><\/li>\n<li>Download <a href=\"\/wp-content\/uploads\/2024\/03\/Kit-logos-dposystem.zip\">dposystem logos (png + vectorised)<\/a><\/li>\n<li>Download <a href=\"https:\/\/netsystem.fr\/wp-content\/uploads\/2024\/08\/plaquette_netsystem.pdf\" target=\"_blank\" rel=\"noopener\">Brochure<\/a><\/li>\n<li><a href=\"\/wp-content\/uploads\/2024\/03\/Rapport-dactivite-EP-version-finale-2021.pdf\" target=\"_blank\" rel=\"noopener\">Business report<\/a><\/li>\n<\/ul>\n\t\t\t\t\t\t\t\t<\/div>\n\t\t\t\t<\/div>\n\t\t\t\t\t<\/div>\n\t\t\t\t<\/div>\n\t\t<div class=\"elementor-element elementor-element-045c68e e-flex e-con-boxed e-con e-child\" data-id=\"045c68e\" data-element_type=\"container\" data-e-type=\"container\">\n\t\t\t\t\t<div class=\"e-con-inner\">\n\t\t\t\t<div class=\"elementor-element elementor-element-cc2ebe1 elementor-widget elementor-widget-image\" data-id=\"cc2ebe1\" data-element_type=\"widget\" data-e-type=\"widget\" data-widget_type=\"image.default\">\n\t\t\t\t<div class=\"elementor-widget-container\">\n\t\t\t\t\t\t\t\t\t\t\t\t\t\t\t<img fetchpriority=\"high\" decoding=\"async\" width=\"800\" height=\"244\" src=\"https:\/\/netsystem.fr\/wp-content\/uploads\/2025\/11\/LogoNetsystem2025-1024x312.png\" class=\"attachment-large size-large wp-image-13269\" alt=\"\" srcset=\"https:\/\/netsystem.fr\/wp-content\/uploads\/2025\/11\/LogoNetsystem2025-1024x312.png 1024w, https:\/\/netsystem.fr\/wp-content\/uploads\/2025\/11\/LogoNetsystem2025-300x91.png 300w, https:\/\/netsystem.fr\/wp-content\/uploads\/2025\/11\/LogoNetsystem2025-768x234.png 768w, https:\/\/netsystem.fr\/wp-content\/uploads\/2025\/11\/LogoNetsystem2025-1536x468.png 1536w, https:\/\/netsystem.fr\/wp-content\/uploads\/2025\/11\/LogoNetsystem2025.png 2009w\" sizes=\"(max-width: 800px) 100vw, 800px\" \/>\t\t\t\t\t\t\t\t\t\t\t\t\t\t\t<\/div>\n\t\t\t\t<\/div>\n\t\t\t\t\t<\/div>\n\t\t\t\t<\/div>\n\t\t\t\t\t<\/div>\n\t\t\t\t<\/div>\n\t\t<div class=\"elementor-element elementor-element-779d406 e-flex e-con-boxed e-con e-parent\" data-id=\"779d406\" data-element_type=\"container\" data-e-type=\"container\">\n\t\t\t\t\t<div class=\"e-con-inner\">\n\t\t\t\t<div class=\"elementor-element elementor-element-a76c9cb elementor-widget-divider--view-line elementor-widget elementor-widget-divider\" data-id=\"a76c9cb\" data-element_type=\"widget\" data-e-type=\"widget\" data-widget_type=\"divider.default\">\n\t\t\t\t<div class=\"elementor-widget-container\">\n\t\t\t\t\t\t\t<div class=\"elementor-divider\">\n\t\t\t<span class=\"elementor-divider-separator\">\n\t\t\t\t\t\t<\/span>\n\t\t<\/div>\n\t\t\t\t\t\t<\/div>\n\t\t\t\t<\/div>\n\t\t\t\t\t<\/div>\n\t\t\t\t<\/div>\n\t\t<div class=\"elementor-element elementor-element-0591ba1 e-flex e-con-boxed e-con e-parent\" data-id=\"0591ba1\" data-element_type=\"container\" data-e-type=\"container\">\n\t\t\t\t\t<div class=\"e-con-inner\">\n\t\t<div class=\"elementor-element elementor-element-157379c e-flex e-con-boxed e-con e-child\" data-id=\"157379c\" data-element_type=\"container\" data-e-type=\"container\">\n\t\t\t\t\t<div class=\"e-con-inner\">\n\t\t\t\t<div class=\"elementor-element elementor-element-6049b6d elementor-widget elementor-widget-heading\" data-id=\"6049b6d\" data-element_type=\"widget\" data-e-type=\"widget\" data-widget_type=\"heading.default\">\n\t\t\t\t<div class=\"elementor-widget-container\">\n\t\t\t\t\t<h2 class=\"elementor-heading-title elementor-size-default\">Netsystem is committed to its digital ecosystem, to the planet, to young people and to the region where it was born.<\/h2>\t\t\t\t<\/div>\n\t\t\t\t<\/div>\n\t\t\t\t<div class=\"elementor-element elementor-element-79eaa0c elementor-widget elementor-widget-text-editor\" data-id=\"79eaa0c\" data-element_type=\"widget\" data-e-type=\"widget\" data-widget_type=\"text-editor.default\">\n\t\t\t\t<div class=\"elementor-widget-container\">\n\t\t\t\t\t\t\t\t\t<ul>\n<li>Our Chairman Olivier CAZZULO is a member of the NUMEUM Executive Board, in charge of the regions.<\/li>\n<li>Netsystem s&#8217;engage pour la plan\u00e8te (<a href=\"https:\/\/cec-impact.org\/cec-territoriales\/cec-provence-corse\/\" target=\"_blank\" rel=\"noopener\">CEC Provence-Corse<\/a>)<\/li>\n<li><a href=\"https:\/\/netsystem.fr\/netsystem-soutient-les-jeunes-entrepreneurs\/\">Netsystem soutient les jeunes entrepreneurs<\/a><\/li>\n<li>Netsystem soutient l&#8217;exposition <a href=\"https:\/\/www.museeregardsdeprovence.com\/exposition\/marseille-au-coeur-maritime-collection-de-la-chambre-de-commerce-et-dindustrie#:~:text=Du%207%20mai%20au%202,portuaire%20et%20sa%20rade%20se\" target=\"_blank\" rel=\"noopener\">Marseille au coeur Maritime<\/a><\/li>\n<\/ul>\n\t\t\t\t\t\t\t\t<\/div>\n\t\t\t\t<\/div>\n\t\t\t\t\t<\/div>\n\t\t\t\t<\/div>\n\t\t<div class=\"elementor-element elementor-element-5a5b3bf e-flex e-con-boxed e-con e-child\" data-id=\"5a5b3bf\" data-element_type=\"container\" data-e-type=\"container\">\n\t\t\t\t\t<div class=\"e-con-inner\">\n\t\t\t\t<div class=\"elementor-element elementor-element-10fb64b elementor-widget elementor-widget-image\" data-id=\"10fb64b\" data-element_type=\"widget\" data-e-type=\"widget\" data-widget_type=\"image.default\">\n\t\t\t\t<div class=\"elementor-widget-container\">\n\t\t\t\t\t\t\t\t\t\t\t\t\t\t\t<img decoding=\"async\" width=\"690\" height=\"660\" src=\"https:\/\/netsystem.fr\/wp-content\/uploads\/2023\/12\/cec_netsystem.jpg\" class=\"attachment-large size-large wp-image-1279\" alt=\"\" srcset=\"https:\/\/netsystem.fr\/wp-content\/uploads\/2023\/12\/cec_netsystem.jpg 690w, https:\/\/netsystem.fr\/wp-content\/uploads\/2023\/12\/cec_netsystem-300x287.jpg 300w\" sizes=\"(max-width: 690px) 100vw, 690px\" \/>\t\t\t\t\t\t\t\t\t\t\t\t\t\t\t<\/div>\n\t\t\t\t<\/div>\n\t\t\t\t\t<\/div>\n\t\t\t\t<\/div>\n\t\t\t\t\t<\/div>\n\t\t\t\t<\/div>\n\t\t\t\t<\/div>\n\t\t","protected":false},"excerpt":{"rendered":"<p>PressEssential information Cybersecurity Compliance Transformation IT M&amp;A Pitch and key figures Netsystem is an information systems strategy and project management consultancy. We support organisations in the areas of digital confidence (cybersecurity\/compliance) and transformation (IT M&amp;A, IS &amp; Applications).13 years in business. 30 experts. More than 1,000 assignments completed, 15% of them international. 350 clients. 3.5M [&hellip;]<\/p>\n","protected":false},"author":3,"featured_media":0,"parent":0,"menu_order":0,"comment_status":"closed","ping_status":"closed","template":"elementor_header_footer","meta":{"_acf_changed":false,"_monsterinsights_skip_tracking":false,"_monsterinsights_sitenote_active":false,"_monsterinsights_sitenote_note":"","_monsterinsights_sitenote_category":0,"footnotes":""},"class_list":["post-6655","page","type-page","status-publish","hentry"],"acf":[],"yoast_head":"<!-- This site is optimized with the Yoast SEO plugin v27.3 - https:\/\/yoast.com\/product\/yoast-seo-wordpress\/ -->\n<title>Press and media: essential information from Netsystem<\/title>\n<meta name=\"description\" content=\"Press and media. Essential information about Netsystem, IT &amp; IS strategy consultancy: expertise, offerings, key figures\" \/>\n<meta name=\"robots\" content=\"index, follow, max-snippet:-1, max-image-preview:large, max-video-preview:-1\" \/>\n<link rel=\"canonical\" href=\"https:\/\/netsystem.fr\/en\/press\/\" \/>\n<meta property=\"og:locale\" content=\"en_US\" \/>\n<meta property=\"og:type\" content=\"article\" \/>\n<meta property=\"og:title\" content=\"Press and media: essential information from Netsystem\" \/>\n<meta property=\"og:description\" content=\"Press and media. Essential information about Netsystem, IT &amp; IS strategy consultancy: expertise, offerings, key figures\" \/>\n<meta property=\"og:url\" content=\"https:\/\/netsystem.fr\/en\/press\/\" \/>\n<meta property=\"og:site_name\" content=\"Netsystem\" \/>\n<meta property=\"article:modified_time\" content=\"2025-11-04T12:42:19+00:00\" \/>\n<meta property=\"og:image\" content=\"https:\/\/netsystem.fr\/wp-content\/uploads\/2025\/11\/LogoNetsystem2025.png\" \/>\n\t<meta property=\"og:image:width\" content=\"2009\" \/>\n\t<meta property=\"og:image:height\" content=\"612\" \/>\n\t<meta property=\"og:image:type\" content=\"image\/png\" \/>\n<meta name=\"twitter:card\" content=\"summary_large_image\" \/>\n<meta name=\"twitter:label1\" content=\"Est. reading time\" \/>\n\t<meta name=\"twitter:data1\" content=\"1 minute\" \/>\n<script type=\"application\/ld+json\" class=\"yoast-schema-graph\">{\"@context\":\"https:\\\/\\\/schema.org\",\"@graph\":[{\"@type\":\"WebPage\",\"@id\":\"https:\\\/\\\/netsystem.fr\\\/en\\\/press\\\/\",\"url\":\"https:\\\/\\\/netsystem.fr\\\/en\\\/press\\\/\",\"name\":\"Press and media: essential information from Netsystem\",\"isPartOf\":{\"@id\":\"https:\\\/\\\/netsystem.fr\\\/en\\\/#website\"},\"primaryImageOfPage\":{\"@id\":\"https:\\\/\\\/netsystem.fr\\\/en\\\/press\\\/#primaryimage\"},\"image\":{\"@id\":\"https:\\\/\\\/netsystem.fr\\\/en\\\/press\\\/#primaryimage\"},\"thumbnailUrl\":\"https:\\\/\\\/netsystem.fr\\\/wp-content\\\/uploads\\\/2025\\\/11\\\/LogoNetsystem2025-1024x312.png\",\"datePublished\":\"2024-03-22T09:08:12+00:00\",\"dateModified\":\"2025-11-04T12:42:19+00:00\",\"description\":\"Press and media. Essential information about Netsystem, IT & IS strategy consultancy: expertise, offerings, key figures\",\"breadcrumb\":{\"@id\":\"https:\\\/\\\/netsystem.fr\\\/en\\\/press\\\/#breadcrumb\"},\"inLanguage\":\"en-US\",\"potentialAction\":[{\"@type\":\"ReadAction\",\"target\":[\"https:\\\/\\\/netsystem.fr\\\/en\\\/press\\\/\"]}]},{\"@type\":\"ImageObject\",\"inLanguage\":\"en-US\",\"@id\":\"https:\\\/\\\/netsystem.fr\\\/en\\\/press\\\/#primaryimage\",\"url\":\"https:\\\/\\\/netsystem.fr\\\/wp-content\\\/uploads\\\/2025\\\/11\\\/LogoNetsystem2025-1024x312.png\",\"contentUrl\":\"https:\\\/\\\/netsystem.fr\\\/wp-content\\\/uploads\\\/2025\\\/11\\\/LogoNetsystem2025-1024x312.png\"},{\"@type\":\"BreadcrumbList\",\"@id\":\"https:\\\/\\\/netsystem.fr\\\/en\\\/press\\\/#breadcrumb\",\"itemListElement\":[{\"@type\":\"ListItem\",\"position\":1,\"name\":\"Home\",\"item\":\"https:\\\/\\\/netsystem.fr\\\/en\\\/\"},{\"@type\":\"ListItem\",\"position\":2,\"name\":\"Press\"}]},{\"@type\":\"WebSite\",\"@id\":\"https:\\\/\\\/netsystem.fr\\\/en\\\/#website\",\"url\":\"https:\\\/\\\/netsystem.fr\\\/en\\\/\",\"name\":\"Netsystem\",\"description\":\"Soci\u00e9t\u00e9 de conseil en Syst\u00e8mes d\u2019Informations et en transformation digitale.\",\"publisher\":{\"@id\":\"https:\\\/\\\/netsystem.fr\\\/en\\\/#organization\"},\"potentialAction\":[{\"@type\":\"SearchAction\",\"target\":{\"@type\":\"EntryPoint\",\"urlTemplate\":\"https:\\\/\\\/netsystem.fr\\\/en\\\/?s={search_term_string}\"},\"query-input\":{\"@type\":\"PropertyValueSpecification\",\"valueRequired\":true,\"valueName\":\"search_term_string\"}}],\"inLanguage\":\"en-US\"},{\"@type\":\"Organization\",\"@id\":\"https:\\\/\\\/netsystem.fr\\\/en\\\/#organization\",\"name\":\"Netsystem\",\"url\":\"https:\\\/\\\/netsystem.fr\\\/en\\\/\",\"logo\":{\"@type\":\"ImageObject\",\"inLanguage\":\"en-US\",\"@id\":\"https:\\\/\\\/netsystem.fr\\\/en\\\/#\\\/schema\\\/logo\\\/image\\\/\",\"url\":\"https:\\\/\\\/netsystem.fr\\\/wp-content\\\/uploads\\\/2023\\\/11\\\/netsystem-logo-v3.png\",\"contentUrl\":\"https:\\\/\\\/netsystem.fr\\\/wp-content\\\/uploads\\\/2023\\\/11\\\/netsystem-logo-v3.png\",\"width\":600,\"height\":186,\"caption\":\"Netsystem\"},\"image\":{\"@id\":\"https:\\\/\\\/netsystem.fr\\\/en\\\/#\\\/schema\\\/logo\\\/image\\\/\"}}]}<\/script>\n<!-- \/ Yoast SEO plugin. -->","yoast_head_json":{"title":"Press and media: essential information from Netsystem","description":"Press and media. Essential information about Netsystem, IT & IS strategy consultancy: expertise, offerings, key figures","robots":{"index":"index","follow":"follow","max-snippet":"max-snippet:-1","max-image-preview":"max-image-preview:large","max-video-preview":"max-video-preview:-1"},"canonical":"https:\/\/netsystem.fr\/en\/press\/","og_locale":"en_US","og_type":"article","og_title":"Press and media: essential information from Netsystem","og_description":"Press and media. Essential information about Netsystem, IT & IS strategy consultancy: expertise, offerings, key figures","og_url":"https:\/\/netsystem.fr\/en\/press\/","og_site_name":"Netsystem","article_modified_time":"2025-11-04T12:42:19+00:00","og_image":[{"width":2009,"height":612,"url":"https:\/\/netsystem.fr\/wp-content\/uploads\/2025\/11\/LogoNetsystem2025.png","type":"image\/png"}],"twitter_card":"summary_large_image","twitter_misc":{"Est. reading time":"1 minute"},"schema":{"@context":"https:\/\/schema.org","@graph":[{"@type":"WebPage","@id":"https:\/\/netsystem.fr\/en\/press\/","url":"https:\/\/netsystem.fr\/en\/press\/","name":"Press and media: essential information from Netsystem","isPartOf":{"@id":"https:\/\/netsystem.fr\/en\/#website"},"primaryImageOfPage":{"@id":"https:\/\/netsystem.fr\/en\/press\/#primaryimage"},"image":{"@id":"https:\/\/netsystem.fr\/en\/press\/#primaryimage"},"thumbnailUrl":"https:\/\/netsystem.fr\/wp-content\/uploads\/2025\/11\/LogoNetsystem2025-1024x312.png","datePublished":"2024-03-22T09:08:12+00:00","dateModified":"2025-11-04T12:42:19+00:00","description":"Press and media. Essential information about Netsystem, IT & IS strategy consultancy: expertise, offerings, key figures","breadcrumb":{"@id":"https:\/\/netsystem.fr\/en\/press\/#breadcrumb"},"inLanguage":"en-US","potentialAction":[{"@type":"ReadAction","target":["https:\/\/netsystem.fr\/en\/press\/"]}]},{"@type":"ImageObject","inLanguage":"en-US","@id":"https:\/\/netsystem.fr\/en\/press\/#primaryimage","url":"https:\/\/netsystem.fr\/wp-content\/uploads\/2025\/11\/LogoNetsystem2025-1024x312.png","contentUrl":"https:\/\/netsystem.fr\/wp-content\/uploads\/2025\/11\/LogoNetsystem2025-1024x312.png"},{"@type":"BreadcrumbList","@id":"https:\/\/netsystem.fr\/en\/press\/#breadcrumb","itemListElement":[{"@type":"ListItem","position":1,"name":"Home","item":"https:\/\/netsystem.fr\/en\/"},{"@type":"ListItem","position":2,"name":"Press"}]},{"@type":"WebSite","@id":"https:\/\/netsystem.fr\/en\/#website","url":"https:\/\/netsystem.fr\/en\/","name":"Netsystem","description":"Soci\u00e9t\u00e9 de conseil en Syst\u00e8mes d\u2019Informations et en transformation digitale.","publisher":{"@id":"https:\/\/netsystem.fr\/en\/#organization"},"potentialAction":[{"@type":"SearchAction","target":{"@type":"EntryPoint","urlTemplate":"https:\/\/netsystem.fr\/en\/?s={search_term_string}"},"query-input":{"@type":"PropertyValueSpecification","valueRequired":true,"valueName":"search_term_string"}}],"inLanguage":"en-US"},{"@type":"Organization","@id":"https:\/\/netsystem.fr\/en\/#organization","name":"Netsystem","url":"https:\/\/netsystem.fr\/en\/","logo":{"@type":"ImageObject","inLanguage":"en-US","@id":"https:\/\/netsystem.fr\/en\/#\/schema\/logo\/image\/","url":"https:\/\/netsystem.fr\/wp-content\/uploads\/2023\/11\/netsystem-logo-v3.png","contentUrl":"https:\/\/netsystem.fr\/wp-content\/uploads\/2023\/11\/netsystem-logo-v3.png","width":600,"height":186,"caption":"Netsystem"},"image":{"@id":"https:\/\/netsystem.fr\/en\/#\/schema\/logo\/image\/"}}]}},"_links":{"self":[{"href":"https:\/\/netsystem.fr\/en\/wp-json\/wp\/v2\/pages\/6655","targetHints":{"allow":["GET"]}}],"collection":[{"href":"https:\/\/netsystem.fr\/en\/wp-json\/wp\/v2\/pages"}],"about":[{"href":"https:\/\/netsystem.fr\/en\/wp-json\/wp\/v2\/types\/page"}],"author":[{"embeddable":true,"href":"https:\/\/netsystem.fr\/en\/wp-json\/wp\/v2\/users\/3"}],"replies":[{"embeddable":true,"href":"https:\/\/netsystem.fr\/en\/wp-json\/wp\/v2\/comments?post=6655"}],"version-history":[{"count":4,"href":"https:\/\/netsystem.fr\/en\/wp-json\/wp\/v2\/pages\/6655\/revisions"}],"predecessor-version":[{"id":13274,"href":"https:\/\/netsystem.fr\/en\/wp-json\/wp\/v2\/pages\/6655\/revisions\/13274"}],"wp:attachment":[{"href":"https:\/\/netsystem.fr\/en\/wp-json\/wp\/v2\/media?parent=6655"}],"curies":[{"name":"wp","href":"https:\/\/api.w.org\/{rel}","templated":true}]}}