{"id":723,"date":"2019-09-23T08:19:08","date_gmt":"2019-09-23T06:19:08","guid":{"rendered":"https:\/\/netsystem.fr\/contact-us\/"},"modified":"2024-08-28T10:54:43","modified_gmt":"2024-08-28T08:54:43","slug":"contact-us","status":"publish","type":"page","link":"https:\/\/netsystem.fr\/en\/contact-us\/","title":{"rendered":"Contact us"},"content":{"rendered":"\t\t<div data-elementor-type=\"wp-page\" data-elementor-id=\"723\" class=\"elementor elementor-723 elementor-276\" data-elementor-post-type=\"page\">\n\t\t\t\t<div data-dce-background-color=\"#000000\" data-dce-background-overlay-color=\"#16293699\" data-dce-background-overlay-image-url=\"https:\/\/netsystem.fr\/wp-content\/uploads\/2023\/12\/saxo.jpg\" class=\"elementor-element elementor-element-6208388c e-flex e-con-boxed e-con e-parent\" data-id=\"6208388c\" data-element_type=\"container\" data-e-type=\"container\" data-settings=\"{&quot;background_background&quot;:&quot;classic&quot;}\">\n\t\t\t\t\t<div class=\"e-con-inner\">\n\t\t\t\t<div class=\"elementor-element elementor-element-dd96570 elementor-widget__width-initial elementor-widget elementor-widget-heading\" data-id=\"dd96570\" data-element_type=\"widget\" data-e-type=\"widget\" data-widget_type=\"heading.default\">\n\t\t\t\t<div class=\"elementor-widget-container\">\n\t\t\t\t\t<h1 class=\"elementor-heading-title elementor-size-default\">Contact us<\/h1>\t\t\t\t<\/div>\n\t\t\t\t<\/div>\n\t\t\t\t\t<\/div>\n\t\t\t\t<\/div>\n\t\t<div class=\"elementor-element elementor-element-34415668 e-flex e-con-boxed e-con e-parent\" data-id=\"34415668\" data-element_type=\"container\" data-e-type=\"container\">\n\t\t\t\t\t<div class=\"e-con-inner\">\n\t\t\t\t<div class=\"elementor-element elementor-element-628736a3 elementor-widget elementor-widget-breadcrumbs\" data-id=\"628736a3\" data-element_type=\"widget\" data-e-type=\"widget\" data-widget_type=\"breadcrumbs.default\">\n\t\t\t\t<div class=\"elementor-widget-container\">\n\t\t\t\t\t<p id=\"breadcrumbs\"><span><span><a href=\"https:\/\/netsystem.fr\/en\/\">Home<\/a><\/span><\/span><\/p>\t\t\t\t<\/div>\n\t\t\t\t<\/div>\n\t\t\t\t\t<\/div>\n\t\t\t\t<\/div>\n\t\t<div class=\"elementor-element elementor-element-4b68f8c e-flex e-con-boxed e-con e-parent\" data-id=\"4b68f8c\" data-element_type=\"container\" data-e-type=\"container\">\n\t\t\t\t\t<div class=\"e-con-inner\">\n\t\t<div class=\"elementor-element elementor-element-2e8aa7b e-con-full e-flex e-con e-child\" data-id=\"2e8aa7b\" data-element_type=\"container\" data-e-type=\"container\">\n\t\t\t\t<div class=\"elementor-element elementor-element-d1480e1 elementor-align-left elementor-widget elementor-widget-button\" data-id=\"d1480e1\" data-element_type=\"widget\" data-e-type=\"widget\" data-widget_type=\"button.default\">\n\t\t\t\t<div class=\"elementor-widget-container\">\n\t\t\t\t\t\t\t\t\t<div class=\"elementor-button-wrapper\">\n\t\t\t\t\t<a class=\"elementor-button elementor-button-link elementor-size-sm\" href=\"https:\/\/netsystem.fr\/en\/join-us\/\">\n\t\t\t\t\t\t<span class=\"elementor-button-content-wrapper\">\n\t\t\t\t\t\t<span class=\"elementor-button-icon\">\n\t\t\t\t<svg aria-hidden=\"true\" class=\"e-font-icon-svg e-far-arrow-alt-circle-right\" viewBox=\"0 0 512 512\" xmlns=\"http:\/\/www.w3.org\/2000\/svg\"><path d=\"M504 256C504 119 393 8 256 8S8 119 8 256s111 248 248 248 248-111 248-248zm-448 0c0-110.5 89.5-200 200-200s200 89.5 200 200-89.5 200-200 200S56 366.5 56 256zm72 20v-40c0-6.6 5.4-12 12-12h116v-67c0-10.7 12.9-16 20.5-8.5l99 99c4.7 4.7 4.7 12.3 0 17l-99 99c-7.6 7.6-20.5 2.2-20.5-8.5v-67H140c-6.6 0-12-5.4-12-12z\"><\/path><\/svg>\t\t\t<\/span>\n\t\t\t\t\t\t\t\t\t<span class=\"elementor-button-text\">Pour les candidatures, cliquez ici<\/span>\n\t\t\t\t\t<\/span>\n\t\t\t\t\t<\/a>\n\t\t\t\t<\/div>\n\t\t\t\t\t\t\t\t<\/div>\n\t\t\t\t<\/div>\n\t\t\t\t<div class=\"elementor-element elementor-element-7bb8126 elementor-widget elementor-widget-text-editor\" data-id=\"7bb8126\" data-element_type=\"widget\" data-e-type=\"widget\" data-widget_type=\"text-editor.default\">\n\t\t\t\t<div class=\"elementor-widget-container\">\n\t\t\t\t\t\t\t\t\t<form id=\"foss-63b2e27d54067a2e9841f0f1\"><\/form>\n<p><script async src='https:\/\/api.plezi.co\/api\/v1\/web_forms\/scripts?tenant_id=63b2e27754067a2e9841f03e&#038;form_id=63b2e27c54067a2e9841f0e4&#038;form_version=3&#038;content_web_form_id=63b2e27d54067a2e9841f0f1&#038;plz_lang=fr'><\/script><\/p>\n\t\t\t\t\t\t\t\t<\/div>\n\t\t\t\t<\/div>\n\t\t\t\t<\/div>\n\t\t<div class=\"elementor-element elementor-element-b4cec52 e-con-full e-flex e-con e-child\" data-id=\"b4cec52\" data-element_type=\"container\" data-e-type=\"container\" data-settings=\"{&quot;background_background&quot;:&quot;classic&quot;}\">\n\t\t\t\t<div class=\"elementor-element elementor-element-162780f elementor-widget elementor-widget-heading\" data-id=\"162780f\" data-element_type=\"widget\" data-e-type=\"widget\" data-widget_type=\"heading.default\">\n\t\t\t\t<div class=\"elementor-widget-container\">\n\t\t\t\t\t<h2 class=\"elementor-heading-title elementor-size-default\">Visit us<\/h2>\t\t\t\t<\/div>\n\t\t\t\t<\/div>\n\t\t\t\t<div class=\"elementor-element elementor-element-3f09986 elementor-widget elementor-widget-text-editor\" data-id=\"3f09986\" data-element_type=\"widget\" data-e-type=\"widget\" data-widget_type=\"text-editor.default\">\n\t\t\t\t<div class=\"elementor-widget-container\">\n\t\t\t\t\t\t\t\t\t<h3>Paris<\/h3>\n<p>34 rue Bassano<br \/>75008 Paris<br \/>01 85 64 20 30<\/p>\n<h3>Aix-en-Provence (Headquarter)<\/h3>\n<p>6 P.A, Bompertuis<br \/>13120 Gardanne<br \/>+33 (0)4 42 65 85 40<\/p>\n\t\t\t\t\t\t\t\t<\/div>\n\t\t\t\t<\/div>\n\t\t\t\t<div class=\"elementor-element elementor-element-66b5e8c elementor-widget elementor-widget-text-editor\" data-id=\"66b5e8c\" data-element_type=\"widget\" data-e-type=\"widget\" data-widget_type=\"text-editor.default\">\n\t\t\t\t<div class=\"elementor-widget-container\">\n\t\t\t\t\t\t\t\t\t<p><iframe src=\"https:\/\/www.google.com\/maps\/embed?pb=!1m14!1m8!1m3!1d10497.552951570971!2d2.298635!3d48.869875!3m2!1i1024!2i768!4f13.1!3m3!1m2!1s0x47e66fe9b2694a13%3A0x7fd418a7971a2130!2s34%20Rue%20de%20Bassano%2C%2075008%20Paris!5e0!3m2!1sfr!2sfr!4v1702146498066!5m2!1sfr!2sfr\" width=\"400\" height=\"300\" style=\"border:0;\" allowfullscreen=\"\" loading=\"lazy\" referrerpolicy=\"no-referrer-when-downgrade\"><\/iframe><\/p>\n\t\t\t\t\t\t\t\t<\/div>\n\t\t\t\t<\/div>\n\t\t\t\t<\/div>\n\t\t\t\t\t<\/div>\n\t\t\t\t<\/div>\n\t\t\t\t<\/div>\n\t\t","protected":false},"excerpt":{"rendered":"<p>Contact us Pour les candidatures, cliquez ici Visit us Paris 34 rue Bassano75008 Paris01 85 64 20 30 Aix-en-Provence (Headquarter) 6 P.A, Bompertuis13120 Gardanne+33 (0)4 42 65 85 40<\/p>\n","protected":false},"author":1,"featured_media":724,"parent":0,"menu_order":0,"comment_status":"closed","ping_status":"open","template":"","meta":{"_acf_changed":false,"_monsterinsights_skip_tracking":false,"_monsterinsights_sitenote_active":false,"_monsterinsights_sitenote_note":"","_monsterinsights_sitenote_category":0,"footnotes":""},"class_list":["post-723","page","type-page","status-publish","has-post-thumbnail","hentry"],"acf":[],"yoast_head":"<!-- This site is optimized with the Yoast SEO plugin v27.3 - https:\/\/yoast.com\/product\/yoast-seo-wordpress\/ -->\n<title>Contact Netsystem: Digital Transformation Experts<\/title>\n<meta name=\"description\" content=\"Ready to transform your IT strategy? Contact Netsystem&#039;s experts for tailored solutions in digital transformation, cybersecurity, IT consulting.\" \/>\n<meta name=\"robots\" content=\"index, follow, max-snippet:-1, max-image-preview:large, max-video-preview:-1\" \/>\n<link rel=\"canonical\" href=\"https:\/\/netsystem.fr\/en\/contact-us\/\" \/>\n<meta property=\"og:locale\" content=\"en_US\" \/>\n<meta property=\"og:type\" content=\"article\" \/>\n<meta property=\"og:title\" content=\"Contact Netsystem: Digital Transformation Experts\" \/>\n<meta property=\"og:description\" content=\"Ready to transform your IT strategy? Contact Netsystem&#039;s experts for tailored solutions in digital transformation, cybersecurity, IT consulting.\" \/>\n<meta property=\"og:url\" content=\"https:\/\/netsystem.fr\/en\/contact-us\/\" \/>\n<meta property=\"og:site_name\" content=\"Netsystem\" \/>\n<meta property=\"article:modified_time\" content=\"2024-08-28T08:54:43+00:00\" \/>\n<meta property=\"og:image\" content=\"https:\/\/netsystem.fr\/wp-content\/uploads\/2023\/12\/saxo-1.jpg\" \/>\n\t<meta property=\"og:image:width\" content=\"1600\" \/>\n\t<meta property=\"og:image:height\" content=\"609\" \/>\n\t<meta property=\"og:image:type\" content=\"image\/jpeg\" \/>\n<meta name=\"twitter:card\" content=\"summary_large_image\" \/>\n<meta name=\"twitter:label1\" content=\"Est. reading time\" \/>\n\t<meta name=\"twitter:data1\" content=\"1 minute\" \/>\n<script type=\"application\/ld+json\" class=\"yoast-schema-graph\">{\"@context\":\"https:\\\/\\\/schema.org\",\"@graph\":[{\"@type\":\"WebPage\",\"@id\":\"https:\\\/\\\/netsystem.fr\\\/en\\\/contact-us\\\/\",\"url\":\"https:\\\/\\\/netsystem.fr\\\/en\\\/contact-us\\\/\",\"name\":\"Contact Netsystem: Digital Transformation Experts\",\"isPartOf\":{\"@id\":\"https:\\\/\\\/netsystem.fr\\\/en\\\/#website\"},\"primaryImageOfPage\":{\"@id\":\"https:\\\/\\\/netsystem.fr\\\/en\\\/contact-us\\\/#primaryimage\"},\"image\":{\"@id\":\"https:\\\/\\\/netsystem.fr\\\/en\\\/contact-us\\\/#primaryimage\"},\"thumbnailUrl\":\"https:\\\/\\\/netsystem.fr\\\/wp-content\\\/uploads\\\/2023\\\/12\\\/saxo-1.jpg\",\"datePublished\":\"2019-09-23T06:19:08+00:00\",\"dateModified\":\"2024-08-28T08:54:43+00:00\",\"description\":\"Ready to transform your IT strategy? Contact Netsystem's experts for tailored solutions in digital transformation, cybersecurity, IT consulting.\",\"breadcrumb\":{\"@id\":\"https:\\\/\\\/netsystem.fr\\\/en\\\/contact-us\\\/#breadcrumb\"},\"inLanguage\":\"en-US\",\"potentialAction\":[{\"@type\":\"ReadAction\",\"target\":[\"https:\\\/\\\/netsystem.fr\\\/en\\\/contact-us\\\/\"]}]},{\"@type\":\"ImageObject\",\"inLanguage\":\"en-US\",\"@id\":\"https:\\\/\\\/netsystem.fr\\\/en\\\/contact-us\\\/#primaryimage\",\"url\":\"https:\\\/\\\/netsystem.fr\\\/wp-content\\\/uploads\\\/2023\\\/12\\\/saxo-1.jpg\",\"contentUrl\":\"https:\\\/\\\/netsystem.fr\\\/wp-content\\\/uploads\\\/2023\\\/12\\\/saxo-1.jpg\",\"width\":1600,\"height\":609},{\"@type\":\"BreadcrumbList\",\"@id\":\"https:\\\/\\\/netsystem.fr\\\/en\\\/contact-us\\\/#breadcrumb\",\"itemListElement\":[{\"@type\":\"ListItem\",\"position\":1,\"name\":\"Home\",\"item\":\"https:\\\/\\\/netsystem.fr\\\/en\\\/\"},{\"@type\":\"ListItem\",\"position\":2,\"name\":\"Contact us\"}]},{\"@type\":\"WebSite\",\"@id\":\"https:\\\/\\\/netsystem.fr\\\/en\\\/#website\",\"url\":\"https:\\\/\\\/netsystem.fr\\\/en\\\/\",\"name\":\"Netsystem\",\"description\":\"Soci\u00e9t\u00e9 de conseil en Syst\u00e8mes d\u2019Informations et en transformation digitale.\",\"publisher\":{\"@id\":\"https:\\\/\\\/netsystem.fr\\\/en\\\/#organization\"},\"potentialAction\":[{\"@type\":\"SearchAction\",\"target\":{\"@type\":\"EntryPoint\",\"urlTemplate\":\"https:\\\/\\\/netsystem.fr\\\/en\\\/?s={search_term_string}\"},\"query-input\":{\"@type\":\"PropertyValueSpecification\",\"valueRequired\":true,\"valueName\":\"search_term_string\"}}],\"inLanguage\":\"en-US\"},{\"@type\":\"Organization\",\"@id\":\"https:\\\/\\\/netsystem.fr\\\/en\\\/#organization\",\"name\":\"Netsystem\",\"url\":\"https:\\\/\\\/netsystem.fr\\\/en\\\/\",\"logo\":{\"@type\":\"ImageObject\",\"inLanguage\":\"en-US\",\"@id\":\"https:\\\/\\\/netsystem.fr\\\/en\\\/#\\\/schema\\\/logo\\\/image\\\/\",\"url\":\"https:\\\/\\\/netsystem.fr\\\/wp-content\\\/uploads\\\/2023\\\/11\\\/netsystem-logo-v3.png\",\"contentUrl\":\"https:\\\/\\\/netsystem.fr\\\/wp-content\\\/uploads\\\/2023\\\/11\\\/netsystem-logo-v3.png\",\"width\":600,\"height\":186,\"caption\":\"Netsystem\"},\"image\":{\"@id\":\"https:\\\/\\\/netsystem.fr\\\/en\\\/#\\\/schema\\\/logo\\\/image\\\/\"}}]}<\/script>\n<!-- \/ Yoast SEO plugin. -->","yoast_head_json":{"title":"Contact Netsystem: Digital Transformation Experts","description":"Ready to transform your IT strategy? Contact Netsystem's experts for tailored solutions in digital transformation, cybersecurity, IT consulting.","robots":{"index":"index","follow":"follow","max-snippet":"max-snippet:-1","max-image-preview":"max-image-preview:large","max-video-preview":"max-video-preview:-1"},"canonical":"https:\/\/netsystem.fr\/en\/contact-us\/","og_locale":"en_US","og_type":"article","og_title":"Contact Netsystem: Digital Transformation Experts","og_description":"Ready to transform your IT strategy? Contact Netsystem's experts for tailored solutions in digital transformation, cybersecurity, IT consulting.","og_url":"https:\/\/netsystem.fr\/en\/contact-us\/","og_site_name":"Netsystem","article_modified_time":"2024-08-28T08:54:43+00:00","og_image":[{"width":1600,"height":609,"url":"https:\/\/netsystem.fr\/wp-content\/uploads\/2023\/12\/saxo-1.jpg","type":"image\/jpeg"}],"twitter_card":"summary_large_image","twitter_misc":{"Est. reading time":"1 minute"},"schema":{"@context":"https:\/\/schema.org","@graph":[{"@type":"WebPage","@id":"https:\/\/netsystem.fr\/en\/contact-us\/","url":"https:\/\/netsystem.fr\/en\/contact-us\/","name":"Contact Netsystem: Digital Transformation Experts","isPartOf":{"@id":"https:\/\/netsystem.fr\/en\/#website"},"primaryImageOfPage":{"@id":"https:\/\/netsystem.fr\/en\/contact-us\/#primaryimage"},"image":{"@id":"https:\/\/netsystem.fr\/en\/contact-us\/#primaryimage"},"thumbnailUrl":"https:\/\/netsystem.fr\/wp-content\/uploads\/2023\/12\/saxo-1.jpg","datePublished":"2019-09-23T06:19:08+00:00","dateModified":"2024-08-28T08:54:43+00:00","description":"Ready to transform your IT strategy? Contact Netsystem's experts for tailored solutions in digital transformation, cybersecurity, IT consulting.","breadcrumb":{"@id":"https:\/\/netsystem.fr\/en\/contact-us\/#breadcrumb"},"inLanguage":"en-US","potentialAction":[{"@type":"ReadAction","target":["https:\/\/netsystem.fr\/en\/contact-us\/"]}]},{"@type":"ImageObject","inLanguage":"en-US","@id":"https:\/\/netsystem.fr\/en\/contact-us\/#primaryimage","url":"https:\/\/netsystem.fr\/wp-content\/uploads\/2023\/12\/saxo-1.jpg","contentUrl":"https:\/\/netsystem.fr\/wp-content\/uploads\/2023\/12\/saxo-1.jpg","width":1600,"height":609},{"@type":"BreadcrumbList","@id":"https:\/\/netsystem.fr\/en\/contact-us\/#breadcrumb","itemListElement":[{"@type":"ListItem","position":1,"name":"Home","item":"https:\/\/netsystem.fr\/en\/"},{"@type":"ListItem","position":2,"name":"Contact us"}]},{"@type":"WebSite","@id":"https:\/\/netsystem.fr\/en\/#website","url":"https:\/\/netsystem.fr\/en\/","name":"Netsystem","description":"Soci\u00e9t\u00e9 de conseil en Syst\u00e8mes d\u2019Informations et en transformation digitale.","publisher":{"@id":"https:\/\/netsystem.fr\/en\/#organization"},"potentialAction":[{"@type":"SearchAction","target":{"@type":"EntryPoint","urlTemplate":"https:\/\/netsystem.fr\/en\/?s={search_term_string}"},"query-input":{"@type":"PropertyValueSpecification","valueRequired":true,"valueName":"search_term_string"}}],"inLanguage":"en-US"},{"@type":"Organization","@id":"https:\/\/netsystem.fr\/en\/#organization","name":"Netsystem","url":"https:\/\/netsystem.fr\/en\/","logo":{"@type":"ImageObject","inLanguage":"en-US","@id":"https:\/\/netsystem.fr\/en\/#\/schema\/logo\/image\/","url":"https:\/\/netsystem.fr\/wp-content\/uploads\/2023\/11\/netsystem-logo-v3.png","contentUrl":"https:\/\/netsystem.fr\/wp-content\/uploads\/2023\/11\/netsystem-logo-v3.png","width":600,"height":186,"caption":"Netsystem"},"image":{"@id":"https:\/\/netsystem.fr\/en\/#\/schema\/logo\/image\/"}}]}},"_links":{"self":[{"href":"https:\/\/netsystem.fr\/en\/wp-json\/wp\/v2\/pages\/723","targetHints":{"allow":["GET"]}}],"collection":[{"href":"https:\/\/netsystem.fr\/en\/wp-json\/wp\/v2\/pages"}],"about":[{"href":"https:\/\/netsystem.fr\/en\/wp-json\/wp\/v2\/types\/page"}],"author":[{"embeddable":true,"href":"https:\/\/netsystem.fr\/en\/wp-json\/wp\/v2\/users\/1"}],"replies":[{"embeddable":true,"href":"https:\/\/netsystem.fr\/en\/wp-json\/wp\/v2\/comments?post=723"}],"version-history":[{"count":5,"href":"https:\/\/netsystem.fr\/en\/wp-json\/wp\/v2\/pages\/723\/revisions"}],"predecessor-version":[{"id":6694,"href":"https:\/\/netsystem.fr\/en\/wp-json\/wp\/v2\/pages\/723\/revisions\/6694"}],"wp:featuredmedia":[{"embeddable":true,"href":"https:\/\/netsystem.fr\/en\/wp-json\/wp\/v2\/media\/724"}],"wp:attachment":[{"href":"https:\/\/netsystem.fr\/en\/wp-json\/wp\/v2\/media?parent=723"}],"curies":[{"name":"wp","href":"https:\/\/api.w.org\/{rel}","templated":true}]}}