{"id":726,"date":"2019-10-01T07:53:28","date_gmt":"2019-10-01T05:53:28","guid":{"rendered":"https:\/\/netsystem.fr\/legal\/"},"modified":"2024-08-06T11:21:00","modified_gmt":"2024-08-06T09:21:00","slug":"legal","status":"publish","type":"page","link":"https:\/\/netsystem.fr\/en\/legal\/","title":{"rendered":"Legal information"},"content":{"rendered":"\t\t<div data-elementor-type=\"wp-page\" data-elementor-id=\"726\" class=\"elementor elementor-726 elementor-326\" data-elementor-post-type=\"page\">\n\t\t\t\t<div data-dce-background-color=\"#000000\" data-dce-background-overlay-color=\"#16293699\" data-dce-background-overlay-image-url=\"https:\/\/netsystem.fr\/wp-content\/uploads\/2023\/12\/actus-2.jpg\" class=\"elementor-element elementor-element-7cd95b98 e-flex e-con-boxed e-con e-parent\" data-id=\"7cd95b98\" data-element_type=\"container\" data-e-type=\"container\" data-settings=\"{&quot;background_background&quot;:&quot;classic&quot;}\">\n\t\t\t\t\t<div class=\"e-con-inner\">\n\t\t\t\t<div class=\"elementor-element elementor-element-339db50b elementor-widget__width-initial elementor-widget elementor-widget-heading\" data-id=\"339db50b\" data-element_type=\"widget\" data-e-type=\"widget\" data-widget_type=\"heading.default\">\n\t\t\t\t<div class=\"elementor-widget-container\">\n\t\t\t\t\t<h1 class=\"elementor-heading-title elementor-size-default\">Mentions <span style=\"color:#a0a0a0\">l\u00e9gales<\/span><\/h1>\t\t\t\t<\/div>\n\t\t\t\t<\/div>\n\t\t\t\t\t<\/div>\n\t\t\t\t<\/div>\n\t\t<div class=\"elementor-element elementor-element-61829009 e-flex e-con-boxed e-con e-parent\" data-id=\"61829009\" data-element_type=\"container\" data-e-type=\"container\">\n\t\t\t\t\t<div class=\"e-con-inner\">\n\t\t\t\t<div class=\"elementor-element elementor-element-bab1519 elementor-widget elementor-widget-breadcrumbs\" data-id=\"bab1519\" data-element_type=\"widget\" data-e-type=\"widget\" data-widget_type=\"breadcrumbs.default\">\n\t\t\t\t<div class=\"elementor-widget-container\">\n\t\t\t\t\t<p id=\"breadcrumbs\"><span><span><a href=\"https:\/\/netsystem.fr\/en\/\">Home<\/a><\/span><\/span><\/p>\t\t\t\t<\/div>\n\t\t\t\t<\/div>\n\t\t\t\t<div class=\"elementor-element elementor-element-57590a97 elementor-widget elementor-widget-text-editor\" data-id=\"57590a97\" data-element_type=\"widget\" data-e-type=\"widget\" data-widget_type=\"text-editor.default\">\n\t\t\t\t<div class=\"elementor-widget-container\">\n\t\t\t\t\t\t\t\t\t<ul>\n<li><strong>Site editor:<\/strong>\n<ul>\n<li>Company name: Netsystem<\/li>\n<li>Corporate form: simplified joint stock company<\/li>\n<li>Share capital: 150.798 euros<\/li>\n<li>Siret: 530 383 215 00049<\/li>\n<li>Head office: 6 Parc d\u2019Activit\u00e9 Bompertuis, 13120 Gardanne<\/li>\n<li>Intracommunity VAT number is FR6953038383215.<\/li>\n<li>Contact phone : +33 4 42 65 85 40<\/li>\n<li>Contact mail :\u00a0<a href=\"mailto:contact@netsystem.fr\">contact@netsystem.fr<\/a><\/li>\n<\/ul>\n<\/li>\n<li><strong>Director of publication:<\/strong>\u00a0Mr Olivier Cazzulo, President of Netsystem.<\/li>\n<li><strong>Hosting company <\/strong>:\n<ul>\n<li>Name : Infomaniak<\/li>\n<li>Head office : Infomaniak Network SA, Rue Eug\u00e8ne Marziano 25, 1227 Les Acacias (GE)<\/li>\n<\/ul>\n<\/li>\n<\/ul>\n<p><strong>Intellectual Property<\/strong><\/p>\n<p>The site nestystem.fr and all the elements that compose it independently are the exclusive property of Netsystem. Any reproduction or representation, in whole or in part, of these elements, on any medium is prohibited, unless expressly authorised by Netsystem.<\/p>\n<p>The brands and logos on this site are protected and registered trademarks.<\/p>\n<p>Failure to comply with this prohibition constitutes an infringement within the meaning of the Intellectual Property Code which may result in civil and criminal liability of the infringer.<\/p>\n<p>The information contained in this service is non-contractual and subject to change without notice.<\/p>\n<p><strong>Protection of personal data<\/strong><\/p>\n<p>The personal data processed by Netsystem are processed in accordance with the requirements of the amended\u00a0<a href=\"https:\/\/www.legifrance.gouv.fr\/affichTexte.do?cidTexte=JORFTEXT000000886460\">Data Protection Act of 6 January 1978<\/a>\u00a0and the\u00a0<a href=\"https:\/\/eur-lex.europa.eu\/legal-content\/FR\/TXT\/?uri=CELEX%3A32016R0679\">European Data Protection Regulation<\/a>.<\/p>\n<p>In order to inform you more precisely about the methods and purposes of these processing operations and the rights you have (access, rectification, limitation, portability, portability, deletion and opposition), Netsystem has developed a personal data protection policy which you can consult at the following link:\u00a0\u00a0<a href=\"https:\/\/netsystem.fr\/en\/credits\/\">here<\/a><\/p>\n\t\t\t\t\t\t\t\t<\/div>\n\t\t\t\t<\/div>\n\t\t\t\t\t<\/div>\n\t\t\t\t<\/div>\n\t\t\t\t<\/div>\n\t\t","protected":false},"excerpt":{"rendered":"<p>Mentions l\u00e9gales Site editor: Company name: Netsystem Corporate form: simplified joint stock company Share capital: 150.798 euros Siret: 530 383 215 00049 Head office: 6 Parc d\u2019Activit\u00e9 Bompertuis, 13120 Gardanne Intracommunity VAT number is FR6953038383215. Contact phone : +33 4 42 65 85 40 Contact mail :\u00a0contact@netsystem.fr Director of publication:\u00a0Mr Olivier Cazzulo, President of Netsystem. [&hellip;]<\/p>\n","protected":false},"author":1,"featured_media":0,"parent":0,"menu_order":0,"comment_status":"closed","ping_status":"open","template":"","meta":{"_acf_changed":false,"_monsterinsights_skip_tracking":false,"_monsterinsights_sitenote_active":false,"_monsterinsights_sitenote_note":"","_monsterinsights_sitenote_category":0,"footnotes":""},"class_list":["post-726","page","type-page","status-publish","hentry"],"acf":[],"yoast_head":"<!-- This site is optimized with the Yoast SEO plugin v27.3 - https:\/\/yoast.com\/product\/yoast-seo-wordpress\/ -->\n<title>Netsystem Legal: Terms of Service &amp; Conditions<\/title>\n<meta name=\"description\" content=\"Understand Netsystem&#039;s legal framework. Clear terms and conditions for our digital transformation and IT consulting services.\" \/>\n<meta name=\"robots\" content=\"index, follow, max-snippet:-1, max-image-preview:large, max-video-preview:-1\" \/>\n<link rel=\"canonical\" href=\"https:\/\/netsystem.fr\/en\/legal\/\" \/>\n<meta property=\"og:locale\" content=\"en_US\" \/>\n<meta property=\"og:type\" content=\"article\" \/>\n<meta property=\"og:title\" content=\"Netsystem Legal: Terms of Service &amp; Conditions\" \/>\n<meta property=\"og:description\" content=\"Understand Netsystem&#039;s legal framework. Clear terms and conditions for our digital transformation and IT consulting services.\" \/>\n<meta property=\"og:url\" content=\"https:\/\/netsystem.fr\/en\/legal\/\" \/>\n<meta property=\"og:site_name\" content=\"Netsystem\" \/>\n<meta property=\"article:modified_time\" content=\"2024-08-06T09:21:00+00:00\" \/>\n<meta name=\"twitter:card\" content=\"summary_large_image\" \/>\n<meta name=\"twitter:label1\" content=\"Est. reading time\" \/>\n\t<meta name=\"twitter:data1\" content=\"2 minutes\" \/>\n<script type=\"application\/ld+json\" class=\"yoast-schema-graph\">{\"@context\":\"https:\\\/\\\/schema.org\",\"@graph\":[{\"@type\":\"WebPage\",\"@id\":\"https:\\\/\\\/netsystem.fr\\\/en\\\/legal\\\/\",\"url\":\"https:\\\/\\\/netsystem.fr\\\/en\\\/legal\\\/\",\"name\":\"Netsystem Legal: Terms of Service & Conditions\",\"isPartOf\":{\"@id\":\"https:\\\/\\\/netsystem.fr\\\/en\\\/#website\"},\"datePublished\":\"2019-10-01T05:53:28+00:00\",\"dateModified\":\"2024-08-06T09:21:00+00:00\",\"description\":\"Understand Netsystem's legal framework. Clear terms and conditions for our digital transformation and IT consulting services.\",\"breadcrumb\":{\"@id\":\"https:\\\/\\\/netsystem.fr\\\/en\\\/legal\\\/#breadcrumb\"},\"inLanguage\":\"en-US\",\"potentialAction\":[{\"@type\":\"ReadAction\",\"target\":[\"https:\\\/\\\/netsystem.fr\\\/en\\\/legal\\\/\"]}]},{\"@type\":\"BreadcrumbList\",\"@id\":\"https:\\\/\\\/netsystem.fr\\\/en\\\/legal\\\/#breadcrumb\",\"itemListElement\":[{\"@type\":\"ListItem\",\"position\":1,\"name\":\"Home\",\"item\":\"https:\\\/\\\/netsystem.fr\\\/en\\\/\"},{\"@type\":\"ListItem\",\"position\":2,\"name\":\"Legal information\"}]},{\"@type\":\"WebSite\",\"@id\":\"https:\\\/\\\/netsystem.fr\\\/en\\\/#website\",\"url\":\"https:\\\/\\\/netsystem.fr\\\/en\\\/\",\"name\":\"Netsystem\",\"description\":\"Soci\u00e9t\u00e9 de conseil en Syst\u00e8mes d\u2019Informations et en transformation digitale.\",\"publisher\":{\"@id\":\"https:\\\/\\\/netsystem.fr\\\/en\\\/#organization\"},\"potentialAction\":[{\"@type\":\"SearchAction\",\"target\":{\"@type\":\"EntryPoint\",\"urlTemplate\":\"https:\\\/\\\/netsystem.fr\\\/en\\\/?s={search_term_string}\"},\"query-input\":{\"@type\":\"PropertyValueSpecification\",\"valueRequired\":true,\"valueName\":\"search_term_string\"}}],\"inLanguage\":\"en-US\"},{\"@type\":\"Organization\",\"@id\":\"https:\\\/\\\/netsystem.fr\\\/en\\\/#organization\",\"name\":\"Netsystem\",\"url\":\"https:\\\/\\\/netsystem.fr\\\/en\\\/\",\"logo\":{\"@type\":\"ImageObject\",\"inLanguage\":\"en-US\",\"@id\":\"https:\\\/\\\/netsystem.fr\\\/en\\\/#\\\/schema\\\/logo\\\/image\\\/\",\"url\":\"https:\\\/\\\/netsystem.fr\\\/wp-content\\\/uploads\\\/2023\\\/11\\\/netsystem-logo-v3.png\",\"contentUrl\":\"https:\\\/\\\/netsystem.fr\\\/wp-content\\\/uploads\\\/2023\\\/11\\\/netsystem-logo-v3.png\",\"width\":600,\"height\":186,\"caption\":\"Netsystem\"},\"image\":{\"@id\":\"https:\\\/\\\/netsystem.fr\\\/en\\\/#\\\/schema\\\/logo\\\/image\\\/\"}}]}<\/script>\n<!-- \/ Yoast SEO plugin. -->","yoast_head_json":{"title":"Netsystem Legal: Terms of Service & Conditions","description":"Understand Netsystem's legal framework. Clear terms and conditions for our digital transformation and IT consulting services.","robots":{"index":"index","follow":"follow","max-snippet":"max-snippet:-1","max-image-preview":"max-image-preview:large","max-video-preview":"max-video-preview:-1"},"canonical":"https:\/\/netsystem.fr\/en\/legal\/","og_locale":"en_US","og_type":"article","og_title":"Netsystem Legal: Terms of Service & Conditions","og_description":"Understand Netsystem's legal framework. Clear terms and conditions for our digital transformation and IT consulting services.","og_url":"https:\/\/netsystem.fr\/en\/legal\/","og_site_name":"Netsystem","article_modified_time":"2024-08-06T09:21:00+00:00","twitter_card":"summary_large_image","twitter_misc":{"Est. reading time":"2 minutes"},"schema":{"@context":"https:\/\/schema.org","@graph":[{"@type":"WebPage","@id":"https:\/\/netsystem.fr\/en\/legal\/","url":"https:\/\/netsystem.fr\/en\/legal\/","name":"Netsystem Legal: Terms of Service & Conditions","isPartOf":{"@id":"https:\/\/netsystem.fr\/en\/#website"},"datePublished":"2019-10-01T05:53:28+00:00","dateModified":"2024-08-06T09:21:00+00:00","description":"Understand Netsystem's legal framework. Clear terms and conditions for our digital transformation and IT consulting services.","breadcrumb":{"@id":"https:\/\/netsystem.fr\/en\/legal\/#breadcrumb"},"inLanguage":"en-US","potentialAction":[{"@type":"ReadAction","target":["https:\/\/netsystem.fr\/en\/legal\/"]}]},{"@type":"BreadcrumbList","@id":"https:\/\/netsystem.fr\/en\/legal\/#breadcrumb","itemListElement":[{"@type":"ListItem","position":1,"name":"Home","item":"https:\/\/netsystem.fr\/en\/"},{"@type":"ListItem","position":2,"name":"Legal information"}]},{"@type":"WebSite","@id":"https:\/\/netsystem.fr\/en\/#website","url":"https:\/\/netsystem.fr\/en\/","name":"Netsystem","description":"Soci\u00e9t\u00e9 de conseil en Syst\u00e8mes d\u2019Informations et en transformation digitale.","publisher":{"@id":"https:\/\/netsystem.fr\/en\/#organization"},"potentialAction":[{"@type":"SearchAction","target":{"@type":"EntryPoint","urlTemplate":"https:\/\/netsystem.fr\/en\/?s={search_term_string}"},"query-input":{"@type":"PropertyValueSpecification","valueRequired":true,"valueName":"search_term_string"}}],"inLanguage":"en-US"},{"@type":"Organization","@id":"https:\/\/netsystem.fr\/en\/#organization","name":"Netsystem","url":"https:\/\/netsystem.fr\/en\/","logo":{"@type":"ImageObject","inLanguage":"en-US","@id":"https:\/\/netsystem.fr\/en\/#\/schema\/logo\/image\/","url":"https:\/\/netsystem.fr\/wp-content\/uploads\/2023\/11\/netsystem-logo-v3.png","contentUrl":"https:\/\/netsystem.fr\/wp-content\/uploads\/2023\/11\/netsystem-logo-v3.png","width":600,"height":186,"caption":"Netsystem"},"image":{"@id":"https:\/\/netsystem.fr\/en\/#\/schema\/logo\/image\/"}}]}},"_links":{"self":[{"href":"https:\/\/netsystem.fr\/en\/wp-json\/wp\/v2\/pages\/726","targetHints":{"allow":["GET"]}}],"collection":[{"href":"https:\/\/netsystem.fr\/en\/wp-json\/wp\/v2\/pages"}],"about":[{"href":"https:\/\/netsystem.fr\/en\/wp-json\/wp\/v2\/types\/page"}],"author":[{"embeddable":true,"href":"https:\/\/netsystem.fr\/en\/wp-json\/wp\/v2\/users\/1"}],"replies":[{"embeddable":true,"href":"https:\/\/netsystem.fr\/en\/wp-json\/wp\/v2\/comments?post=726"}],"version-history":[{"count":2,"href":"https:\/\/netsystem.fr\/en\/wp-json\/wp\/v2\/pages\/726\/revisions"}],"predecessor-version":[{"id":4224,"href":"https:\/\/netsystem.fr\/en\/wp-json\/wp\/v2\/pages\/726\/revisions\/4224"}],"wp:attachment":[{"href":"https:\/\/netsystem.fr\/en\/wp-json\/wp\/v2\/media?parent=726"}],"curies":[{"name":"wp","href":"https:\/\/api.w.org\/{rel}","templated":true}]}}