{"id":729,"date":"2019-10-28T11:46:03","date_gmt":"2019-10-28T10:46:03","guid":{"rendered":"https:\/\/netsystem.fr\/site-map-2\/"},"modified":"2024-08-06T11:22:37","modified_gmt":"2024-08-06T09:22:37","slug":"site-map-2","status":"publish","type":"page","link":"https:\/\/netsystem.fr\/en\/site-map-2\/","title":{"rendered":"Site Map"},"content":{"rendered":"\t\t<div data-elementor-type=\"wp-page\" data-elementor-id=\"729\" class=\"elementor elementor-729 elementor-409\" data-elementor-post-type=\"page\">\n\t\t\t\t<div data-dce-background-color=\"#000000\" data-dce-background-overlay-color=\"#16293699\" data-dce-background-overlay-image-url=\"https:\/\/netsystem.fr\/wp-content\/uploads\/2023\/12\/actus-2.jpg\" class=\"elementor-element elementor-element-4c930a56 e-flex e-con-boxed e-con e-parent\" data-id=\"4c930a56\" data-element_type=\"container\" data-e-type=\"container\" data-settings=\"{&quot;background_background&quot;:&quot;classic&quot;}\">\n\t\t\t\t\t<div class=\"e-con-inner\">\n\t\t\t\t<div class=\"elementor-element elementor-element-4dc69e52 elementor-widget__width-initial elementor-widget elementor-widget-heading\" data-id=\"4dc69e52\" data-element_type=\"widget\" data-e-type=\"widget\" data-widget_type=\"heading.default\">\n\t\t\t\t<div class=\"elementor-widget-container\">\n\t\t\t\t\t<h1 class=\"elementor-heading-title elementor-size-default\">Site <span style=\"color:#a0a0a0\">map<\/span><\/h1>\t\t\t\t<\/div>\n\t\t\t\t<\/div>\n\t\t\t\t\t<\/div>\n\t\t\t\t<\/div>\n\t\t<div class=\"elementor-element elementor-element-e562f48 e-flex e-con-boxed e-con e-parent\" data-id=\"e562f48\" data-element_type=\"container\" data-e-type=\"container\">\n\t\t\t\t\t<div class=\"e-con-inner\">\n\t\t\t\t<div class=\"elementor-element elementor-element-4449d69 elementor-widget elementor-widget-sitemap\" data-id=\"4449d69\" data-element_type=\"widget\" data-e-type=\"widget\" data-widget_type=\"sitemap.default\">\n\t\t\t\t<div class=\"elementor-widget-container\">\n\t\t\t\t\t<div class=\"elementor-sitemap-wrap\"><div class=\"elementor-sitemap-section\"><h2 class=\"elementor-sitemap-title elementor-sitemap-page-title\">Pages<\/h2><ul class=\"elementor-sitemap-list elementor-sitemap-page-list\"><li class=\"elementor-sitemap-item elementor-sitemap-item-page page_item page-item-769\"><a href=\"https:\/\/netsystem.fr\/en\/make-it-smart\/\">Public Sector transformation <br>make IT smart<\/a><\/li><li class=\"elementor-sitemap-item elementor-sitemap-item-page page_item page-item-6657\"><a href=\"https:\/\/netsystem.fr\/en\/gdpr-data-compliance\/\">GDPR: data compliance<\/a><\/li><li class=\"elementor-sitemap-item elementor-sitemap-item-page page_item page-item-6659\"><a href=\"https:\/\/netsystem.fr\/en\/csr-netsystems-commitment-to-the-planet\/\">CSR: Netsystem&#8217;s commitment to the planet<\/a><\/li><li class=\"elementor-sitemap-item elementor-sitemap-item-page page_item page-item-798\"><a href=\"https:\/\/netsystem.fr\/en\/services-outscourcing-make-it-easy\/\">Services outscourcing &#8211; make IT easy<\/a><\/li><li class=\"elementor-sitemap-item elementor-sitemap-item-page page_item page-item-544 current_page_parent\"><a href=\"https:\/\/netsystem.fr\/en\/our-news\/\">News<\/a><\/li><li class=\"elementor-sitemap-item elementor-sitemap-item-page page_item page-item-547\"><a href=\"https:\/\/netsystem.fr\/en\/our-history\/\">Our history<\/a><\/li><li class=\"elementor-sitemap-item elementor-sitemap-item-page page_item page-item-550\"><a href=\"https:\/\/netsystem.fr\/en\/our-team\/\">Our team<\/a><\/li><li class=\"elementor-sitemap-item elementor-sitemap-item-page page_item page-item-12844\"><a href=\"https:\/\/netsystem.fr\/en\/digital-trust\/\">Digital trust<\/a><\/li><li class=\"elementor-sitemap-item elementor-sitemap-item-page page_item page-item-12847\"><a href=\"https:\/\/netsystem.fr\/en\/\">Home<\/a><\/li><li class=\"elementor-sitemap-item elementor-sitemap-item-page page_item page-item-11586\"><a href=\"https:\/\/netsystem.fr\/en\/outsourced-ciso-2\/\">Outsourced Operating partner (as a service)<\/a><\/li><li class=\"elementor-sitemap-item elementor-sitemap-item-page page_item page-item-13131\"><a href=\"https:\/\/netsystem.fr\/en\/mica-regulation-audit-and-compliance\/\">MiCA Regulation Audit and Compliance<\/a><\/li><li class=\"elementor-sitemap-item elementor-sitemap-item-page page_item page-item-13138\"><a href=\"https:\/\/netsystem.fr\/en\/data-act-audit-and-compliance-quote\/\">Data Act audit and compliance quote<\/a><\/li><li class=\"elementor-sitemap-item elementor-sitemap-item-page page_item page-item-601\"><a href=\"https:\/\/netsystem.fr\/en\/join-us\/\">Join us<\/a><\/li><li class=\"elementor-sitemap-item elementor-sitemap-item-page page_item page-item-7265\"><a href=\"https:\/\/netsystem.fr\/en\/tisax-certification-and-compliance\/\">TISAX certification and compliance<\/a><\/li><li class=\"elementor-sitemap-item elementor-sitemap-item-page page_item page-item-9313\"><a href=\"https:\/\/netsystem.fr\/en\/ia-act-compliance-deploy-your-ais-in-compliance-with-ia-act-constraints\/\">IA ACT compliance: deploy your AIS in compliance with IA ACT constraints<\/a><\/li><li class=\"elementor-sitemap-item elementor-sitemap-item-page page_item page-item-9315\"><a href=\"https:\/\/netsystem.fr\/en\/deployment-of-artificial-intelligence-systems-ais\/\">Deployment of Artificial Intelligence Systems (AIS)<\/a><\/li><li class=\"elementor-sitemap-item elementor-sitemap-item-page page_item page-item-13934\"><a href=\"https:\/\/netsystem.fr\/en\/tprm-quote-third-party-risk-management-audit-and-oversight\/\">TPRM quote: third-party risk management audit and oversight<\/a><\/li><li class=\"elementor-sitemap-item elementor-sitemap-item-page page_item page-item-13939\"><a href=\"https:\/\/netsystem.fr\/en\/mdm-master-data-management-offer\/\">MDM (MASTER DATA MANAGEMENT) OFFER<\/a><\/li><li class=\"elementor-sitemap-item elementor-sitemap-item-page page_item page-item-13941\"><a href=\"https:\/\/netsystem.fr\/en\/data-governance-quote\/\">Data governance quote<\/a><\/li><li class=\"elementor-sitemap-item elementor-sitemap-item-page page_item page-item-8312\"><a href=\"https:\/\/netsystem.fr\/en\/rgpd-compliance-audit\/\">RGPD compliance audit<\/a><\/li><li class=\"elementor-sitemap-item elementor-sitemap-item-page page_item page-item-634\"><a href=\"https:\/\/netsystem.fr\/en\/our-vision\/\">Our vision<\/a><\/li><li class=\"elementor-sitemap-item elementor-sitemap-item-page page_item page-item-4219\"><a href=\"https:\/\/netsystem.fr\/en\/netsystems-privacy-and-data-protection-policy\/\">Netsystem\u2019s Privacy and Data Protection Policy<\/a><\/li><li class=\"elementor-sitemap-item elementor-sitemap-item-page page_item page-item-8315\"><a href=\"https:\/\/netsystem.fr\/en\/outsourced-dpo\/\">Outsourced DPO<\/a><\/li><li class=\"elementor-sitemap-item elementor-sitemap-item-page page_item page-item-8317\"><a href=\"https:\/\/netsystem.fr\/en\/rgpd-awareness\/\">RGPD awareness<\/a><\/li><li class=\"elementor-sitemap-item elementor-sitemap-item-page page_item page-item-13951\"><a href=\"https:\/\/netsystem.fr\/en\/change-management-for-it-transformation-projects\/\">Change management for IT transformation projects<\/a><\/li><li class=\"elementor-sitemap-item elementor-sitemap-item-page page_item page-item-8323\"><a href=\"https:\/\/netsystem.fr\/en\/dpo-support\/\">DPO support<\/a><\/li><li class=\"elementor-sitemap-item elementor-sitemap-item-page page_item page-item-10884\"><a href=\"https:\/\/netsystem.fr\/en\/iso27001-certification-audit-and-consulting-firm\/\">ISO27001 certification audit and consulting firm<\/a><\/li><li class=\"elementor-sitemap-item elementor-sitemap-item-page page_item page-item-671\"><a href=\"https:\/\/netsystem.fr\/en\/make-it-match\/\">IT M&#038;A <br> make IT match<\/a><\/li><li class=\"elementor-sitemap-item elementor-sitemap-item-page page_item page-item-12714\"><a href=\"https:\/\/netsystem.fr\/en\/operations\/\">Operations<\/a><\/li><li class=\"elementor-sitemap-item elementor-sitemap-item-page page_item page-item-8384\"><a href=\"https:\/\/netsystem.fr\/en\/it-carve-out\/\">IT Carve-out<\/a><\/li><li class=\"elementor-sitemap-item elementor-sitemap-item-page page_item page-item-720\"><a href=\"https:\/\/netsystem.fr\/en\/our-clients\/\">Our clients<\/a><\/li><li class=\"elementor-sitemap-item elementor-sitemap-item-page page_item page-item-723\"><a href=\"https:\/\/netsystem.fr\/en\/contact-us\/\">Contact us<\/a><\/li><li class=\"elementor-sitemap-item elementor-sitemap-item-page page_item page-item-726\"><a href=\"https:\/\/netsystem.fr\/en\/legal\/\">Legal information<\/a><\/li><li class=\"elementor-sitemap-item elementor-sitemap-item-page page_item page-item-729\"><a href=\"https:\/\/netsystem.fr\/en\/site-map-2\/\">Site Map<\/a><\/li><li class=\"elementor-sitemap-item elementor-sitemap-item-page page_item page-item-734\"><a href=\"https:\/\/netsystem.fr\/en\/make-it-easy\/\">Business Transformation <br>make IT easy<\/a><\/li><li class=\"elementor-sitemap-item elementor-sitemap-item-page page_item page-item-9702\"><a href=\"https:\/\/netsystem.fr\/en\/outsourced-ciso\/\">Outsourced CISO<\/a><\/li><li class=\"elementor-sitemap-item elementor-sitemap-item-page page_item page-item-9704\"><a href=\"https:\/\/netsystem.fr\/en\/dora-certification-compliance\/\">DORA certification &#038; compliance<\/a><\/li><li class=\"elementor-sitemap-item elementor-sitemap-item-page page_item page-item-8686\"><a href=\"https:\/\/netsystem.fr\/en\/it-due-diligence\/\">IT Due-diligence<\/a><\/li><li class=\"elementor-sitemap-item elementor-sitemap-item-page page_item page-item-9710\"><a href=\"https:\/\/netsystem.fr\/en\/security-operation-center-soc-consulting-support\/\">Security Operation Center (SOC) consulting &#038; support<\/a><\/li><li class=\"elementor-sitemap-item elementor-sitemap-item-page page_item page-item-11253\"><a href=\"https:\/\/netsystem.fr\/en\/nis2-certification-and-compliance\/\">NIS2 certification and compliance<\/a><\/li><li class=\"elementor-sitemap-item elementor-sitemap-item-page page_item page-item-8694\"><a href=\"https:\/\/netsystem.fr\/en\/it-vendor-due-diligence\/\">IT Vendor Due Diligence<\/a><\/li><li class=\"elementor-sitemap-item elementor-sitemap-item-page page_item page-item-11259\"><a href=\"https:\/\/netsystem.fr\/en\/passi-audit-quote-cybersecurity-expert\/\">PASSI audit quote &#8211; Cybersecurity expert<\/a><\/li><li class=\"elementor-sitemap-item elementor-sitemap-item-page page_item page-item-2812\"><a href=\"https:\/\/netsystem.fr\/en\/cybersecurity-make-it-safe\/\">Cybersecurity <br> make IT safe<\/a><\/li><li class=\"elementor-sitemap-item elementor-sitemap-item-page page_item page-item-6653\"><a href=\"https:\/\/netsystem.fr\/en\/documentary-database\/\">Documentary database<\/a><\/li><li class=\"elementor-sitemap-item elementor-sitemap-item-page page_item page-item-11261\"><a href=\"https:\/\/netsystem.fr\/en\/dora-audit-and-compliance-quote\/\">DORA audit and compliance quote<\/a><\/li><li class=\"elementor-sitemap-item elementor-sitemap-item-page page_item page-item-6655\"><a href=\"https:\/\/netsystem.fr\/en\/press\/\">Press<\/a><\/li><\/ul><\/div><\/div>\t\t\t\t<\/div>\n\t\t\t\t<\/div>\n\t\t\t\t\t<\/div>\n\t\t\t\t<\/div>\n\t\t\t\t<\/div>\n\t\t","protected":false},"excerpt":{"rendered":"<p>Site map<\/p>\n","protected":false},"author":1,"featured_media":0,"parent":0,"menu_order":0,"comment_status":"closed","ping_status":"open","template":"","meta":{"_acf_changed":false,"_monsterinsights_skip_tracking":false,"_monsterinsights_sitenote_active":false,"_monsterinsights_sitenote_note":"","_monsterinsights_sitenote_category":0,"footnotes":""},"class_list":["post-729","page","type-page","status-publish","hentry"],"acf":[],"yoast_head":"<!-- This site is optimized with the Yoast SEO plugin v27.3 - https:\/\/yoast.com\/product\/yoast-seo-wordpress\/ -->\n<title>Netsystem Site Map: Navigate Our Digital Expertise<\/title>\n<meta name=\"description\" content=\"Easily explore Netsystem&#039;s comprehensive digital transformation services. Find the IT solutions and expertise you need with our site map.\" \/>\n<meta name=\"robots\" content=\"index, follow, max-snippet:-1, max-image-preview:large, max-video-preview:-1\" \/>\n<link rel=\"canonical\" href=\"https:\/\/netsystem.fr\/en\/site-map-2\/\" \/>\n<meta property=\"og:locale\" content=\"en_US\" \/>\n<meta property=\"og:type\" content=\"article\" \/>\n<meta property=\"og:title\" content=\"Netsystem Site Map: Navigate Our Digital Expertise\" \/>\n<meta property=\"og:description\" content=\"Easily explore Netsystem&#039;s comprehensive digital transformation services. Find the IT solutions and expertise you need with our site map.\" \/>\n<meta property=\"og:url\" content=\"https:\/\/netsystem.fr\/en\/site-map-2\/\" \/>\n<meta property=\"og:site_name\" content=\"Netsystem\" \/>\n<meta property=\"article:modified_time\" content=\"2024-08-06T09:22:37+00:00\" \/>\n<meta name=\"twitter:card\" content=\"summary_large_image\" \/>\n<meta name=\"twitter:label1\" content=\"Est. reading time\" \/>\n\t<meta name=\"twitter:data1\" content=\"1 minute\" \/>\n<script type=\"application\/ld+json\" class=\"yoast-schema-graph\">{\"@context\":\"https:\\\/\\\/schema.org\",\"@graph\":[{\"@type\":\"WebPage\",\"@id\":\"https:\\\/\\\/netsystem.fr\\\/en\\\/site-map-2\\\/\",\"url\":\"https:\\\/\\\/netsystem.fr\\\/en\\\/site-map-2\\\/\",\"name\":\"Netsystem Site Map: Navigate Our Digital Expertise\",\"isPartOf\":{\"@id\":\"https:\\\/\\\/netsystem.fr\\\/en\\\/#website\"},\"datePublished\":\"2019-10-28T10:46:03+00:00\",\"dateModified\":\"2024-08-06T09:22:37+00:00\",\"description\":\"Easily explore Netsystem's comprehensive digital transformation services. Find the IT solutions and expertise you need with our site map.\",\"breadcrumb\":{\"@id\":\"https:\\\/\\\/netsystem.fr\\\/en\\\/site-map-2\\\/#breadcrumb\"},\"inLanguage\":\"en-US\",\"potentialAction\":[{\"@type\":\"ReadAction\",\"target\":[\"https:\\\/\\\/netsystem.fr\\\/en\\\/site-map-2\\\/\"]}]},{\"@type\":\"BreadcrumbList\",\"@id\":\"https:\\\/\\\/netsystem.fr\\\/en\\\/site-map-2\\\/#breadcrumb\",\"itemListElement\":[{\"@type\":\"ListItem\",\"position\":1,\"name\":\"Home\",\"item\":\"https:\\\/\\\/netsystem.fr\\\/en\\\/\"},{\"@type\":\"ListItem\",\"position\":2,\"name\":\"Site Map\"}]},{\"@type\":\"WebSite\",\"@id\":\"https:\\\/\\\/netsystem.fr\\\/en\\\/#website\",\"url\":\"https:\\\/\\\/netsystem.fr\\\/en\\\/\",\"name\":\"Netsystem\",\"description\":\"Soci\u00e9t\u00e9 de conseil en Syst\u00e8mes d\u2019Informations et en transformation digitale.\",\"publisher\":{\"@id\":\"https:\\\/\\\/netsystem.fr\\\/en\\\/#organization\"},\"potentialAction\":[{\"@type\":\"SearchAction\",\"target\":{\"@type\":\"EntryPoint\",\"urlTemplate\":\"https:\\\/\\\/netsystem.fr\\\/en\\\/?s={search_term_string}\"},\"query-input\":{\"@type\":\"PropertyValueSpecification\",\"valueRequired\":true,\"valueName\":\"search_term_string\"}}],\"inLanguage\":\"en-US\"},{\"@type\":\"Organization\",\"@id\":\"https:\\\/\\\/netsystem.fr\\\/en\\\/#organization\",\"name\":\"Netsystem\",\"url\":\"https:\\\/\\\/netsystem.fr\\\/en\\\/\",\"logo\":{\"@type\":\"ImageObject\",\"inLanguage\":\"en-US\",\"@id\":\"https:\\\/\\\/netsystem.fr\\\/en\\\/#\\\/schema\\\/logo\\\/image\\\/\",\"url\":\"https:\\\/\\\/netsystem.fr\\\/wp-content\\\/uploads\\\/2023\\\/11\\\/netsystem-logo-v3.png\",\"contentUrl\":\"https:\\\/\\\/netsystem.fr\\\/wp-content\\\/uploads\\\/2023\\\/11\\\/netsystem-logo-v3.png\",\"width\":600,\"height\":186,\"caption\":\"Netsystem\"},\"image\":{\"@id\":\"https:\\\/\\\/netsystem.fr\\\/en\\\/#\\\/schema\\\/logo\\\/image\\\/\"}}]}<\/script>\n<!-- \/ Yoast SEO plugin. -->","yoast_head_json":{"title":"Netsystem Site Map: Navigate Our Digital Expertise","description":"Easily explore Netsystem's comprehensive digital transformation services. Find the IT solutions and expertise you need with our site map.","robots":{"index":"index","follow":"follow","max-snippet":"max-snippet:-1","max-image-preview":"max-image-preview:large","max-video-preview":"max-video-preview:-1"},"canonical":"https:\/\/netsystem.fr\/en\/site-map-2\/","og_locale":"en_US","og_type":"article","og_title":"Netsystem Site Map: Navigate Our Digital Expertise","og_description":"Easily explore Netsystem's comprehensive digital transformation services. Find the IT solutions and expertise you need with our site map.","og_url":"https:\/\/netsystem.fr\/en\/site-map-2\/","og_site_name":"Netsystem","article_modified_time":"2024-08-06T09:22:37+00:00","twitter_card":"summary_large_image","twitter_misc":{"Est. reading time":"1 minute"},"schema":{"@context":"https:\/\/schema.org","@graph":[{"@type":"WebPage","@id":"https:\/\/netsystem.fr\/en\/site-map-2\/","url":"https:\/\/netsystem.fr\/en\/site-map-2\/","name":"Netsystem Site Map: Navigate Our Digital Expertise","isPartOf":{"@id":"https:\/\/netsystem.fr\/en\/#website"},"datePublished":"2019-10-28T10:46:03+00:00","dateModified":"2024-08-06T09:22:37+00:00","description":"Easily explore Netsystem's comprehensive digital transformation services. Find the IT solutions and expertise you need with our site map.","breadcrumb":{"@id":"https:\/\/netsystem.fr\/en\/site-map-2\/#breadcrumb"},"inLanguage":"en-US","potentialAction":[{"@type":"ReadAction","target":["https:\/\/netsystem.fr\/en\/site-map-2\/"]}]},{"@type":"BreadcrumbList","@id":"https:\/\/netsystem.fr\/en\/site-map-2\/#breadcrumb","itemListElement":[{"@type":"ListItem","position":1,"name":"Home","item":"https:\/\/netsystem.fr\/en\/"},{"@type":"ListItem","position":2,"name":"Site Map"}]},{"@type":"WebSite","@id":"https:\/\/netsystem.fr\/en\/#website","url":"https:\/\/netsystem.fr\/en\/","name":"Netsystem","description":"Soci\u00e9t\u00e9 de conseil en Syst\u00e8mes d\u2019Informations et en transformation digitale.","publisher":{"@id":"https:\/\/netsystem.fr\/en\/#organization"},"potentialAction":[{"@type":"SearchAction","target":{"@type":"EntryPoint","urlTemplate":"https:\/\/netsystem.fr\/en\/?s={search_term_string}"},"query-input":{"@type":"PropertyValueSpecification","valueRequired":true,"valueName":"search_term_string"}}],"inLanguage":"en-US"},{"@type":"Organization","@id":"https:\/\/netsystem.fr\/en\/#organization","name":"Netsystem","url":"https:\/\/netsystem.fr\/en\/","logo":{"@type":"ImageObject","inLanguage":"en-US","@id":"https:\/\/netsystem.fr\/en\/#\/schema\/logo\/image\/","url":"https:\/\/netsystem.fr\/wp-content\/uploads\/2023\/11\/netsystem-logo-v3.png","contentUrl":"https:\/\/netsystem.fr\/wp-content\/uploads\/2023\/11\/netsystem-logo-v3.png","width":600,"height":186,"caption":"Netsystem"},"image":{"@id":"https:\/\/netsystem.fr\/en\/#\/schema\/logo\/image\/"}}]}},"_links":{"self":[{"href":"https:\/\/netsystem.fr\/en\/wp-json\/wp\/v2\/pages\/729","targetHints":{"allow":["GET"]}}],"collection":[{"href":"https:\/\/netsystem.fr\/en\/wp-json\/wp\/v2\/pages"}],"about":[{"href":"https:\/\/netsystem.fr\/en\/wp-json\/wp\/v2\/types\/page"}],"author":[{"embeddable":true,"href":"https:\/\/netsystem.fr\/en\/wp-json\/wp\/v2\/users\/1"}],"replies":[{"embeddable":true,"href":"https:\/\/netsystem.fr\/en\/wp-json\/wp\/v2\/comments?post=729"}],"version-history":[{"count":2,"href":"https:\/\/netsystem.fr\/en\/wp-json\/wp\/v2\/pages\/729\/revisions"}],"predecessor-version":[{"id":4218,"href":"https:\/\/netsystem.fr\/en\/wp-json\/wp\/v2\/pages\/729\/revisions\/4218"}],"wp:attachment":[{"href":"https:\/\/netsystem.fr\/en\/wp-json\/wp\/v2\/media?parent=729"}],"curies":[{"name":"wp","href":"https:\/\/api.w.org\/{rel}","templated":true}]}}