{"id":798,"date":"2019-10-08T12:25:08","date_gmt":"2019-10-08T10:25:08","guid":{"rendered":"https:\/\/netsystem.fr\/services-outscourcing-make-it-easy\/"},"modified":"2024-08-06T11:22:06","modified_gmt":"2024-08-06T09:22:06","slug":"services-outscourcing-make-it-easy","status":"publish","type":"page","link":"https:\/\/netsystem.fr\/en\/services-outscourcing-make-it-easy\/","title":{"rendered":"Services outscourcing &#8211; make IT easy"},"content":{"rendered":"","protected":false},"excerpt":{"rendered":"","protected":false},"author":1,"featured_media":799,"parent":0,"menu_order":0,"comment_status":"closed","ping_status":"open","template":"","meta":{"_acf_changed":false,"_monsterinsights_skip_tracking":false,"_monsterinsights_sitenote_active":false,"_monsterinsights_sitenote_note":"","_monsterinsights_sitenote_category":0,"footnotes":""},"class_list":["post-798","page","type-page","status-publish","has-post-thumbnail","hentry"],"acf":[],"yoast_head":"<!-- This site is optimized with the Yoast SEO plugin v27.3 - https:\/\/yoast.com\/product\/yoast-seo-wordpress\/ -->\n<title>Netsystem Outsourcing: Simplify Your IT Operations<\/title>\n<meta name=\"description\" content=\"Optimize your IT with Netsystem&#039;s outsourcing services. Expert solutions to streamline operations and drive digital transformation.\" \/>\n<meta name=\"robots\" content=\"index, follow, max-snippet:-1, max-image-preview:large, max-video-preview:-1\" \/>\n<link rel=\"canonical\" href=\"https:\/\/netsystem.fr\/en\/services-outscourcing-make-it-easy\/\" \/>\n<meta property=\"og:locale\" content=\"en_US\" \/>\n<meta property=\"og:type\" content=\"article\" \/>\n<meta property=\"og:title\" content=\"Netsystem Outsourcing: Simplify Your IT Operations\" \/>\n<meta property=\"og:description\" content=\"Optimize your IT with Netsystem&#039;s outsourcing services. Expert solutions to streamline operations and drive digital transformation.\" \/>\n<meta property=\"og:url\" content=\"https:\/\/netsystem.fr\/en\/services-outscourcing-make-it-easy\/\" \/>\n<meta property=\"og:site_name\" content=\"Netsystem\" \/>\n<meta property=\"article:modified_time\" content=\"2024-08-06T09:22:06+00:00\" \/>\n<meta property=\"og:image\" content=\"https:\/\/netsystem.fr\/wp-content\/uploads\/2023\/12\/dpo-1.png\" \/>\n\t<meta property=\"og:image:width\" content=\"126\" \/>\n\t<meta property=\"og:image:height\" content=\"82\" \/>\n\t<meta property=\"og:image:type\" content=\"image\/png\" \/>\n<meta name=\"twitter:card\" content=\"summary_large_image\" \/>\n<meta name=\"twitter:label1\" content=\"Est. reading time\" \/>\n\t<meta name=\"twitter:data1\" content=\"1 minute\" \/>\n<script type=\"application\/ld+json\" class=\"yoast-schema-graph\">{\"@context\":\"https:\\\/\\\/schema.org\",\"@graph\":[{\"@type\":\"WebPage\",\"@id\":\"https:\\\/\\\/netsystem.fr\\\/en\\\/services-outscourcing-make-it-easy\\\/\",\"url\":\"https:\\\/\\\/netsystem.fr\\\/en\\\/services-outscourcing-make-it-easy\\\/\",\"name\":\"Netsystem Outsourcing: Simplify Your IT Operations\",\"isPartOf\":{\"@id\":\"https:\\\/\\\/netsystem.fr\\\/en\\\/#website\"},\"primaryImageOfPage\":{\"@id\":\"https:\\\/\\\/netsystem.fr\\\/en\\\/services-outscourcing-make-it-easy\\\/#primaryimage\"},\"image\":{\"@id\":\"https:\\\/\\\/netsystem.fr\\\/en\\\/services-outscourcing-make-it-easy\\\/#primaryimage\"},\"thumbnailUrl\":\"https:\\\/\\\/netsystem.fr\\\/wp-content\\\/uploads\\\/2023\\\/12\\\/dpo-1.png\",\"datePublished\":\"2019-10-08T10:25:08+00:00\",\"dateModified\":\"2024-08-06T09:22:06+00:00\",\"description\":\"Optimize your IT with Netsystem's outsourcing services. Expert solutions to streamline operations and drive digital transformation.\",\"breadcrumb\":{\"@id\":\"https:\\\/\\\/netsystem.fr\\\/en\\\/services-outscourcing-make-it-easy\\\/#breadcrumb\"},\"inLanguage\":\"en-US\",\"potentialAction\":[{\"@type\":\"ReadAction\",\"target\":[\"https:\\\/\\\/netsystem.fr\\\/en\\\/services-outscourcing-make-it-easy\\\/\"]}]},{\"@type\":\"ImageObject\",\"inLanguage\":\"en-US\",\"@id\":\"https:\\\/\\\/netsystem.fr\\\/en\\\/services-outscourcing-make-it-easy\\\/#primaryimage\",\"url\":\"https:\\\/\\\/netsystem.fr\\\/wp-content\\\/uploads\\\/2023\\\/12\\\/dpo-1.png\",\"contentUrl\":\"https:\\\/\\\/netsystem.fr\\\/wp-content\\\/uploads\\\/2023\\\/12\\\/dpo-1.png\",\"width\":126,\"height\":82},{\"@type\":\"BreadcrumbList\",\"@id\":\"https:\\\/\\\/netsystem.fr\\\/en\\\/services-outscourcing-make-it-easy\\\/#breadcrumb\",\"itemListElement\":[{\"@type\":\"ListItem\",\"position\":1,\"name\":\"Home\",\"item\":\"https:\\\/\\\/netsystem.fr\\\/en\\\/\"},{\"@type\":\"ListItem\",\"position\":2,\"name\":\"Services outscourcing &#8211; make IT easy\"}]},{\"@type\":\"WebSite\",\"@id\":\"https:\\\/\\\/netsystem.fr\\\/en\\\/#website\",\"url\":\"https:\\\/\\\/netsystem.fr\\\/en\\\/\",\"name\":\"Netsystem\",\"description\":\"Soci\u00e9t\u00e9 de conseil en Syst\u00e8mes d\u2019Informations et en transformation digitale.\",\"publisher\":{\"@id\":\"https:\\\/\\\/netsystem.fr\\\/en\\\/#organization\"},\"potentialAction\":[{\"@type\":\"SearchAction\",\"target\":{\"@type\":\"EntryPoint\",\"urlTemplate\":\"https:\\\/\\\/netsystem.fr\\\/en\\\/?s={search_term_string}\"},\"query-input\":{\"@type\":\"PropertyValueSpecification\",\"valueRequired\":true,\"valueName\":\"search_term_string\"}}],\"inLanguage\":\"en-US\"},{\"@type\":\"Organization\",\"@id\":\"https:\\\/\\\/netsystem.fr\\\/en\\\/#organization\",\"name\":\"Netsystem\",\"url\":\"https:\\\/\\\/netsystem.fr\\\/en\\\/\",\"logo\":{\"@type\":\"ImageObject\",\"inLanguage\":\"en-US\",\"@id\":\"https:\\\/\\\/netsystem.fr\\\/en\\\/#\\\/schema\\\/logo\\\/image\\\/\",\"url\":\"https:\\\/\\\/netsystem.fr\\\/wp-content\\\/uploads\\\/2023\\\/11\\\/netsystem-logo-v3.png\",\"contentUrl\":\"https:\\\/\\\/netsystem.fr\\\/wp-content\\\/uploads\\\/2023\\\/11\\\/netsystem-logo-v3.png\",\"width\":600,\"height\":186,\"caption\":\"Netsystem\"},\"image\":{\"@id\":\"https:\\\/\\\/netsystem.fr\\\/en\\\/#\\\/schema\\\/logo\\\/image\\\/\"}}]}<\/script>\n<!-- \/ Yoast SEO plugin. -->","yoast_head_json":{"title":"Netsystem Outsourcing: Simplify Your IT Operations","description":"Optimize your IT with Netsystem's outsourcing services. Expert solutions to streamline operations and drive digital transformation.","robots":{"index":"index","follow":"follow","max-snippet":"max-snippet:-1","max-image-preview":"max-image-preview:large","max-video-preview":"max-video-preview:-1"},"canonical":"https:\/\/netsystem.fr\/en\/services-outscourcing-make-it-easy\/","og_locale":"en_US","og_type":"article","og_title":"Netsystem Outsourcing: Simplify Your IT Operations","og_description":"Optimize your IT with Netsystem's outsourcing services. Expert solutions to streamline operations and drive digital transformation.","og_url":"https:\/\/netsystem.fr\/en\/services-outscourcing-make-it-easy\/","og_site_name":"Netsystem","article_modified_time":"2024-08-06T09:22:06+00:00","og_image":[{"width":126,"height":82,"url":"https:\/\/netsystem.fr\/wp-content\/uploads\/2023\/12\/dpo-1.png","type":"image\/png"}],"twitter_card":"summary_large_image","twitter_misc":{"Est. reading time":"1 minute"},"schema":{"@context":"https:\/\/schema.org","@graph":[{"@type":"WebPage","@id":"https:\/\/netsystem.fr\/en\/services-outscourcing-make-it-easy\/","url":"https:\/\/netsystem.fr\/en\/services-outscourcing-make-it-easy\/","name":"Netsystem Outsourcing: Simplify Your IT Operations","isPartOf":{"@id":"https:\/\/netsystem.fr\/en\/#website"},"primaryImageOfPage":{"@id":"https:\/\/netsystem.fr\/en\/services-outscourcing-make-it-easy\/#primaryimage"},"image":{"@id":"https:\/\/netsystem.fr\/en\/services-outscourcing-make-it-easy\/#primaryimage"},"thumbnailUrl":"https:\/\/netsystem.fr\/wp-content\/uploads\/2023\/12\/dpo-1.png","datePublished":"2019-10-08T10:25:08+00:00","dateModified":"2024-08-06T09:22:06+00:00","description":"Optimize your IT with Netsystem's outsourcing services. Expert solutions to streamline operations and drive digital transformation.","breadcrumb":{"@id":"https:\/\/netsystem.fr\/en\/services-outscourcing-make-it-easy\/#breadcrumb"},"inLanguage":"en-US","potentialAction":[{"@type":"ReadAction","target":["https:\/\/netsystem.fr\/en\/services-outscourcing-make-it-easy\/"]}]},{"@type":"ImageObject","inLanguage":"en-US","@id":"https:\/\/netsystem.fr\/en\/services-outscourcing-make-it-easy\/#primaryimage","url":"https:\/\/netsystem.fr\/wp-content\/uploads\/2023\/12\/dpo-1.png","contentUrl":"https:\/\/netsystem.fr\/wp-content\/uploads\/2023\/12\/dpo-1.png","width":126,"height":82},{"@type":"BreadcrumbList","@id":"https:\/\/netsystem.fr\/en\/services-outscourcing-make-it-easy\/#breadcrumb","itemListElement":[{"@type":"ListItem","position":1,"name":"Home","item":"https:\/\/netsystem.fr\/en\/"},{"@type":"ListItem","position":2,"name":"Services outscourcing &#8211; make IT easy"}]},{"@type":"WebSite","@id":"https:\/\/netsystem.fr\/en\/#website","url":"https:\/\/netsystem.fr\/en\/","name":"Netsystem","description":"Soci\u00e9t\u00e9 de conseil en Syst\u00e8mes d\u2019Informations et en transformation digitale.","publisher":{"@id":"https:\/\/netsystem.fr\/en\/#organization"},"potentialAction":[{"@type":"SearchAction","target":{"@type":"EntryPoint","urlTemplate":"https:\/\/netsystem.fr\/en\/?s={search_term_string}"},"query-input":{"@type":"PropertyValueSpecification","valueRequired":true,"valueName":"search_term_string"}}],"inLanguage":"en-US"},{"@type":"Organization","@id":"https:\/\/netsystem.fr\/en\/#organization","name":"Netsystem","url":"https:\/\/netsystem.fr\/en\/","logo":{"@type":"ImageObject","inLanguage":"en-US","@id":"https:\/\/netsystem.fr\/en\/#\/schema\/logo\/image\/","url":"https:\/\/netsystem.fr\/wp-content\/uploads\/2023\/11\/netsystem-logo-v3.png","contentUrl":"https:\/\/netsystem.fr\/wp-content\/uploads\/2023\/11\/netsystem-logo-v3.png","width":600,"height":186,"caption":"Netsystem"},"image":{"@id":"https:\/\/netsystem.fr\/en\/#\/schema\/logo\/image\/"}}]}},"_links":{"self":[{"href":"https:\/\/netsystem.fr\/en\/wp-json\/wp\/v2\/pages\/798","targetHints":{"allow":["GET"]}}],"collection":[{"href":"https:\/\/netsystem.fr\/en\/wp-json\/wp\/v2\/pages"}],"about":[{"href":"https:\/\/netsystem.fr\/en\/wp-json\/wp\/v2\/types\/page"}],"author":[{"embeddable":true,"href":"https:\/\/netsystem.fr\/en\/wp-json\/wp\/v2\/users\/1"}],"replies":[{"embeddable":true,"href":"https:\/\/netsystem.fr\/en\/wp-json\/wp\/v2\/comments?post=798"}],"version-history":[{"count":1,"href":"https:\/\/netsystem.fr\/en\/wp-json\/wp\/v2\/pages\/798\/revisions"}],"predecessor-version":[{"id":6031,"href":"https:\/\/netsystem.fr\/en\/wp-json\/wp\/v2\/pages\/798\/revisions\/6031"}],"wp:featuredmedia":[{"embeddable":true,"href":"https:\/\/netsystem.fr\/en\/wp-json\/wp\/v2\/media\/799"}],"wp:attachment":[{"href":"https:\/\/netsystem.fr\/en\/wp-json\/wp\/v2\/media?parent=798"}],"curies":[{"name":"wp","href":"https:\/\/api.w.org\/{rel}","templated":true}]}}